{"id":157250,"date":"2026-02-24T17:58:46","date_gmt":"2026-02-24T17:58:46","guid":{"rendered":"https:\/\/modesthanim.com\/product\/onden-kirma-detayli-etek-siyah\/"},"modified":"2026-04-15T20:57:25","modified_gmt":"2026-04-15T20:57:25","slug":"onden-kirma-detayli-etek-siyah","status":"publish","type":"product","link":"https:\/\/mod.wisdar.net\/tr\/urun\/onden-kirma-detayli-etek-siyah\/","title":{"rendered":"\u00d6nden K\u0131rma Detayl\u0131 Etek \u2013 Siyah"},"content":{"rendered":"<p>\u0130ncelikle tasarlanm\u0131\u015f k\u0131rma vurgusuyla sade \u015f\u0131kl\u0131\u011f\u0131 zenginle\u015ftiren \u00d6nden K\u0131rma Detayl\u0131 Etek, sofistike ve dengeli kombinler i\u00e7in se\u00e7kin bir par\u00e7ad\u0131r.<br \/>\nKuma\u015f \u0130\u00e7eri\u011fi: %100 Polyester<br \/>\nDesen: D\u00fcz<br \/>\nBel Tipi: Y\u00fcksek Bel<br \/>\nEtek Tipi: Kalem Etek<br \/>\nCep: Cepsiz<br \/>\nAstar: Astarl\u0131<br \/>\n\u00dcr\u00fcn Boyu: 95 cm<br \/>\nKal\u0131p Tipi: Normal Kal\u0131p<br \/>\nManken \u00d6l\u00e7\u00fcleri:Boy: 175 cmG\u00f6\u011f\u00fcs: 85 cmBel: 60 cmBasen: 90 cm<br \/>\nMankenin Giydi\u011fi Beden: 38<\/p>\n","protected":false},"excerpt":{"rendered":"<p>\u0130ncelikle tasarlanm\u0131\u015f k\u0131rma vurgusuyla sade \u015f\u0131kl\u0131\u011f\u0131 zenginle\u015ftiren \u00d6nden K\u0131rma Detayl\u0131 Etek, sofistike ve dengeli kombinler i\u00e7in se\u00e7kin bir par\u00e7ad\u0131r. Kuma\u015f \u0130\u00e7eri\u011fi: %100 Polyester Desen: D\u00fcz Bel Tipi: Y\u00fcksek Bel Etek Tipi: Kalem Etek Cep: Cepsiz Astar: Astarl\u0131 \u00dcr\u00fcn Boyu: 95 cm Kal\u0131p Tipi: Normal Kal\u0131p Manken \u00d6l\u00e7\u00fcleri:Boy: 175 cmG\u00f6\u011f\u00fcs: 85 cmBel: 60 cmBasen: 90 cm [&hellip;]<\/p>\n","protected":false},"featured_media":157245,"comment_status":"open","ping_status":"closed","template":"","meta":[],"product_brand":[],"product_cat":[1969],"product_tag":[7600,7959,7622,7650,6906],"class_list":{"0":"post-157250","1":"product","2":"type-product","3":"status-publish","4":"has-post-thumbnail","6":"product_cat-etekler","7":"product_tag-pileli-etek","8":"product_tag-resmi-giyim","9":"product_tag-siyah-etek","10":"product_tag-yuksek-bel-3","11":"product_tag-zarif-moda","12":"pa_brand-tugba","13":"pa_color-siyah","14":"pa_size-4706","15":"pa_size-4711","16":"pa_size-4713","17":"pa_size-4751","18":"pa_size-4749","19":"pa_size-4747","21":"first","22":"instock","23":"sale","24":"shipping-taxable","25":"purchasable","26":"product-type-variable"},"_links":{"self":[{"href":"https:\/\/mod.wisdar.net\/tr\/wp-json\/wp\/v2\/product\/157250","targetHints":{"allow":["GET"]}}],"collection":[{"href":"https:\/\/mod.wisdar.net\/tr\/wp-json\/wp\/v2\/product"}],"about":[{"href":"https:\/\/mod.wisdar.net\/tr\/wp-json\/wp\/v2\/types\/product"}],"replies":[{"embeddable":true,"href":"https:\/\/mod.wisdar.net\/tr\/wp-json\/wp\/v2\/comments?post=157250"}],"wp:featuredmedia":[{"embeddable":true,"href":"https:\/\/mod.wisdar.net\/tr\/wp-json\/wp\/v2\/media\/157245"}],"wp:attachment":[{"href":"https:\/\/mod.wisdar.net\/tr\/wp-json\/wp\/v2\/media?parent=157250"}],"wp:term":[{"taxonomy":"product_brand","embeddable":true,"href":"https:\/\/mod.wisdar.net\/tr\/wp-json\/wp\/v2\/product_brand?post=157250"},{"taxonomy":"product_cat","embeddable":true,"href":"https:\/\/mod.wisdar.net\/tr\/wp-json\/wp\/v2\/product_cat?post=157250"},{"taxonomy":"product_tag","embeddable":true,"href":"https:\/\/mod.wisdar.net\/tr\/wp-json\/wp\/v2\/product_tag?post=157250"}],"curies":[{"name":"wp","href":"https:\/\/api.w.org\/{rel}","templated":true}]}}