{"id":157298,"date":"2026-02-24T18:00:52","date_gmt":"2026-02-24T18:00:52","guid":{"rendered":"https:\/\/modesthanim.com\/product\/kemer-detayli-elbise-siyah\/"},"modified":"2026-04-15T22:05:15","modified_gmt":"2026-04-15T22:05:15","slug":"kemer-detayli-elbise-siyah","status":"publish","type":"product","link":"https:\/\/mod.wisdar.net\/tr\/urun\/kemer-detayli-elbise-siyah\/","title":{"rendered":"Kemer Detayl\u0131 Elbise \u2013 Siyah"},"content":{"rendered":"<p>\u0130ncelikle tasarlanm\u0131\u015f kemer dokunu\u015fuyla feminen bir denge yaratan Kemer Detayl\u0131 Elbise, sofistike ve g\u00fc\u00e7l\u00fc bir stil vadeder.<br \/>\nKuma\u015f \u0130\u00e7eri\u011fi: %100 Polyester<br \/>\nDesen: D\u00fcz \u2013 \u00c7\u0131kar\u0131labilir Bro\u015f<br \/>\nYaka Tipi: S\u0131f\u0131r Yaka<br \/>\nKol Tipi: Uzun Kol<br \/>\nCep: Cepsiz<br \/>\nAstar: Astarl\u0131<br \/>\n\u00dcr\u00fcn Boyu: 140 cm<br \/>\nKal\u0131p Tipi: Normal Kal\u0131p<br \/>\nManken \u00d6l\u00e7\u00fcleri:Boy: 175 cmG\u00f6\u011f\u00fcs: 82 cmBel: 60 cmBasen: 90 cm<br \/>\nMankenin Giydi\u011fi Beden: 38<\/p>\n","protected":false},"excerpt":{"rendered":"<p>\u0130ncelikle tasarlanm\u0131\u015f kemer dokunu\u015fuyla feminen bir denge yaratan Kemer Detayl\u0131 Elbise, sofistike ve g\u00fc\u00e7l\u00fc bir stil vadeder. Kuma\u015f \u0130\u00e7eri\u011fi: %100 Polyester Desen: D\u00fcz \u2013 \u00c7\u0131kar\u0131labilir Bro\u015f Yaka Tipi: S\u0131f\u0131r Yaka Kol Tipi: Uzun Kol Cep: Cepsiz Astar: Astarl\u0131 \u00dcr\u00fcn Boyu: 140 cm Kal\u0131p Tipi: Normal Kal\u0131p Manken \u00d6l\u00e7\u00fcleri:Boy: 175 cmG\u00f6\u011f\u00fcs: 82 cmBel: 60 cmBasen: 90 [&hellip;]<\/p>\n","protected":false},"featured_media":157287,"comment_status":"open","ping_status":"closed","template":"","meta":[],"product_brand":[],"product_cat":[6249,1933],"product_tag":[8418,8420,6744,6937],"class_list":{"0":"post-157298","1":"product","2":"type-product","3":"status-publish","4":"has-post-thumbnail","6":"product_cat-elbiseler","7":"product_cat-gunluk-ve-gunduz-elbiseleri","8":"product_tag-abiye-elbise","9":"product_tag-gece-kiyafeti","10":"product_tag-kadin-modasi","11":"product_tag-siyah-elbise","12":"pa_brand-tugba","13":"pa_color-siyah","14":"pa_size-4706","15":"pa_size-4711","16":"pa_size-4713","17":"pa_size-4751","19":"first","20":"instock","21":"sale","22":"shipping-taxable","23":"purchasable","24":"product-type-variable"},"_links":{"self":[{"href":"https:\/\/mod.wisdar.net\/tr\/wp-json\/wp\/v2\/product\/157298","targetHints":{"allow":["GET"]}}],"collection":[{"href":"https:\/\/mod.wisdar.net\/tr\/wp-json\/wp\/v2\/product"}],"about":[{"href":"https:\/\/mod.wisdar.net\/tr\/wp-json\/wp\/v2\/types\/product"}],"replies":[{"embeddable":true,"href":"https:\/\/mod.wisdar.net\/tr\/wp-json\/wp\/v2\/comments?post=157298"}],"wp:featuredmedia":[{"embeddable":true,"href":"https:\/\/mod.wisdar.net\/tr\/wp-json\/wp\/v2\/media\/157287"}],"wp:attachment":[{"href":"https:\/\/mod.wisdar.net\/tr\/wp-json\/wp\/v2\/media?parent=157298"}],"wp:term":[{"taxonomy":"product_brand","embeddable":true,"href":"https:\/\/mod.wisdar.net\/tr\/wp-json\/wp\/v2\/product_brand?post=157298"},{"taxonomy":"product_cat","embeddable":true,"href":"https:\/\/mod.wisdar.net\/tr\/wp-json\/wp\/v2\/product_cat?post=157298"},{"taxonomy":"product_tag","embeddable":true,"href":"https:\/\/mod.wisdar.net\/tr\/wp-json\/wp\/v2\/product_tag?post=157298"}],"curies":[{"name":"wp","href":"https:\/\/api.w.org\/{rel}","templated":true}]}}