{"id":157497,"date":"2026-02-24T18:07:04","date_gmt":"2026-02-24T18:07:04","guid":{"rendered":"https:\/\/modesthanim.com\/product\/fleto-cepli-ceket-siyah\/"},"modified":"2026-02-24T18:34:38","modified_gmt":"2026-02-24T18:34:38","slug":"fleto-cepli-ceket-siyah","status":"publish","type":"product","link":"https:\/\/mod.wisdar.net\/tr\/urun\/fleto-cepli-ceket-siyah\/","title":{"rendered":"Fleto Cepli Ceket \u2013 Siyah"},"content":{"rendered":"<p>Net hatlar\u0131 ve fleto cep detay\u0131yla modern bir duru\u015f sergileyen bu ceket, zamans\u0131z tasar\u0131m\u0131yla g\u00fc\u00e7l\u00fc ve rafine bir stil sunar.<br \/>\nKuma\u015f \u0130\u00e7eri\u011fi: %100 Polyester<br \/>\nDesen: D\u00fcz<br \/>\nYaka Tipi: V Yaka<br \/>\nKol Tipi: Uzun Kol<br \/>\nCep: Fleto Cep<br \/>\nAstar: Astarl\u0131<br \/>\n\u00dcr\u00fcn Boyu: 70 cm<br \/>\nKal\u0131p Tipi: Normal Kal\u0131p<br \/>\nManken \u00d6l\u00e7\u00fcleri:Boy: 175 cmG\u00f6\u011f\u00fcs: 85 cmBel: 60 cmBasen: 90 cm<br \/>\nMankenin Giydi\u011fi Beden: 38<\/p>\n<p>\u2014 Technical Details \u2014<br \/>\nDesen: D\u00fcz<br \/>\nYaka Tipi: V Yaka<br \/>\nKol Tipi: Uzun Kol<br \/>\nCep: Fleto Cep<br \/>\nAstar: Astarl\u0131<br \/>\n\u00dcr\u00fcn Boyu: 70 cm<br \/>\nKal\u0131p Tipi: Normal Kal\u0131p<br \/>\nManken \u00d6l\u00e7\u00fcleri: Boy: 175 cm, G\u00f6\u011f\u00fcs: 85 cm, Bel: 60 cm, Basen: 90 cm<br \/>\nMankenin Giydi\u011fi Beden: 38<\/p>\n","protected":false},"excerpt":{"rendered":"<p>Net hatlar\u0131 ve fleto cep detay\u0131yla modern bir duru\u015f sergileyen bu ceket, zamans\u0131z tasar\u0131m\u0131yla g\u00fc\u00e7l\u00fc ve rafine bir stil sunar. Kuma\u015f \u0130\u00e7eri\u011fi: %100 Polyester Desen: D\u00fcz Yaka Tipi: V Yaka Kol Tipi: Uzun Kol Cep: Fleto Cep Astar: Astarl\u0131 \u00dcr\u00fcn Boyu: 70 cm Kal\u0131p Tipi: Normal Kal\u0131p Manken \u00d6l\u00e7\u00fcleri:Boy: 175 cmG\u00f6\u011f\u00fcs: 85 cmBel: 60 cmBasen: [&hellip;]<\/p>\n","protected":false},"featured_media":157490,"comment_status":"open","ping_status":"closed","template":"","meta":[],"product_brand":[],"product_cat":[2050,2044],"product_tag":[6845,7974,6768],"class_list":{"0":"post-157497","1":"product","2":"type-product","3":"status-publish","4":"has-post-thumbnail","6":"product_cat-blazer-ceketler","7":"product_cat-ceketler","8":"product_tag-modern-stil","9":"product_tag-siyah-ceket","10":"product_tag-uzun-kol","11":"pa_color-siyah","12":"pa_size-4706","13":"pa_size-4711","14":"pa_size-4713","15":"pa_size-4751","16":"pa_size-4749","17":"pa_size-4747","19":"first","20":"instock","21":"sale","22":"shipping-taxable","23":"purchasable","24":"product-type-variable"},"_links":{"self":[{"href":"https:\/\/mod.wisdar.net\/tr\/wp-json\/wp\/v2\/product\/157497","targetHints":{"allow":["GET"]}}],"collection":[{"href":"https:\/\/mod.wisdar.net\/tr\/wp-json\/wp\/v2\/product"}],"about":[{"href":"https:\/\/mod.wisdar.net\/tr\/wp-json\/wp\/v2\/types\/product"}],"replies":[{"embeddable":true,"href":"https:\/\/mod.wisdar.net\/tr\/wp-json\/wp\/v2\/comments?post=157497"}],"wp:featuredmedia":[{"embeddable":true,"href":"https:\/\/mod.wisdar.net\/tr\/wp-json\/wp\/v2\/media\/157490"}],"wp:attachment":[{"href":"https:\/\/mod.wisdar.net\/tr\/wp-json\/wp\/v2\/media?parent=157497"}],"wp:term":[{"taxonomy":"product_brand","embeddable":true,"href":"https:\/\/mod.wisdar.net\/tr\/wp-json\/wp\/v2\/product_brand?post=157497"},{"taxonomy":"product_cat","embeddable":true,"href":"https:\/\/mod.wisdar.net\/tr\/wp-json\/wp\/v2\/product_cat?post=157497"},{"taxonomy":"product_tag","embeddable":true,"href":"https:\/\/mod.wisdar.net\/tr\/wp-json\/wp\/v2\/product_tag?post=157497"}],"curies":[{"name":"wp","href":"https:\/\/api.w.org\/{rel}","templated":true}]}}