{"id":157545,"date":"2026-02-24T18:09:12","date_gmt":"2026-02-24T18:09:12","guid":{"rendered":"https:\/\/modesthanim.com\/product\/kollari-dugmeli-bluz-siyah\/"},"modified":"2026-04-15T22:08:52","modified_gmt":"2026-04-15T22:08:52","slug":"kollari-dugmeli-bluz-siyah","status":"publish","type":"product","link":"https:\/\/mod.wisdar.net\/tr\/urun\/kollari-dugmeli-bluz-siyah\/","title":{"rendered":"Kollar\u0131 D\u00fc\u011fmeli Bluz \u2013 Siyah"},"content":{"rendered":"<p>\u0130ncelikle tasarlanm\u0131\u015f d\u00fc\u011fme detaylar\u0131 ve ak\u0131c\u0131 formuyla \u00f6ne \u00e7\u0131kan Kollar\u0131 D\u00fc\u011fmeli Bluz, sofistike ve dengeli kombinler i\u00e7in ideal bir se\u00e7imdir.<br \/>\nKuma\u015f \u0130\u00e7eri\u011fi: %97 Polyester, %3 Span<br \/>\nDesen: Soyut Desen<br \/>\nYaka Tipi: Bant Yaka<br \/>\nKol Tipi: Reglan Kol<br \/>\nCep: Cepsiz<br \/>\nAstar: Astars\u0131z<br \/>\n\u00dcr\u00fcn Boyu: 55 cm<br \/>\nKal\u0131p Tipi: Normal Kal\u0131p<br \/>\nManken \u00d6l\u00e7\u00fcleri:Boy: 175 cmG\u00f6\u011f\u00fcs: 85 cmBel: 60 cmBasen: 90 cm<br \/>\nMankenin Giydi\u011fi Beden: 38<\/p>\n<p>\u2014 Technical Details \u2014<br \/>\nDesen: Soyut Desen<br \/>\nYaka Tipi: Bant Yaka<br \/>\nKol Tipi: Reglan Kol<br \/>\nCep: Cepsiz<br \/>\nAstar: Astars\u0131z<br \/>\n\u00dcr\u00fcn Boyu: 55 cm<br \/>\nKal\u0131p Tipi: Normal Kal\u0131p<br \/>\nManken \u00d6l\u00e7\u00fcleri: Boy: 175 cm, G\u00f6\u011f\u00fcs: 85 cm, Bel: 60 cm, Basen: 90 cm<br \/>\nMankenin Giydi\u011fi Beden: 38<\/p>\n","protected":false},"excerpt":{"rendered":"<p>\u0130ncelikle tasarlanm\u0131\u015f d\u00fc\u011fme detaylar\u0131 ve ak\u0131c\u0131 formuyla \u00f6ne \u00e7\u0131kan Kollar\u0131 D\u00fc\u011fmeli Bluz, sofistike ve dengeli kombinler i\u00e7in ideal bir se\u00e7imdir.<\/p>\n","protected":false},"featured_media":157537,"comment_status":"open","ping_status":"closed","template":"","meta":[],"product_brand":[],"product_cat":[1909],"product_tag":[7021,7074],"class_list":{"0":"post-157545","1":"product","2":"type-product","3":"status-publish","4":"has-post-thumbnail","6":"product_cat-bluzlar-ve-gomlekler","7":"product_tag-polyester","8":"product_tag-siyah","9":"pa_brand-tugba","10":"pa_color-siyah","11":"pa_size-4706","12":"pa_size-4711","13":"pa_size-4713","14":"pa_size-4751","15":"pa_size-4749","16":"pa_size-4747","18":"first","19":"instock","20":"sale","21":"shipping-taxable","22":"purchasable","23":"product-type-variable"},"_links":{"self":[{"href":"https:\/\/mod.wisdar.net\/tr\/wp-json\/wp\/v2\/product\/157545","targetHints":{"allow":["GET"]}}],"collection":[{"href":"https:\/\/mod.wisdar.net\/tr\/wp-json\/wp\/v2\/product"}],"about":[{"href":"https:\/\/mod.wisdar.net\/tr\/wp-json\/wp\/v2\/types\/product"}],"replies":[{"embeddable":true,"href":"https:\/\/mod.wisdar.net\/tr\/wp-json\/wp\/v2\/comments?post=157545"}],"wp:featuredmedia":[{"embeddable":true,"href":"https:\/\/mod.wisdar.net\/tr\/wp-json\/wp\/v2\/media\/157537"}],"wp:attachment":[{"href":"https:\/\/mod.wisdar.net\/tr\/wp-json\/wp\/v2\/media?parent=157545"}],"wp:term":[{"taxonomy":"product_brand","embeddable":true,"href":"https:\/\/mod.wisdar.net\/tr\/wp-json\/wp\/v2\/product_brand?post=157545"},{"taxonomy":"product_cat","embeddable":true,"href":"https:\/\/mod.wisdar.net\/tr\/wp-json\/wp\/v2\/product_cat?post=157545"},{"taxonomy":"product_tag","embeddable":true,"href":"https:\/\/mod.wisdar.net\/tr\/wp-json\/wp\/v2\/product_tag?post=157545"}],"curies":[{"name":"wp","href":"https:\/\/api.w.org\/{rel}","templated":true}]}}