{"id":157639,"date":"2026-02-24T18:12:02","date_gmt":"2026-02-24T18:12:02","guid":{"rendered":"https:\/\/modesthanim.com\/product\/yakadan-kirma-detayli-bluz-bej\/"},"modified":"2026-04-08T01:04:19","modified_gmt":"2026-04-08T01:04:19","slug":"yakadan-kirma-detayli-bluz-bej","status":"publish","type":"product","link":"https:\/\/mod.wisdar.net\/tr\/urun\/yakadan-kirma-detayli-bluz-bej\/","title":{"rendered":"Yakadan K\u0131rma Detayl\u0131 Bluz \u2013 Bej"},"content":{"rendered":"<p>Yakadaki k\u0131rma detay\u0131yla zarif bir hacim kazanan bu bluz, feminen dokunu\u015fu modern bir \u00e7izgiyle bulu\u015fturur.<br \/>\nKuma\u015f \u0130\u00e7eri\u011fi: %100 Polyester<br \/>\nDesen: D\u00fcz<br \/>\nYaka Tipi: S\u0131f\u0131r Yaka<br \/>\nKol Tipi: Uzun Kol<br \/>\nCep: Cepsiz<br \/>\nAstar: Astars\u0131z<br \/>\n\u00dcr\u00fcn Boyu: 53 cm<br \/>\nKal\u0131p Tipi: Normal Kal\u0131p<br \/>\nManken \u00d6l\u00e7\u00fcleri:<br \/>\nBoy: 175 cm<br \/>\nG\u00f6\u011f\u00fcs: 82 cm<br \/>\nBel: 60 cm<br \/>\nBasen: 90 cm<br \/>\nMankenin Giydi\u011fi Beden: 38<\/p>\n<p>\u2014 Technical Details \u2014<br \/>\ndesen: D\u00fcz<br \/>\nyaka_tipi: S\u0131f\u0131r Yaka<br \/>\nkol_tipi: Uzun Kol<br \/>\ncep: Cepsiz<br \/>\nastar: Astars\u0131z<br \/>\nurun_boyu: 53 cm<br \/>\nkalip_tipi: Normal Kal\u0131p<\/p>\n","protected":false},"excerpt":{"rendered":"<p>Yakadaki k\u0131rma detay\u0131yla zarif bir hacim kazanan bu bluz, feminen dokunu\u015fu modern bir \u00e7izgiyle bulu\u015fturur. Kuma\u015f \u0130\u00e7eri\u011fi: %100 Polyester Desen: D\u00fcz Yaka Tipi: S\u0131f\u0131r Yaka Kol Tipi: Uzun Kol Cep: Cepsiz Astar: Astars\u0131z \u00dcr\u00fcn Boyu: 53 cm Kal\u0131p Tipi: Normal Kal\u0131p Manken \u00d6l\u00e7\u00fcleri: Boy: 175 cm G\u00f6\u011f\u00fcs: 82 cm Bel: 60 cm Basen: 90 cm [&hellip;]<\/p>\n","protected":false},"featured_media":157628,"comment_status":"open","ping_status":"closed","template":"","meta":[],"product_brand":[],"product_cat":[1909],"product_tag":[6753,8110,6744,6768],"class_list":{"0":"post-157639","1":"product","2":"type-product","3":"status-publish","4":"has-post-thumbnail","6":"product_cat-bluzlar-ve-gomlekler","7":"product_tag-bej","8":"product_tag-bisiklet-yaka-2","9":"product_tag-kadin-modasi","10":"product_tag-uzun-kol","11":"pa_brand-tugba","12":"pa_color-bej","13":"pa_size-4706","14":"pa_size-4711","15":"pa_size-4713","16":"pa_size-4751","17":"pa_size-4749","18":"pa_size-4747","20":"first","21":"instock","22":"sale","23":"shipping-taxable","24":"purchasable","25":"product-type-variable"},"_links":{"self":[{"href":"https:\/\/mod.wisdar.net\/tr\/wp-json\/wp\/v2\/product\/157639","targetHints":{"allow":["GET"]}}],"collection":[{"href":"https:\/\/mod.wisdar.net\/tr\/wp-json\/wp\/v2\/product"}],"about":[{"href":"https:\/\/mod.wisdar.net\/tr\/wp-json\/wp\/v2\/types\/product"}],"replies":[{"embeddable":true,"href":"https:\/\/mod.wisdar.net\/tr\/wp-json\/wp\/v2\/comments?post=157639"}],"wp:featuredmedia":[{"embeddable":true,"href":"https:\/\/mod.wisdar.net\/tr\/wp-json\/wp\/v2\/media\/157628"}],"wp:attachment":[{"href":"https:\/\/mod.wisdar.net\/tr\/wp-json\/wp\/v2\/media?parent=157639"}],"wp:term":[{"taxonomy":"product_brand","embeddable":true,"href":"https:\/\/mod.wisdar.net\/tr\/wp-json\/wp\/v2\/product_brand?post=157639"},{"taxonomy":"product_cat","embeddable":true,"href":"https:\/\/mod.wisdar.net\/tr\/wp-json\/wp\/v2\/product_cat?post=157639"},{"taxonomy":"product_tag","embeddable":true,"href":"https:\/\/mod.wisdar.net\/tr\/wp-json\/wp\/v2\/product_tag?post=157639"}],"curies":[{"name":"wp","href":"https:\/\/api.w.org\/{rel}","templated":true}]}}