{"id":157724,"date":"2026-02-24T18:14:51","date_gmt":"2026-02-24T18:14:51","guid":{"rendered":"https:\/\/modesthanim.com\/product\/cepli-pens-detayli-pantolon-ekru\/"},"modified":"2026-04-15T22:11:00","modified_gmt":"2026-04-15T22:11:00","slug":"cepli-pens-detayli-pantolon-ekru","status":"publish","type":"product","link":"https:\/\/mod.wisdar.net\/tr\/urun\/cepli-pens-detayli-pantolon-ekru\/","title":{"rendered":"Cepli Pens Detayl\u0131 Pantolon \u2013 Ekru"},"content":{"rendered":"<p>Net hatlar\u0131 ve rafine kesimiyle \u00f6ne \u00e7\u0131kan Cepli Pens Detayl\u0131 Pantolon, sofistike ve profesyonel kombinler i\u00e7in se\u00e7kin bir tercihtir.<br \/>\nKuma\u015f \u0130\u00e7eri\u011fi: %75 Polyester, %18 Viskon, %7 Elastan<br \/>\nDesen: D\u00fcz<br \/>\nBel Tipi: Y\u00fcksel Bel<br \/>\nBel Formu: D\u00fc\u011fme Kapamal\u0131<br \/>\nPa\u00e7a Tipi: Bol Pa\u00e7a<br \/>\nCep: Yan Cep<br \/>\nAstar: Astars\u0131z<br \/>\n\u00dcr\u00fcn Boyu 98 cm<br \/>\nKal\u0131p Tipi: Normal Kal\u0131p<br \/>\nManken \u00d6l\u00e7\u00fcleri:Boy: 175 cmG\u00f6\u011f\u00fcs: 82 cmBel: 60 cmBasen: 90 cm<br \/>\nMankenin Giydi\u011fi Beden: 38<\/p>\n","protected":false},"excerpt":{"rendered":"<p>Net hatlar\u0131 ve rafine kesimiyle \u00f6ne \u00e7\u0131kan Cepli Pens Detayl\u0131 Pantolon, sofistike ve profesyonel kombinler i\u00e7in se\u00e7kin bir tercihtir. Kuma\u015f \u0130\u00e7eri\u011fi: %75 Polyester, %18 Viskon, %7 Elastan Desen: D\u00fcz Bel Tipi: Y\u00fcksel Bel Bel Formu: D\u00fc\u011fme Kapamal\u0131 Pa\u00e7a Tipi: Bol Pa\u00e7a Cep: Yan Cep Astar: Astars\u0131z \u00dcr\u00fcn Boyu 98 cm Kal\u0131p Tipi: Normal Kal\u0131p Manken [&hellip;]<\/p>\n","protected":false},"featured_media":157716,"comment_status":"open","ping_status":"closed","template":"","meta":[],"product_brand":[],"product_cat":[1882],"product_tag":[6829,8469],"class_list":{"0":"post-157724","1":"product","2":"type-product","3":"status-publish","4":"has-post-thumbnail","6":"product_cat-alt-giyim","7":"product_tag-pileli-pantolon","8":"product_tag-yuksek-bel-pantolon-2","9":"pa_brand-tugba","10":"pa_color-ekru","11":"pa_size-4706","12":"pa_size-4711","13":"pa_size-4713","14":"pa_size-4751","15":"pa_size-4749","16":"pa_size-4747","18":"first","19":"instock","20":"sale","21":"shipping-taxable","22":"purchasable","23":"product-type-variable"},"_links":{"self":[{"href":"https:\/\/mod.wisdar.net\/tr\/wp-json\/wp\/v2\/product\/157724","targetHints":{"allow":["GET"]}}],"collection":[{"href":"https:\/\/mod.wisdar.net\/tr\/wp-json\/wp\/v2\/product"}],"about":[{"href":"https:\/\/mod.wisdar.net\/tr\/wp-json\/wp\/v2\/types\/product"}],"replies":[{"embeddable":true,"href":"https:\/\/mod.wisdar.net\/tr\/wp-json\/wp\/v2\/comments?post=157724"}],"wp:featuredmedia":[{"embeddable":true,"href":"https:\/\/mod.wisdar.net\/tr\/wp-json\/wp\/v2\/media\/157716"}],"wp:attachment":[{"href":"https:\/\/mod.wisdar.net\/tr\/wp-json\/wp\/v2\/media?parent=157724"}],"wp:term":[{"taxonomy":"product_brand","embeddable":true,"href":"https:\/\/mod.wisdar.net\/tr\/wp-json\/wp\/v2\/product_brand?post=157724"},{"taxonomy":"product_cat","embeddable":true,"href":"https:\/\/mod.wisdar.net\/tr\/wp-json\/wp\/v2\/product_cat?post=157724"},{"taxonomy":"product_tag","embeddable":true,"href":"https:\/\/mod.wisdar.net\/tr\/wp-json\/wp\/v2\/product_tag?post=157724"}],"curies":[{"name":"wp","href":"https:\/\/api.w.org\/{rel}","templated":true}]}}