{"id":157764,"date":"2026-02-24T18:15:43","date_gmt":"2026-02-24T18:15:43","guid":{"rendered":"https:\/\/modesthanim.com\/product\/cepli-pens-detayli-pantolon-lacivert\/"},"modified":"2026-04-08T01:04:18","modified_gmt":"2026-04-08T01:04:18","slug":"cepli-pens-detayli-pantolon-lacivert","status":"publish","type":"product","link":"https:\/\/mod.wisdar.net\/tr\/urun\/cepli-pens-detayli-pantolon-lacivert\/","title":{"rendered":"Cepli Pens Detayl\u0131 Pantolon \u2013 Lacivert"},"content":{"rendered":"<p>Net hatlar\u0131 ve rafine kesimiyle \u00f6ne \u00e7\u0131kan Cepli Pens Detayl\u0131 Pantolon, sofistike ve profesyonel kombinler i\u00e7in se\u00e7kin bir tercihtir.<br \/>\nKuma\u015f \u0130\u00e7eri\u011fi: %75 Polyester, %18 Viskon, %7 Elastan<br \/>\nDesen: D\u00fcz<br \/>\nBel Tipi: Y\u00fcksel Bel<br \/>\nBel Formu: D\u00fc\u011fme Kapamal\u0131<br \/>\nPa\u00e7a Tipi: Bol Pa\u00e7a<br \/>\nCep: Yan Cep<br \/>\nAstar: Astars\u0131z<br \/>\n\u00dcr\u00fcn Boyu 98 cm<br \/>\nKal\u0131p Tipi: Normal Kal\u0131p<br \/>\nManken \u00d6l\u00e7\u00fcleri:Boy: 175 cmG\u00f6\u011f\u00fcs: 85 cmBel: 60 cmBasen: 90 cm<br \/>\nMankenin Giydi\u011fi Beden: 38<\/p>\n","protected":false},"excerpt":{"rendered":"<p>Net hatlar\u0131 ve rafine kesimiyle \u00f6ne \u00e7\u0131kan Cepli Pens Detayl\u0131 Pantolon, sofistike ve profesyonel kombinler i\u00e7in se\u00e7kin bir tercihtir. Kuma\u015f \u0130\u00e7eri\u011fi: %75 Polyester, %18 Viskon, %7 Elastan Desen: D\u00fcz Bel Tipi: Y\u00fcksel Bel Bel Formu: D\u00fc\u011fme Kapamal\u0131 Pa\u00e7a Tipi: Bol Pa\u00e7a Cep: Yan Cep Astar: Astars\u0131z \u00dcr\u00fcn Boyu 98 cm Kal\u0131p Tipi: Normal Kal\u0131p Manken [&hellip;]<\/p>\n","protected":false},"featured_media":157755,"comment_status":"open","ping_status":"closed","template":"","meta":[],"product_brand":[],"product_cat":[1882],"product_tag":[6842],"class_list":{"0":"post-157764","1":"product","2":"type-product","3":"status-publish","4":"has-post-thumbnail","6":"product_cat-alt-giyim","7":"product_tag-pileli-pantolon-2","8":"pa_brand-tugba","9":"pa_color-lacivert","10":"pa_size-4706","11":"pa_size-4711","12":"pa_size-4713","13":"pa_size-4751","14":"pa_size-4749","15":"pa_size-4747","17":"first","18":"instock","19":"sale","20":"shipping-taxable","21":"purchasable","22":"product-type-variable"},"_links":{"self":[{"href":"https:\/\/mod.wisdar.net\/tr\/wp-json\/wp\/v2\/product\/157764","targetHints":{"allow":["GET"]}}],"collection":[{"href":"https:\/\/mod.wisdar.net\/tr\/wp-json\/wp\/v2\/product"}],"about":[{"href":"https:\/\/mod.wisdar.net\/tr\/wp-json\/wp\/v2\/types\/product"}],"replies":[{"embeddable":true,"href":"https:\/\/mod.wisdar.net\/tr\/wp-json\/wp\/v2\/comments?post=157764"}],"wp:featuredmedia":[{"embeddable":true,"href":"https:\/\/mod.wisdar.net\/tr\/wp-json\/wp\/v2\/media\/157755"}],"wp:attachment":[{"href":"https:\/\/mod.wisdar.net\/tr\/wp-json\/wp\/v2\/media?parent=157764"}],"wp:term":[{"taxonomy":"product_brand","embeddable":true,"href":"https:\/\/mod.wisdar.net\/tr\/wp-json\/wp\/v2\/product_brand?post=157764"},{"taxonomy":"product_cat","embeddable":true,"href":"https:\/\/mod.wisdar.net\/tr\/wp-json\/wp\/v2\/product_cat?post=157764"},{"taxonomy":"product_tag","embeddable":true,"href":"https:\/\/mod.wisdar.net\/tr\/wp-json\/wp\/v2\/product_tag?post=157764"}],"curies":[{"name":"wp","href":"https:\/\/api.w.org\/{rel}","templated":true}]}}