{"id":157845,"date":"2026-02-24T18:18:52","date_gmt":"2026-02-24T18:18:52","guid":{"rendered":"https:\/\/modesthanim.com\/product\/bel-lastikli-havuc-pantolon-siyah\/"},"modified":"2026-04-01T00:56:21","modified_gmt":"2026-04-01T00:56:21","slug":"bel-lastikli-havuc-pantolon-siyah","status":"publish","type":"product","link":"https:\/\/mod.wisdar.net\/tr\/urun\/bel-lastikli-havuc-pantolon-siyah\/","title":{"rendered":"Bel Lastikli Havu\u00e7 Pantolon \u2013 Siyah"},"content":{"rendered":"<p>Bel lastikli havu\u00e7 pantolon, rahat kal\u0131b\u0131 ve daralan pa\u00e7a formuyla dengeli bir siluet sunar. Lastikli bel yap\u0131s\u0131 g\u00fcn boyu konfor sa\u011flarken, \u00fcst b\u00f6l\u00fcmdeki hafif bolluk ve bile\u011fe do\u011fru incelen kesim modern bir duru\u015f kazand\u0131r\u0131r.<br \/>\nKuma\u015f \u0130\u00e7eri\u011fi:<br \/>\nDesen: D\u00fcz<br \/>\nBel Tipi: Y\u00fcksel Bel<br \/>\nBel Formu: Kapamas\u0131z, Beli Lastikli<br \/>\nPa\u00e7a Tipi: Havu\u00e7<br \/>\nCep: Yan Cep<br \/>\nAstar: Astars\u0131z<br \/>\n\u00dcr\u00fcn Boyu 97,5 cm<br \/>\nKal\u0131p Tipi: Normal Kal\u0131p<br \/>\nManken \u00d6l\u00e7\u00fcleri:Boy: 175 cmG\u00f6\u011f\u00fcs: 82 cmBel: 60 cmBasen: 90 cm<br \/>\nMankenin Giydi\u011fi Beden: 38<\/p>\n","protected":false},"excerpt":{"rendered":"<p>Bel lastikli havu\u00e7 pantolon, rahat kal\u0131b\u0131 ve daralan pa\u00e7a formuyla dengeli bir siluet sunar. Lastikli bel yap\u0131s\u0131 g\u00fcn boyu konfor sa\u011flarken, \u00fcst b\u00f6l\u00fcmdeki hafif bolluk ve bile\u011fe do\u011fru incelen kesim modern bir duru\u015f kazand\u0131r\u0131r. Kuma\u015f \u0130\u00e7eri\u011fi: Desen: D\u00fcz Bel Tipi: Y\u00fcksel Bel Bel Formu: Kapamas\u0131z, Beli Lastikli Pa\u00e7a Tipi: Havu\u00e7 Cep: Yan Cep Astar: Astars\u0131z [&hellip;]<\/p>\n","protected":false},"featured_media":157840,"comment_status":"open","ping_status":"closed","template":"","meta":[],"product_brand":[],"product_cat":[1882],"product_tag":[7876,6765,7874,7725,7747,7650],"class_list":{"0":"post-157845","1":"product","2":"type-product","3":"status-publish","4":"has-post-thumbnail","6":"product_cat-alt-giyim","7":"product_tag-daralan-paca","8":"product_tag-lastikli-bel","9":"product_tag-moda-pantolonu","10":"product_tag-rahat-pantolon","11":"product_tag-siyah-pantolon","12":"product_tag-yuksek-bel-3","13":"pa_brand-tugba","14":"pa_color-siyah","15":"pa_size-4706","16":"pa_size-4711","17":"pa_size-4713","18":"pa_size-4751","19":"pa_size-4749","20":"pa_size-4747","21":"pa_size-4746","22":"pa_size-4744","24":"first","25":"instock","26":"sale","27":"shipping-taxable","28":"purchasable","29":"product-type-variable"},"_links":{"self":[{"href":"https:\/\/mod.wisdar.net\/tr\/wp-json\/wp\/v2\/product\/157845","targetHints":{"allow":["GET"]}}],"collection":[{"href":"https:\/\/mod.wisdar.net\/tr\/wp-json\/wp\/v2\/product"}],"about":[{"href":"https:\/\/mod.wisdar.net\/tr\/wp-json\/wp\/v2\/types\/product"}],"replies":[{"embeddable":true,"href":"https:\/\/mod.wisdar.net\/tr\/wp-json\/wp\/v2\/comments?post=157845"}],"wp:featuredmedia":[{"embeddable":true,"href":"https:\/\/mod.wisdar.net\/tr\/wp-json\/wp\/v2\/media\/157840"}],"wp:attachment":[{"href":"https:\/\/mod.wisdar.net\/tr\/wp-json\/wp\/v2\/media?parent=157845"}],"wp:term":[{"taxonomy":"product_brand","embeddable":true,"href":"https:\/\/mod.wisdar.net\/tr\/wp-json\/wp\/v2\/product_brand?post=157845"},{"taxonomy":"product_cat","embeddable":true,"href":"https:\/\/mod.wisdar.net\/tr\/wp-json\/wp\/v2\/product_cat?post=157845"},{"taxonomy":"product_tag","embeddable":true,"href":"https:\/\/mod.wisdar.net\/tr\/wp-json\/wp\/v2\/product_tag?post=157845"}],"curies":[{"name":"wp","href":"https:\/\/api.w.org\/{rel}","templated":true}]}}