{"id":157910,"date":"2026-02-24T18:50:49","date_gmt":"2026-02-24T18:50:49","guid":{"rendered":"https:\/\/modesthanim.com\/product\/uzun-kollu-dugmeli-cepli-kemerli-kruvaze-gabardin-trenckot\/"},"modified":"2026-04-14T14:32:22","modified_gmt":"2026-04-14T14:32:22","slug":"uzun-kollu-dugmeli-cepli-kemerli-kruvaze-gabardin-trenckot","status":"publish","type":"product","link":"https:\/\/mod.wisdar.net\/tr\/urun\/uzun-kollu-dugmeli-cepli-kemerli-kruvaze-gabardin-trenckot\/","title":{"rendered":"Uzun Kollu D\u00fc\u011fmeli Cepli Kemerli Kruvaze Gabardin Tren\u00e7kot"},"content":{"rendered":"<p>Tren\u00e7kot, zamans\u0131z ve klasik bir tarz yaratarak favoriler aras\u0131nda yer al\u0131yor. Uzun kesimi ve kruvaze tasar\u0131m\u0131 ile dikkat \u00e7eken tren\u00e7kot, belindeki kemer detay\u0131 sayesinde v\u00fccut hatlar\u0131n\u0131z\u0131 zarif bir \u015fekilde ortaya \u00e7\u0131kar\u0131yor. Gabardin kuma\u015f\u0131 tasar\u0131ma hem dayan\u0131kl\u0131l\u0131k kat\u0131yor hem de rahat bir kullan\u0131m sunuyor. \u00c7ift cep detay\u0131 ile pratiklik kazanan tren\u00e7kot, her gard\u0131robun vazge\u00e7ilmez par\u00e7alar\u0131 aras\u0131nda yer alacak.<\/p>\n<p>Stil \u00d6nerisi<br \/>\nTren\u00e7kotu, ince bir kazak ve \u0130spanyol pa\u00e7a bir pantolon ile kombinleyerek \u015fehirde \u015f\u0131kl\u0131\u011f\u0131n\u0131z\u0131 konu\u015fturabilirsiniz. Topuklu ayakkab\u0131lar ve deri bir \u00e7anta ile tamamlad\u0131\u011f\u0131n\u0131zda ofis i\u00e7in de sofistike bir g\u00f6r\u00fcn\u00fcm elde edebilirsiniz. Ak\u015famlar\u0131 ise zarif bir \u015fal ve stiletto ayakkab\u0131larla stilinizi daha da \u00f6n plana \u00e7\u0131karabilirsiniz.<\/p>\n<p>\u00dcr\u00fcn \u00d6zellikleri<br \/>\nKol Tipi: Uzun Kol<br \/>\nYaka Tipi: Kruvaze<br \/>\nDetay: Kemerli, \u00c7ift Cepli<br \/>\nFit: Regular<br \/>\nAstar: %100 Polyester<br \/>\nKullan\u0131m Alan\u0131: G\u00fcnl\u00fck Giyim, Ofis Giyim<\/p>\n<p>Gard\u0131robunuza \u015fimdi zamans\u0131z bir tasar\u0131m ekleyin! Koton kad\u0131n giyim koleksiyonunu \u015fimdi deneyin!<\/p>\n<p>\u2014 Technical Details \u2014<br \/>\nKuma\u015f: %100 POL\u0130ESTER<br \/>\nKol Boyu: Uzun Kol<br \/>\nKol Tipi: D\u00fc\u015f\u00fck Omuz<br \/>\nYaka Tipi: Kruvaze yaka<br \/>\nAstar: %100 POL\u0130ESTER<br \/>\nSil\u00fcet: Kruvaze<br \/>\n\u00dcr\u00fcn Tipi \/ Stil: Kruvaze<br \/>\n\u00dcr\u00fcn\u00fcn Alt Markas\u0131: City fashion<\/p>\n","protected":false},"excerpt":{"rendered":"<p>Tren\u00e7kot, zamans\u0131z ve klasik bir tarz yaratarak favoriler aras\u0131nda yer al\u0131yor. Uzun kesimi ve kruvaze tasar\u0131m\u0131 ile dikkat \u00e7eken tren\u00e7kot, belindeki kemer detay\u0131 sayesinde v\u00fccut hatlar\u0131n\u0131z\u0131 zarif bir \u015fekilde ortaya \u00e7\u0131kar\u0131yor. Gabardin kuma\u015f\u0131 tasar\u0131ma hem dayan\u0131kl\u0131l\u0131k kat\u0131yor hem de rahat bir kullan\u0131m sunuyor. \u00c7ift cep detay\u0131 ile pratiklik kazanan tren\u00e7kot, her gard\u0131robun vazge\u00e7ilmez par\u00e7alar\u0131 aras\u0131nda [&hellip;]<\/p>\n","protected":false},"featured_media":157902,"comment_status":"open","ping_status":"closed","template":"","meta":[],"product_brand":[],"product_cat":[2047],"product_tag":[7703,7426,7960,6754,6776],"class_list":{"0":"post-157910","1":"product","2":"type-product","3":"status-publish","4":"has-post-thumbnail","6":"product_cat-paltolar","7":"product_tag-gabardin-kaban","8":"product_tag-gunluk-giyim-3","9":"product_tag-kadin-dis-giyim","10":"product_tag-ofis-kiyafeti","11":"product_tag-trenckot","12":"pa_brand-koton","13":"pa_color-siyah","14":"pa_size-4698","15":"pa_size-4701","16":"pa_size-4706","17":"pa_size-4711","18":"pa_size-4713","19":"pa_size-4751","21":"first","22":"instock","23":"sale","24":"shipping-taxable","25":"purchasable","26":"product-type-variable"},"_links":{"self":[{"href":"https:\/\/mod.wisdar.net\/tr\/wp-json\/wp\/v2\/product\/157910","targetHints":{"allow":["GET"]}}],"collection":[{"href":"https:\/\/mod.wisdar.net\/tr\/wp-json\/wp\/v2\/product"}],"about":[{"href":"https:\/\/mod.wisdar.net\/tr\/wp-json\/wp\/v2\/types\/product"}],"replies":[{"embeddable":true,"href":"https:\/\/mod.wisdar.net\/tr\/wp-json\/wp\/v2\/comments?post=157910"}],"wp:featuredmedia":[{"embeddable":true,"href":"https:\/\/mod.wisdar.net\/tr\/wp-json\/wp\/v2\/media\/157902"}],"wp:attachment":[{"href":"https:\/\/mod.wisdar.net\/tr\/wp-json\/wp\/v2\/media?parent=157910"}],"wp:term":[{"taxonomy":"product_brand","embeddable":true,"href":"https:\/\/mod.wisdar.net\/tr\/wp-json\/wp\/v2\/product_brand?post=157910"},{"taxonomy":"product_cat","embeddable":true,"href":"https:\/\/mod.wisdar.net\/tr\/wp-json\/wp\/v2\/product_cat?post=157910"},{"taxonomy":"product_tag","embeddable":true,"href":"https:\/\/mod.wisdar.net\/tr\/wp-json\/wp\/v2\/product_tag?post=157910"}],"curies":[{"name":"wp","href":"https:\/\/api.w.org\/{rel}","templated":true}]}}