{"id":157911,"date":"2026-02-24T18:50:50","date_gmt":"2026-02-24T18:50:50","guid":{"rendered":"https:\/\/modesthanim.com\/product\/uzun-kollu-dugmeli-cepli-kruvaze-kemerli-gabardin-trenckot\/"},"modified":"2026-04-15T21:56:11","modified_gmt":"2026-04-15T21:56:11","slug":"uzun-kollu-dugmeli-cepli-kruvaze-kemerli-gabardin-trenckot","status":"publish","type":"product","link":"https:\/\/mod.wisdar.net\/tr\/urun\/uzun-kollu-dugmeli-cepli-kruvaze-kemerli-gabardin-trenckot\/","title":{"rendered":"Uzun Kollu D\u00fc\u011fmeli Cepli Kruvaze Kemerli Gabardin Tren\u00e7kot"},"content":{"rendered":"<p>Tren\u00e7kot, zarif ve modern tasar\u0131m\u0131yla \u015f\u0131kl\u0131\u011f\u0131 garanti ediyor. Uzun boyu sayesinde so\u011fuk havalarda ekstra koruma sa\u011flarken kruvaze kapama detay\u0131yla stil sahibi bir g\u00f6r\u00fcn\u00fcm sunuyor. Kemerli tasar\u0131m\u0131 sayesinde belinizi zarif bir \u015fekilde sararak feminen bir sil\u00fcet olu\u015fturuyor. D\u00fc\u011fmeli kol detay\u0131 ve sa\u011flam diki\u015fleri d\u0131\u015f giyimde dikkat \u00e7ekici bir hava kat\u0131yor. Gabardin kuma\u015f\u0131yla dayan\u0131kl\u0131l\u0131k ve konforu bir arada sunan tren\u00e7kot, \u015fehir ya\u015fam\u0131nda ve seyahatlerde vazge\u00e7ilmez bir par\u00e7a oluyor.<\/p>\n<p>Stil \u00d6nerisi<\/p>\n<p>Tren\u00e7kot, klasik bir beyaz g\u00f6mlek ve jean ile muhte\u015fem bir uyum sa\u011fl\u0131yor. G\u00fcnl\u00fck programlarda casual bir tarz elde etmek isterseniz; alt\u0131na spor ayakkab\u0131lar ve \u00e7apraz ask\u0131l\u0131 bir \u00e7antayla kombinleyebilirsiniz. M\u00fckemmel bir g\u00f6r\u00fcn\u00fcm i\u00e7in ince alt\u0131n aksesuarlarla tarz\u0131n\u0131za zarif bir dokunu\u015f ekleyebilirsiniz.<\/p>\n<p>\u00dcr\u00fcn \u00d6zellikleri<\/p>\n<p>Kol Tipi: Uzun Kol<br \/>\nDetay: Kemerli, D\u00fc\u011fmeli<br \/>\nFit: Regular Fit<br \/>\nKuma\u015f: %36 Viskoz, %2 Elastan, %62 Polyester<br \/>\nKullan\u0131m Alan\u0131: G\u00fcnl\u00fck Giyim, Ofis Giyim, \u00d6zel G\u00fcnler<\/p>\n<p>Koton tren\u00e7kot koleksiyonu ile stilinize zamans\u0131z bir dokunu\u015f katmaya haz\u0131r olun! \u015eimdi \u015f\u0131kl\u0131\u011f\u0131n ve konforun keyfine var\u0131n!<\/p>\n","protected":false},"excerpt":{"rendered":"<p>Tren\u00e7kot, zarif ve modern tasar\u0131m\u0131yla \u015f\u0131kl\u0131\u011f\u0131 garanti ediyor. Uzun boyu sayesinde so\u011fuk havalarda ekstra koruma sa\u011flarken kruvaze kapama detay\u0131yla stil sahibi bir g\u00f6r\u00fcn\u00fcm sunuyor. Kemerli tasar\u0131m\u0131 sayesinde belinizi zarif bir \u015fekilde sararak feminen bir sil\u00fcet olu\u015fturuyor. D\u00fc\u011fmeli kol detay\u0131 ve sa\u011flam diki\u015fleri d\u0131\u015f giyimde dikkat \u00e7ekici bir hava kat\u0131yor. Gabardin kuma\u015f\u0131yla dayan\u0131kl\u0131l\u0131k ve konforu bir [&hellip;]<\/p>\n","protected":false},"featured_media":157903,"comment_status":"open","ping_status":"closed","template":"","meta":[],"product_brand":[],"product_cat":[2047],"product_tag":[5010,6744,7668,4999,8107,6776,6768],"class_list":{"0":"post-157911","1":"product","2":"type-product","3":"status-publish","4":"has-post-thumbnail","6":"product_cat-paltolar","7":"product_tag-coat","8":"product_tag-kadin-modasi","9":"product_tag-kemerli","10":"product_tag-outerwear","11":"product_tag-sik","12":"product_tag-trenckot","13":"product_tag-uzun-kol","14":"pa_brand-koton","15":"pa_color-siyah","16":"pa_size-4698","17":"pa_size-4701","18":"pa_size-4706","19":"pa_size-4711","20":"pa_size-4713","21":"pa_size-4751","23":"first","24":"outofstock","25":"shipping-taxable","26":"product-type-variable"},"_links":{"self":[{"href":"https:\/\/mod.wisdar.net\/tr\/wp-json\/wp\/v2\/product\/157911","targetHints":{"allow":["GET"]}}],"collection":[{"href":"https:\/\/mod.wisdar.net\/tr\/wp-json\/wp\/v2\/product"}],"about":[{"href":"https:\/\/mod.wisdar.net\/tr\/wp-json\/wp\/v2\/types\/product"}],"replies":[{"embeddable":true,"href":"https:\/\/mod.wisdar.net\/tr\/wp-json\/wp\/v2\/comments?post=157911"}],"wp:featuredmedia":[{"embeddable":true,"href":"https:\/\/mod.wisdar.net\/tr\/wp-json\/wp\/v2\/media\/157903"}],"wp:attachment":[{"href":"https:\/\/mod.wisdar.net\/tr\/wp-json\/wp\/v2\/media?parent=157911"}],"wp:term":[{"taxonomy":"product_brand","embeddable":true,"href":"https:\/\/mod.wisdar.net\/tr\/wp-json\/wp\/v2\/product_brand?post=157911"},{"taxonomy":"product_cat","embeddable":true,"href":"https:\/\/mod.wisdar.net\/tr\/wp-json\/wp\/v2\/product_cat?post=157911"},{"taxonomy":"product_tag","embeddable":true,"href":"https:\/\/mod.wisdar.net\/tr\/wp-json\/wp\/v2\/product_tag?post=157911"}],"curies":[{"name":"wp","href":"https:\/\/api.w.org\/{rel}","templated":true}]}}