{"id":157993,"date":"2026-02-24T18:53:17","date_gmt":"2026-02-24T18:53:17","guid":{"rendered":"https:\/\/modesthanim.com\/product\/uzun-kollu-cepli-kemerli-dugmeli-kruvaze-gabardin-oversize-trenckot\/"},"modified":"2026-03-31T18:09:00","modified_gmt":"2026-03-31T18:09:00","slug":"uzun-kollu-cepli-kemerli-dugmeli-kruvaze-gabardin-oversize-trenckot","status":"publish","type":"product","link":"https:\/\/mod.wisdar.net\/tr\/urun\/uzun-kollu-cepli-kemerli-dugmeli-kruvaze-gabardin-oversize-trenckot\/","title":{"rendered":"Uzun Kollu Cepli Kemerli D\u00fc\u011fmeli Kruvaze Gabardin Oversize Tren\u00e7kot"},"content":{"rendered":"<p>Tren\u00e7kot, klasik kruvaze sil\u00fceti ve oversize kesimi ile favoriler aras\u0131nda yer al\u0131yor. Uzun kol yap\u0131s\u0131 rahat bir kullan\u0131m sa\u011flarken gabardin kuma\u015f\u0131 ile hem dayan\u0131kl\u0131l\u0131\u011f\u0131 hem de \u015f\u0131kl\u0131\u011f\u0131 bir arada sunuyor. \u00c7ift cep detay\u0131 ve beli \u00f6ne \u00e7\u0131karan kemeri ile i\u015flevsellik ve stil bir araya geliyor. Tren\u00e7kotu hem g\u00fcnl\u00fck giyim hem de \u00f6zel g\u00fcnlerde kolayca kombinleyerek gard\u0131robunuzu zenginle\u015ftirebilirsiniz. Stil \u00d6nerisi Gabardin tren\u00e7kot, basic ti\u015f\u00f6rtler ve jeanlerle kombinlenerek g\u00fcnl\u00fck \u015f\u0131kl\u0131\u011f\u0131n\u0131z\u0131 tamaml\u0131yor. Makosen ayakkab\u0131lar ve \u00e7apraz ask\u0131l\u0131 bir \u00e7anta ile kombininizi tamamlayarak ofis stilinizi g\u00fc\u00e7lendirebilirsiniz. Ya\u011fmurlu havalarda ise \u015f\u0131k bir \u015femsiye ve uzun \u00e7izmelerle sofistike bir g\u00f6r\u00fcn\u00fcm elde edebilirsiniz. \u00dcr\u00fcn \u00d6zellikleri Kol Tipi: Uzun Kol Fit: Oversize Sil\u00fcet: Kruvaze Detay: Kemerli Kuma\u015f: %100 Pamuk Kullan\u0131m Alan\u0131: G\u00fcnl\u00fck Giyim, Ofis Giyim, \u00d6zel G\u00fcnler Koton tren\u00e7kot koleksiyonu ile tarz\u0131n\u0131z\u0131 trend bir dokunu\u015fla tamamlay\u0131n. Hem g\u00fcnl\u00fck kullan\u0131mda hem de \u00f6zel g\u00fcnlerde \u00f6ne \u00e7\u0131kacak bu tasar\u0131m\u0131 \u015fimdi deneyin!<\/p>\n<p>\u2014 Technical Details \u2014<br \/>\nKuma\u015f: %100 PAMUK<br \/>\nKol Boyu: Uzun Kol<br \/>\nKol Tipi: Balon Kol<br \/>\nYaka Tipi: Kruvaze yaka<br \/>\nAstar: %100 POL\u0130ESTER<br \/>\nSil\u00fcet: Kruvaze<br \/>\n\u00dcr\u00fcn Tipi \/ Stil: Kruvaze<br \/>\n\u00dcr\u00fcn\u00fcn Alt Markas\u0131: City fashion<br \/>\nSat\u0131c\u0131\/\u0130malat\u00e7\u0131\/\u0130thalat\u00e7\u0131 \u0130smi: Koton Ma\u011fazac\u0131l\u0131k Tekstil Sanayi ve Ticaret A.\u015e.<br \/>\nPosta Adresi: Ayaza\u011fa Mah. Maslak Ayaza\u011fa Cad. No:3 \u0130\u00e7 Kap\u0131 No:5 Sar\u0131yer\/\u0130stanbul<br \/>\nE-Posta Adresi: mim@koton.com<\/p>\n","protected":false},"excerpt":{"rendered":"<p>Tren\u00e7kot, klasik kruvaze sil\u00fceti ve oversize kesimi ile favoriler aras\u0131nda yer al\u0131yor. Uzun kol yap\u0131s\u0131 rahat bir kullan\u0131m sa\u011flarken gabardin kuma\u015f\u0131 ile hem dayan\u0131kl\u0131l\u0131\u011f\u0131 hem de \u015f\u0131kl\u0131\u011f\u0131 bir arada sunuyor. \u00c7ift cep detay\u0131 ve beli \u00f6ne \u00e7\u0131karan kemeri ile i\u015flevsellik ve stil bir araya geliyor. Tren\u00e7kotu hem g\u00fcnl\u00fck giyim hem de \u00f6zel g\u00fcnlerde kolayca kombinleyerek [&hellip;]<\/p>\n","protected":false},"featured_media":157984,"comment_status":"open","ping_status":"closed","template":"","meta":[],"product_brand":[],"product_cat":[2047],"product_tag":[5010,7668,4999,7423,7488,6776,6768],"class_list":{"0":"post-157993","1":"product","2":"type-product","3":"status-publish","4":"has-post-thumbnail","6":"product_cat-paltolar","7":"product_tag-coat","8":"product_tag-kemerli","9":"product_tag-outerwear","10":"product_tag-oversize-2","11":"product_tag-pamuk","12":"product_tag-trenckot","13":"product_tag-uzun-kol","14":"pa_brand-koton","15":"pa_color-haki","16":"pa_size-4698","17":"pa_size-4701","18":"pa_size-4706","19":"pa_size-4711","20":"pa_size-4713","21":"pa_size-4751","23":"first","24":"outofstock","25":"shipping-taxable","26":"product-type-variable"},"_links":{"self":[{"href":"https:\/\/mod.wisdar.net\/tr\/wp-json\/wp\/v2\/product\/157993","targetHints":{"allow":["GET"]}}],"collection":[{"href":"https:\/\/mod.wisdar.net\/tr\/wp-json\/wp\/v2\/product"}],"about":[{"href":"https:\/\/mod.wisdar.net\/tr\/wp-json\/wp\/v2\/types\/product"}],"replies":[{"embeddable":true,"href":"https:\/\/mod.wisdar.net\/tr\/wp-json\/wp\/v2\/comments?post=157993"}],"wp:featuredmedia":[{"embeddable":true,"href":"https:\/\/mod.wisdar.net\/tr\/wp-json\/wp\/v2\/media\/157984"}],"wp:attachment":[{"href":"https:\/\/mod.wisdar.net\/tr\/wp-json\/wp\/v2\/media?parent=157993"}],"wp:term":[{"taxonomy":"product_brand","embeddable":true,"href":"https:\/\/mod.wisdar.net\/tr\/wp-json\/wp\/v2\/product_brand?post=157993"},{"taxonomy":"product_cat","embeddable":true,"href":"https:\/\/mod.wisdar.net\/tr\/wp-json\/wp\/v2\/product_cat?post=157993"},{"taxonomy":"product_tag","embeddable":true,"href":"https:\/\/mod.wisdar.net\/tr\/wp-json\/wp\/v2\/product_tag?post=157993"}],"curies":[{"name":"wp","href":"https:\/\/api.w.org\/{rel}","templated":true}]}}