{"id":158158,"date":"2026-02-27T19:35:51","date_gmt":"2026-02-27T19:35:51","guid":{"rendered":"https:\/\/modesthanim.com\/product\/brode-detay-pamuklu-elbise-visne\/"},"modified":"2026-04-14T08:11:51","modified_gmt":"2026-04-14T08:11:51","slug":"brode-detay-pamuklu-elbise-visne","status":"publish","type":"product","link":"https:\/\/mod.wisdar.net\/tr\/urun\/brode-detay-pamuklu-elbise-visne\/","title":{"rendered":"Brode Detay Pamuklu Elbise \u2013 Vi\u015fne"},"content":{"rendered":"<p>KUMA\u015e: %100 PAMUK VUALDEN \u00dcRET\u0130LM\u0130\u015eT\u0130R.<\/p>\n","protected":false},"excerpt":{"rendered":"<p>KUMA\u015e: %100 PAMUK VUALDEN \u00dcRET\u0130LM\u0130\u015eT\u0130R.<\/p>\n","protected":false},"featured_media":158153,"comment_status":"open","ping_status":"closed","template":"","meta":[],"product_brand":[],"product_cat":[8718,8715,8694],"product_tag":[6877],"class_list":{"0":"post-158158","1":"product","2":"type-product","3":"status-publish","4":"has-post-thumbnail","6":"product_cat-elbiseler-etekler","7":"product_cat-kiz-cocuklari-2-14-yas","8":"product_cat-cocuklar","9":"product_tag-yaz-elbisesi","10":"pa_brand-ahelkids","11":"pa_color-visne","12":"pa_size-1-2yas","13":"pa_size-2-3yas","14":"pa_size-3-4yas","15":"pa_size-4-5yas","16":"pa_size-5-6yas","17":"pa_size-6-7yas","19":"first","20":"instock","21":"sale","22":"shipping-taxable","23":"purchasable","24":"product-type-variable"},"_links":{"self":[{"href":"https:\/\/mod.wisdar.net\/tr\/wp-json\/wp\/v2\/product\/158158","targetHints":{"allow":["GET"]}}],"collection":[{"href":"https:\/\/mod.wisdar.net\/tr\/wp-json\/wp\/v2\/product"}],"about":[{"href":"https:\/\/mod.wisdar.net\/tr\/wp-json\/wp\/v2\/types\/product"}],"replies":[{"embeddable":true,"href":"https:\/\/mod.wisdar.net\/tr\/wp-json\/wp\/v2\/comments?post=158158"}],"wp:featuredmedia":[{"embeddable":true,"href":"https:\/\/mod.wisdar.net\/tr\/wp-json\/wp\/v2\/media\/158153"}],"wp:attachment":[{"href":"https:\/\/mod.wisdar.net\/tr\/wp-json\/wp\/v2\/media?parent=158158"}],"wp:term":[{"taxonomy":"product_brand","embeddable":true,"href":"https:\/\/mod.wisdar.net\/tr\/wp-json\/wp\/v2\/product_brand?post=158158"},{"taxonomy":"product_cat","embeddable":true,"href":"https:\/\/mod.wisdar.net\/tr\/wp-json\/wp\/v2\/product_cat?post=158158"},{"taxonomy":"product_tag","embeddable":true,"href":"https:\/\/mod.wisdar.net\/tr\/wp-json\/wp\/v2\/product_tag?post=158158"}],"curies":[{"name":"wp","href":"https:\/\/api.w.org\/{rel}","templated":true}]}}