{"id":158224,"date":"2026-02-27T19:38:12","date_gmt":"2026-02-27T19:38:12","guid":{"rendered":"https:\/\/modesthanim.com\/product\/kol-firfirli-pamuklu-elbise-cagla\/"},"modified":"2026-04-15T21:31:01","modified_gmt":"2026-04-15T21:31:01","slug":"kol-firfirli-pamuklu-elbise-cagla","status":"publish","type":"product","link":"https:\/\/mod.wisdar.net\/tr\/urun\/kol-firfirli-pamuklu-elbise-cagla\/","title":{"rendered":"Kol F\u0131rf\u0131rl\u0131 Pamuklu Elbise \u2013 \u00c7a\u011fla"},"content":{"rendered":"<p>JANJAN T\u00dcL KUMA\u015e VE ASTAR KULLANILMI\u015eTIR.<\/p>\n","protected":false},"excerpt":{"rendered":"<p>JANJAN T\u00dcL KUMA\u015e VE ASTAR KULLANILMI\u015eTIR.<\/p>\n","protected":false},"featured_media":158211,"comment_status":"open","ping_status":"closed","template":"","meta":[],"product_brand":[],"product_cat":[8718,8715,8694],"product_tag":[],"class_list":{"0":"post-158224","1":"product","2":"type-product","3":"status-publish","4":"has-post-thumbnail","6":"product_cat-elbiseler-etekler","7":"product_cat-kiz-cocuklari-2-14-yas","8":"product_cat-cocuklar","9":"pa_brand-ahelkids","10":"pa_color-cagla","11":"pa_size-1-2yas","12":"pa_size-2-3yas","13":"pa_size-3-4yas","14":"pa_size-4-5yas","15":"pa_size-5-6yas","16":"pa_size-6-7yas","18":"first","19":"instock","20":"sale","21":"shipping-taxable","22":"purchasable","23":"product-type-variable"},"_links":{"self":[{"href":"https:\/\/mod.wisdar.net\/tr\/wp-json\/wp\/v2\/product\/158224","targetHints":{"allow":["GET"]}}],"collection":[{"href":"https:\/\/mod.wisdar.net\/tr\/wp-json\/wp\/v2\/product"}],"about":[{"href":"https:\/\/mod.wisdar.net\/tr\/wp-json\/wp\/v2\/types\/product"}],"replies":[{"embeddable":true,"href":"https:\/\/mod.wisdar.net\/tr\/wp-json\/wp\/v2\/comments?post=158224"}],"wp:featuredmedia":[{"embeddable":true,"href":"https:\/\/mod.wisdar.net\/tr\/wp-json\/wp\/v2\/media\/158211"}],"wp:attachment":[{"href":"https:\/\/mod.wisdar.net\/tr\/wp-json\/wp\/v2\/media?parent=158224"}],"wp:term":[{"taxonomy":"product_brand","embeddable":true,"href":"https:\/\/mod.wisdar.net\/tr\/wp-json\/wp\/v2\/product_brand?post=158224"},{"taxonomy":"product_cat","embeddable":true,"href":"https:\/\/mod.wisdar.net\/tr\/wp-json\/wp\/v2\/product_cat?post=158224"},{"taxonomy":"product_tag","embeddable":true,"href":"https:\/\/mod.wisdar.net\/tr\/wp-json\/wp\/v2\/product_tag?post=158224"}],"curies":[{"name":"wp","href":"https:\/\/api.w.org\/{rel}","templated":true}]}}