{"id":158369,"date":"2026-02-28T12:12:27","date_gmt":"2026-02-28T12:12:27","guid":{"rendered":"https:\/\/modesthanim.com\/product\/on-cep-detayli-pamuklu-kot-takim-bordo\/"},"modified":"2026-03-31T07:42:03","modified_gmt":"2026-03-31T07:42:03","slug":"on-cep-detayli-pamuklu-kot-takim-bordo","status":"publish","type":"product","link":"https:\/\/mod.wisdar.net\/tr\/urun\/on-cep-detayli-pamuklu-kot-takim-bordo\/","title":{"rendered":"\u00d6n Cep Detayl\u0131 Pamuklu Kot Tak\u0131m \u2013 Bordo"},"content":{"rendered":"<p>28 \u015eUBAT PER\u015eEMBE G\u00dcN\u00dc KARGOLANACAKTIR.<\/p>\n<p>KUMA\u015e: %80 PAMUK KUMA\u015eTAN \u00dcRET\u0130LM\u0130\u015eT\u0130R.<\/p>\n","protected":false},"excerpt":{"rendered":"<p>28 \u015eUBAT PER\u015eEMBE G\u00dcN\u00dc KARGOLANACAKTIR. KUMA\u015e: %80 PAMUK KUMA\u015eTAN \u00dcRET\u0130LM\u0130\u015eT\u0130R.<\/p>\n","protected":false},"featured_media":158365,"comment_status":"open","ping_status":"closed","template":"","meta":[],"product_brand":[],"product_cat":[8721,8715,8694],"product_tag":[],"class_list":{"0":"post-158369","1":"product","2":"type-product","3":"status-publish","4":"has-post-thumbnail","6":"product_cat-kiz-cocuk-takimlari","7":"product_cat-kiz-cocuklari-2-14-yas","8":"product_cat-cocuklar","9":"pa_brand-ahelkids","10":"pa_color-bordo","11":"pa_size-2-3yas","12":"pa_size-3-4yas","13":"pa_size-4-5yas","14":"pa_size-5-6yas","15":"pa_size-6-7yas","16":"pa_size-7-8yas","18":"first","19":"instock","20":"sale","21":"shipping-taxable","22":"purchasable","23":"product-type-variable"},"_links":{"self":[{"href":"https:\/\/mod.wisdar.net\/tr\/wp-json\/wp\/v2\/product\/158369","targetHints":{"allow":["GET"]}}],"collection":[{"href":"https:\/\/mod.wisdar.net\/tr\/wp-json\/wp\/v2\/product"}],"about":[{"href":"https:\/\/mod.wisdar.net\/tr\/wp-json\/wp\/v2\/types\/product"}],"replies":[{"embeddable":true,"href":"https:\/\/mod.wisdar.net\/tr\/wp-json\/wp\/v2\/comments?post=158369"}],"wp:featuredmedia":[{"embeddable":true,"href":"https:\/\/mod.wisdar.net\/tr\/wp-json\/wp\/v2\/media\/158365"}],"wp:attachment":[{"href":"https:\/\/mod.wisdar.net\/tr\/wp-json\/wp\/v2\/media?parent=158369"}],"wp:term":[{"taxonomy":"product_brand","embeddable":true,"href":"https:\/\/mod.wisdar.net\/tr\/wp-json\/wp\/v2\/product_brand?post=158369"},{"taxonomy":"product_cat","embeddable":true,"href":"https:\/\/mod.wisdar.net\/tr\/wp-json\/wp\/v2\/product_cat?post=158369"},{"taxonomy":"product_tag","embeddable":true,"href":"https:\/\/mod.wisdar.net\/tr\/wp-json\/wp\/v2\/product_tag?post=158369"}],"curies":[{"name":"wp","href":"https:\/\/api.w.org\/{rel}","templated":true}]}}