{"id":158418,"date":"2026-02-28T12:17:36","date_gmt":"2026-02-28T12:17:36","guid":{"rendered":"https:\/\/modesthanim.com\/product\/crash-pamuk-vual-rahat-takim-sari\/"},"modified":"2026-04-15T20:25:13","modified_gmt":"2026-04-15T20:25:13","slug":"crash-pamuk-vual-rahat-takim-sari","status":"publish","type":"product","link":"https:\/\/mod.wisdar.net\/tr\/urun\/crash-pamuk-vual-rahat-takim-sari\/","title":{"rendered":"Crash Pamuk Vual Rahat Tak\u0131m \u2013 Sar\u0131"},"content":{"rendered":"<p>KUMA\u015e: %100 PAMUK VUALDEN \u00dcRET\u0130LM\u0130\u015eT\u0130R.<\/p>\n<p>PANTOLON \u00c7\u0130FT KAT VUAL KUMA\u015eTIR.PANTOLON \u0130\u00c7 G\u00d6STERMEZ.<\/p>\n","protected":false},"excerpt":{"rendered":"<p>KUMA\u015e: %100 PAMUK VUALDEN \u00dcRET\u0130LM\u0130\u015eT\u0130R. PANTOLON \u00c7\u0130FT KAT VUAL KUMA\u015eTIR.PANTOLON \u0130\u00c7 G\u00d6STERMEZ.<\/p>\n","protected":false},"featured_media":158411,"comment_status":"open","ping_status":"closed","template":"","meta":[],"product_brand":[],"product_cat":[8721,8715,8694],"product_tag":[],"class_list":{"0":"post-158418","1":"product","2":"type-product","3":"status-publish","4":"has-post-thumbnail","6":"product_cat-kiz-cocuk-takimlari","7":"product_cat-kiz-cocuklari-2-14-yas","8":"product_cat-cocuklar","9":"pa_brand-ahelkids","10":"pa_color-sari","11":"pa_size-1-2yas","12":"pa_size-2-3yas","13":"pa_size-3-4yas","14":"pa_size-4-5yas","15":"pa_size-5-6yas","16":"pa_size-6-7yas","18":"first","19":"instock","20":"sale","21":"shipping-taxable","22":"purchasable","23":"product-type-variable"},"_links":{"self":[{"href":"https:\/\/mod.wisdar.net\/tr\/wp-json\/wp\/v2\/product\/158418","targetHints":{"allow":["GET"]}}],"collection":[{"href":"https:\/\/mod.wisdar.net\/tr\/wp-json\/wp\/v2\/product"}],"about":[{"href":"https:\/\/mod.wisdar.net\/tr\/wp-json\/wp\/v2\/types\/product"}],"replies":[{"embeddable":true,"href":"https:\/\/mod.wisdar.net\/tr\/wp-json\/wp\/v2\/comments?post=158418"}],"wp:featuredmedia":[{"embeddable":true,"href":"https:\/\/mod.wisdar.net\/tr\/wp-json\/wp\/v2\/media\/158411"}],"wp:attachment":[{"href":"https:\/\/mod.wisdar.net\/tr\/wp-json\/wp\/v2\/media?parent=158418"}],"wp:term":[{"taxonomy":"product_brand","embeddable":true,"href":"https:\/\/mod.wisdar.net\/tr\/wp-json\/wp\/v2\/product_brand?post=158418"},{"taxonomy":"product_cat","embeddable":true,"href":"https:\/\/mod.wisdar.net\/tr\/wp-json\/wp\/v2\/product_cat?post=158418"},{"taxonomy":"product_tag","embeddable":true,"href":"https:\/\/mod.wisdar.net\/tr\/wp-json\/wp\/v2\/product_tag?post=158418"}],"curies":[{"name":"wp","href":"https:\/\/api.w.org\/{rel}","templated":true}]}}