{"id":158456,"date":"2026-02-28T12:18:10","date_gmt":"2026-02-28T12:18:10","guid":{"rendered":"https:\/\/modesthanim.com\/product\/on-cep-detayli-pamuklu-kot-takim-lacivert\/"},"modified":"2026-04-15T21:28:40","modified_gmt":"2026-04-15T21:28:40","slug":"on-cep-detayli-pamuklu-kot-takim-lacivert","status":"publish","type":"product","link":"https:\/\/mod.wisdar.net\/tr\/urun\/on-cep-detayli-pamuklu-kot-takim-lacivert\/","title":{"rendered":"\u00d6n Cep Detayl\u0131 Pamuklu Kot Tak\u0131m \u2013 Lacivert"},"content":{"rendered":"<p>28 \u015eUBAT PER\u015eEMBE G\u00dcN\u00dc KARGOLANACAKTIR.<\/p>\n<p>KUMA\u015e: %80 PAMUK KUMA\u015eTAN \u00dcRET\u0130LM\u0130\u015eT\u0130R.<\/p>\n","protected":false},"excerpt":{"rendered":"<p>28 \u015eUBAT PER\u015eEMBE G\u00dcN\u00dc KARGOLANACAKTIR. KUMA\u015e: %80 PAMUK KUMA\u015eTAN \u00dcRET\u0130LM\u0130\u015eT\u0130R.<\/p>\n","protected":false},"featured_media":158449,"comment_status":"open","ping_status":"closed","template":"","meta":[],"product_brand":[],"product_cat":[8721,8715,8694],"product_tag":[7238],"class_list":{"0":"post-158456","1":"product","2":"type-product","3":"status-publish","4":"has-post-thumbnail","6":"product_cat-kiz-cocuk-takimlari","7":"product_cat-kiz-cocuklari-2-14-yas","8":"product_cat-cocuklar","9":"product_tag-lacivert","10":"pa_brand-ahelkids","11":"pa_color-lacivert","12":"pa_size-2-3yas","13":"pa_size-3-4yas","14":"pa_size-4-5yas","15":"pa_size-5-6yas","16":"pa_size-6-7yas","17":"pa_size-7-8yas","19":"first","20":"instock","21":"sale","22":"shipping-taxable","23":"purchasable","24":"product-type-variable"},"_links":{"self":[{"href":"https:\/\/mod.wisdar.net\/tr\/wp-json\/wp\/v2\/product\/158456","targetHints":{"allow":["GET"]}}],"collection":[{"href":"https:\/\/mod.wisdar.net\/tr\/wp-json\/wp\/v2\/product"}],"about":[{"href":"https:\/\/mod.wisdar.net\/tr\/wp-json\/wp\/v2\/types\/product"}],"replies":[{"embeddable":true,"href":"https:\/\/mod.wisdar.net\/tr\/wp-json\/wp\/v2\/comments?post=158456"}],"wp:featuredmedia":[{"embeddable":true,"href":"https:\/\/mod.wisdar.net\/tr\/wp-json\/wp\/v2\/media\/158449"}],"wp:attachment":[{"href":"https:\/\/mod.wisdar.net\/tr\/wp-json\/wp\/v2\/media?parent=158456"}],"wp:term":[{"taxonomy":"product_brand","embeddable":true,"href":"https:\/\/mod.wisdar.net\/tr\/wp-json\/wp\/v2\/product_brand?post=158456"},{"taxonomy":"product_cat","embeddable":true,"href":"https:\/\/mod.wisdar.net\/tr\/wp-json\/wp\/v2\/product_cat?post=158456"},{"taxonomy":"product_tag","embeddable":true,"href":"https:\/\/mod.wisdar.net\/tr\/wp-json\/wp\/v2\/product_tag?post=158456"}],"curies":[{"name":"wp","href":"https:\/\/api.w.org\/{rel}","templated":true}]}}