{"id":158532,"date":"2026-02-28T12:20:08","date_gmt":"2026-02-28T12:20:08","guid":{"rendered":"https:\/\/modesthanim.com\/product\/cift-cep-kapakli-allerli-kot-takim-kahve\/"},"modified":"2026-04-15T20:30:33","modified_gmt":"2026-04-15T20:30:33","slug":"cift-cep-kapakli-allerli-kot-takim-kahve","status":"publish","type":"product","link":"https:\/\/mod.wisdar.net\/tr\/urun\/cift-cep-kapakli-allerli-kot-takim-kahve\/","title":{"rendered":"\u00c7ift Cep Kapakl\u0131 Allerli Kot Tak\u0131m \u2013 Kahve"},"content":{"rendered":"<p>KUMA\u015e: %80 PAMUK KUMA\u015eTAN \u00dcRET\u0130LM\u0130\u015eT\u0130R.<\/p>\n","protected":false},"excerpt":{"rendered":"<p>KUMA\u015e: %80 PAMUK KUMA\u015eTAN \u00dcRET\u0130LM\u0130\u015eT\u0130R.<\/p>\n","protected":false},"featured_media":158513,"comment_status":"open","ping_status":"closed","template":"","meta":[],"product_brand":[],"product_cat":[8721,8715,8694],"product_tag":[4908,7426,7488],"class_list":{"0":"post-158532","1":"product","2":"type-product","3":"status-publish","4":"has-post-thumbnail","6":"product_cat-kiz-cocuk-takimlari","7":"product_cat-kiz-cocuklari-2-14-yas","8":"product_cat-cocuklar","9":"product_tag-brown","10":"product_tag-gunluk-giyim-3","11":"product_tag-pamuk","12":"pa_brand-ahelkids","13":"pa_color-kahve","14":"pa_size-2-3yas","15":"pa_size-3-4yas","16":"pa_size-4-5yas","17":"pa_size-5-6yas","18":"pa_size-6-7yas","20":"first","21":"instock","22":"sale","23":"shipping-taxable","24":"purchasable","25":"product-type-variable"},"_links":{"self":[{"href":"https:\/\/mod.wisdar.net\/tr\/wp-json\/wp\/v2\/product\/158532","targetHints":{"allow":["GET"]}}],"collection":[{"href":"https:\/\/mod.wisdar.net\/tr\/wp-json\/wp\/v2\/product"}],"about":[{"href":"https:\/\/mod.wisdar.net\/tr\/wp-json\/wp\/v2\/types\/product"}],"replies":[{"embeddable":true,"href":"https:\/\/mod.wisdar.net\/tr\/wp-json\/wp\/v2\/comments?post=158532"}],"wp:featuredmedia":[{"embeddable":true,"href":"https:\/\/mod.wisdar.net\/tr\/wp-json\/wp\/v2\/media\/158513"}],"wp:attachment":[{"href":"https:\/\/mod.wisdar.net\/tr\/wp-json\/wp\/v2\/media?parent=158532"}],"wp:term":[{"taxonomy":"product_brand","embeddable":true,"href":"https:\/\/mod.wisdar.net\/tr\/wp-json\/wp\/v2\/product_brand?post=158532"},{"taxonomy":"product_cat","embeddable":true,"href":"https:\/\/mod.wisdar.net\/tr\/wp-json\/wp\/v2\/product_cat?post=158532"},{"taxonomy":"product_tag","embeddable":true,"href":"https:\/\/mod.wisdar.net\/tr\/wp-json\/wp\/v2\/product_tag?post=158532"}],"curies":[{"name":"wp","href":"https:\/\/api.w.org\/{rel}","templated":true}]}}