{"id":158759,"date":"2026-02-28T12:50:07","date_gmt":"2026-02-28T12:50:07","guid":{"rendered":"https:\/\/modesthanim.com\/product\/crash-pamuk-vual-rahat-takim-cagla\/"},"modified":"2026-04-14T07:42:49","modified_gmt":"2026-04-14T07:42:49","slug":"crash-pamuk-vual-rahat-takim-cagla","status":"publish","type":"product","link":"https:\/\/mod.wisdar.net\/tr\/urun\/crash-pamuk-vual-rahat-takim-cagla\/","title":{"rendered":"Crash Pamuk Vual Rahat Tak\u0131m \u2013 \u00c7a\u011fla"},"content":{"rendered":"<p>KUMA\u015e: %100 PAMUK VUALDEN \u00dcRET\u0130LM\u0130\u015eT\u0130R.<br \/>\nPANTOLON \u00c7\u0130FT KAT VUAL KUMA\u015eTIR.PANTOLON \u0130\u00c7 G\u00d6STERMEZ.<\/p>\n","protected":false},"excerpt":{"rendered":"<p>KUMA\u015e: %100 PAMUK VUALDEN \u00dcRET\u0130LM\u0130\u015eT\u0130R. PANTOLON \u00c7\u0130FT KAT VUAL KUMA\u015eTIR.PANTOLON \u0130\u00c7 G\u00d6STERMEZ.<\/p>\n","protected":false},"featured_media":158745,"comment_status":"open","ping_status":"closed","template":"","meta":[],"product_brand":[],"product_cat":[8721,8715,8694],"product_tag":[11118,11116,6344,11117,11120,11119],"class_list":{"0":"post-158759","1":"product","2":"type-product","3":"status-publish","4":"has-post-thumbnail","6":"product_cat-kiz-cocuk-takimlari","7":"product_cat-kiz-cocuklari-2-14-yas","8":"product_cat-cocuklar","9":"product_tag-cagla-collection","10":"product_tag-comfort-set","11":"product_tag-cotton-voile","12":"product_tag-crash-design","13":"product_tag-double-layer-voile","14":"product_tag-non-see-through-pants","15":"pa_brand-ahelkids","16":"pa_color-cagla","17":"pa_size-1-2yas","18":"pa_size-2-3yas","19":"pa_size-3-4yas","20":"pa_size-4-5yas","21":"pa_size-5-6yas","22":"pa_size-6-7yas","24":"first","25":"instock","26":"sale","27":"shipping-taxable","28":"purchasable","29":"product-type-variable"},"_links":{"self":[{"href":"https:\/\/mod.wisdar.net\/tr\/wp-json\/wp\/v2\/product\/158759","targetHints":{"allow":["GET"]}}],"collection":[{"href":"https:\/\/mod.wisdar.net\/tr\/wp-json\/wp\/v2\/product"}],"about":[{"href":"https:\/\/mod.wisdar.net\/tr\/wp-json\/wp\/v2\/types\/product"}],"replies":[{"embeddable":true,"href":"https:\/\/mod.wisdar.net\/tr\/wp-json\/wp\/v2\/comments?post=158759"}],"wp:featuredmedia":[{"embeddable":true,"href":"https:\/\/mod.wisdar.net\/tr\/wp-json\/wp\/v2\/media\/158745"}],"wp:attachment":[{"href":"https:\/\/mod.wisdar.net\/tr\/wp-json\/wp\/v2\/media?parent=158759"}],"wp:term":[{"taxonomy":"product_brand","embeddable":true,"href":"https:\/\/mod.wisdar.net\/tr\/wp-json\/wp\/v2\/product_brand?post=158759"},{"taxonomy":"product_cat","embeddable":true,"href":"https:\/\/mod.wisdar.net\/tr\/wp-json\/wp\/v2\/product_cat?post=158759"},{"taxonomy":"product_tag","embeddable":true,"href":"https:\/\/mod.wisdar.net\/tr\/wp-json\/wp\/v2\/product_tag?post=158759"}],"curies":[{"name":"wp","href":"https:\/\/api.w.org\/{rel}","templated":true}]}}