{"id":158858,"date":"2026-02-28T19:42:08","date_gmt":"2026-02-28T19:42:08","guid":{"rendered":"https:\/\/modesthanim.com\/product\/kemer-detayli-uzun-gomlek-aci-kahve\/"},"modified":"2026-04-07T07:52:31","modified_gmt":"2026-04-07T07:52:31","slug":"kemer-detayli-uzun-gomlek-aci-kahve","status":"publish","type":"product","link":"https:\/\/mod.wisdar.net\/tr\/urun\/kemer-detayli-uzun-gomlek-aci-kahve\/","title":{"rendered":"Kemer Detayl\u0131 Uzun G\u00f6mlek Ac\u0131 Kahve"},"content":{"rendered":"<p>%100 Pamuktan, \u00fcr\u00fcne \u00f6zel dokutulmu\u015f ince gabardin kuma\u015ftan \u00fcretilen bu g\u00f6mlek; nefes alabilir yap\u0131s\u0131, do\u011fal yumu\u015fakl\u0131\u011f\u0131 ve hafif dokusu sayesinde g\u00fcn boyu konfor sunar. Pamuk gabardinin dayan\u0131kl\u0131 ve tok yap\u0131s\u0131, g\u00f6mle\u011fe hem \u015f\u0131k hem de uzun \u00f6m\u00fcrl\u00fc bir form kazand\u0131r\u0131r.B\u00fcy\u00fck cep detaylar\u0131 ve belde yer alan kemer tasar\u0131m\u0131, modele modern ve karakteristik bir g\u00f6r\u00fcn\u00fcm katarken, farkl\u0131 kal\u0131b\u0131yla klasik g\u00f6mlek formuna sportif bir dokunu\u015f ekler. Hem g\u00fcnl\u00fck kombinlerde hem de daha \u015f\u0131k \u015fehirli stillerde kolayl\u0131kla kullan\u0131labilir.Tam kal\u0131ptad\u0131r; daha sala\u015f bir duru\u015f tercih edenler bir beden b\u00fcy\u00fck se\u00e7ebilir. Kendi bedeniniz ise ideal formu sunar.Bak\u0131m \u00f6nerisi: 30\u00b0C\u2019de benzer renklerle y\u0131kay\u0131n\u0131z. A\u011fart\u0131c\u0131 kullanmay\u0131n\u0131z.Boy: 112 cm (\u00dcr\u00fcn boyu \u00fcretimler aras\u0131 1-5 cm de\u011fi\u015febilir.)Kal\u0131p Bilgisi:G\u00f6\u011f\u00fcsBasen Kol BoyuPazu36 Beden: 109 cm 114 cm 55,5 cm 41 cm 38 Beden: 113 cm 118 cm 56 cm 43 cm 40 Beden: 117 cm 122 cm 56,5 cm 45 cm 42 Beden: 121 cm 126 cm 57 cm 47 cm Manken \u00d6l\u00e7\u00fcleri:Boy: 175 cmG\u00f6\u011f\u00fcs: 81 cmBel: 60 cmBasen: 89 cmMankenin \u00dczerindeki Beden: 36<\/p>\n","protected":false},"excerpt":{"rendered":"<p>%100 Pamuktan, \u00fcr\u00fcne \u00f6zel dokutulmu\u015f ince gabardin kuma\u015ftan \u00fcretilen bu g\u00f6mlek; nefes alabilir yap\u0131s\u0131, do\u011fal yumu\u015fakl\u0131\u011f\u0131 ve hafif dokusu sayesinde g\u00fcn boyu konfor sunar. Pamuk gabardinin dayan\u0131kl\u0131 ve tok yap\u0131s\u0131, g\u00f6mle\u011fe hem \u015f\u0131k hem de uzun \u00f6m\u00fcrl\u00fc bir form kazand\u0131r\u0131r.B\u00fcy\u00fck cep detaylar\u0131 ve belde yer alan kemer tasar\u0131m\u0131, modele modern ve karakteristik bir g\u00f6r\u00fcn\u00fcm katarken, [&hellip;]<\/p>\n","protected":false},"featured_media":158846,"comment_status":"open","ping_status":"closed","template":"","meta":[],"product_brand":[],"product_cat":[1909],"product_tag":[7426,6824,6825],"class_list":{"0":"post-158858","1":"product","2":"type-product","3":"status-publish","4":"has-post-thumbnail","6":"product_cat-bluzlar-ve-gomlekler","7":"product_tag-gunluk-giyim-3","8":"product_tag-kemer-detayi","9":"product_tag-sehir-stili","10":"pa_brand-he-qa","11":"pa_color-aci-kahve-1","12":"pa_size-4701","13":"pa_size-4706","14":"pa_size-4711","15":"pa_size-4713","17":"first","18":"outofstock","19":"shipping-taxable","20":"product-type-variable"},"_links":{"self":[{"href":"https:\/\/mod.wisdar.net\/tr\/wp-json\/wp\/v2\/product\/158858","targetHints":{"allow":["GET"]}}],"collection":[{"href":"https:\/\/mod.wisdar.net\/tr\/wp-json\/wp\/v2\/product"}],"about":[{"href":"https:\/\/mod.wisdar.net\/tr\/wp-json\/wp\/v2\/types\/product"}],"replies":[{"embeddable":true,"href":"https:\/\/mod.wisdar.net\/tr\/wp-json\/wp\/v2\/comments?post=158858"}],"wp:featuredmedia":[{"embeddable":true,"href":"https:\/\/mod.wisdar.net\/tr\/wp-json\/wp\/v2\/media\/158846"}],"wp:attachment":[{"href":"https:\/\/mod.wisdar.net\/tr\/wp-json\/wp\/v2\/media?parent=158858"}],"wp:term":[{"taxonomy":"product_brand","embeddable":true,"href":"https:\/\/mod.wisdar.net\/tr\/wp-json\/wp\/v2\/product_brand?post=158858"},{"taxonomy":"product_cat","embeddable":true,"href":"https:\/\/mod.wisdar.net\/tr\/wp-json\/wp\/v2\/product_cat?post=158858"},{"taxonomy":"product_tag","embeddable":true,"href":"https:\/\/mod.wisdar.net\/tr\/wp-json\/wp\/v2\/product_tag?post=158858"}],"curies":[{"name":"wp","href":"https:\/\/api.w.org\/{rel}","templated":true}]}}