{"id":158881,"date":"2026-02-28T19:42:42","date_gmt":"2026-02-28T19:42:42","guid":{"rendered":"https:\/\/modesthanim.com\/product\/minimal-set-kahverengi\/"},"modified":"2026-04-15T20:34:45","modified_gmt":"2026-04-15T20:34:45","slug":"minimal-set-kahverengi","status":"publish","type":"product","link":"https:\/\/mod.wisdar.net\/tr\/urun\/minimal-set-kahverengi\/","title":{"rendered":"Minimal Set Kahverengi"},"content":{"rendered":"<p>%63 polyester, %34 viskon ve %3 elastan kar\u0131\u015f\u0131m\u0131ndan \u00fcretilen bu set, dayan\u0131kl\u0131l\u0131k, ak\u0131\u015fkanl\u0131k ve konforu m\u00fckemmel dengeli bir yap\u0131da birle\u015ftirir. Polyester sa\u011flam bir doku sa\u011flar ve kuma\u015f\u0131n formunu korumas\u0131na yard\u0131mc\u0131 olurken, viskon zarif bir d\u00f6k\u00fcmle yumu\u015fak ve nefes alabilir bir kalite katar. Elastan i\u00e7eri\u011fi esnekli\u011fi art\u0131rarak kolay hareket ve g\u00fcn boyu konfor sa\u011flar. Bu kar\u0131\u015f\u0131m, zarif ama rahat bir giyim deneyimi sunar.<br \/>\nModern ve minimalist tasar\u0131m\u0131yla bu set, rahat kesimi sayesinde hem \u015f\u0131kl\u0131k hem de kolayl\u0131k sunar. Temiz ve sade \u00e7izgileri zamans\u0131z bir g\u00f6r\u00fcn\u00fcm yarat\u0131rken g\u00fcn boyu konforu korur.<br \/>\nPantolonlar, hareket ve sofistike bir dokunu\u015f katan \u00f6n pile detaylar\u0131yla rahat bir kesime sahiptir. Arka bel band\u0131ndaki elastik detay konforu art\u0131r\u0131r ve esnek bir uyum sa\u011flar. Bu \u00e7ok y\u00f6nl\u00fc set, g\u00fcnl\u00fck k\u0131yafetlerden daha \u015f\u0131k \u015fehir g\u00f6r\u00fcn\u00fcmlerine kadar zahmetsizce stilize edilebilir.<br \/>\nUyum bilgisi: Rahat kesim; normal bedeninizi se\u00e7menizi \u00f6neririz.<br \/>\nBak\u0131m talimatlar\u0131: Benzer renklerle 30\u00b0C&#8217;de y\u0131kay\u0131n. A\u011fart\u0131c\u0131 kullanmay\u0131n. D\u00fc\u015f\u00fck s\u0131cakl\u0131kta \u00fct\u00fcleyin.<br \/>\n\u00dcst \u00d6l\u00e7\u00fcleri: Uzunluk: 76,5 cm (\u00dcr\u00fcn uzunlu\u011fu \u00fcretim partileri aras\u0131nda 1-5 cm farkl\u0131l\u0131k g\u00f6sterebilir.)<\/p>\n<p>Beden Tablosu:<br \/>\nG\u00f6\u011f\u00fcs Kal\u00e7a Kol Pazu<br \/>\nBeden 36: 113 cm 110 cm 55 cm 43 cm<br \/>\nBeden 38: 117 cm 114 cm 55 cm 44 cm<br \/>\nBeden 40: 121 cm 118 cm 55 cm 45 cm<br \/>\nBeden 42: 125 cm 122 cm 55 cm 46 cm<\/p>\n<p>Pantolon \u00d6l\u00e7\u00fcleri: Uzunluk: 97 cm (\u00dcr\u00fcn uzunlu\u011fu \u00fcretim partileri aras\u0131nda 1-3 cm farkl\u0131l\u0131k g\u00f6sterebilir.)<\/p>\n<p>Beden Tablosu:<br \/>\nBel Kal\u00e7a<br \/>\nBeden 36: 60 cm 110 cm<br \/>\nBeden 38: 64 cm 114 cm<br \/>\nBeden 40: 68 cm 118 cm<br \/>\nBeden 42: 72 cm 122 cm<\/p>\n<p>Modelin \u00d6l\u00e7\u00fcleri: Boy: 176 cm G\u00f6\u011f\u00fcs: 80 cm Bel: 60 cm Kal\u00e7a: 90 cm Modelin Giyimi: Beden 36<\/p>\n","protected":false},"excerpt":{"rendered":"<p>%63 polyester, %34 viskon ve %3 elastan kar\u0131\u015f\u0131m\u0131ndan \u00fcretilen bu set, dayan\u0131kl\u0131l\u0131k, ak\u0131\u015fkanl\u0131k ve konforu m\u00fckemmel dengeli bir yap\u0131da birle\u015ftirir. Polyester sa\u011flam bir doku sa\u011flar ve kuma\u015f\u0131n formunu korumas\u0131na yard\u0131mc\u0131 olurken, viskon zarif bir d\u00f6k\u00fcmle yumu\u015fak ve nefes alabilir bir kalite katar. Elastan i\u00e7eri\u011fi esnekli\u011fi art\u0131rarak kolay hareket ve g\u00fcn boyu konfor sa\u011flar. Bu kar\u0131\u015f\u0131m, [&hellip;]<\/p>\n","protected":false},"featured_media":158864,"comment_status":"open","ping_status":"closed","template":"","meta":[],"product_brand":[],"product_cat":[1900],"product_tag":[],"class_list":{"0":"post-158881","1":"product","2":"type-product","3":"status-publish","4":"has-post-thumbnail","6":"product_cat-koordinatlar-setler","7":"pa_brand-he-qa","8":"pa_color-kahve","9":"pa_size-4701","10":"pa_size-4706","11":"pa_size-4711","12":"pa_size-4713","14":"first","15":"instock","16":"sale","17":"shipping-taxable","18":"purchasable","19":"product-type-variable"},"_links":{"self":[{"href":"https:\/\/mod.wisdar.net\/tr\/wp-json\/wp\/v2\/product\/158881","targetHints":{"allow":["GET"]}}],"collection":[{"href":"https:\/\/mod.wisdar.net\/tr\/wp-json\/wp\/v2\/product"}],"about":[{"href":"https:\/\/mod.wisdar.net\/tr\/wp-json\/wp\/v2\/types\/product"}],"replies":[{"embeddable":true,"href":"https:\/\/mod.wisdar.net\/tr\/wp-json\/wp\/v2\/comments?post=158881"}],"wp:featuredmedia":[{"embeddable":true,"href":"https:\/\/mod.wisdar.net\/tr\/wp-json\/wp\/v2\/media\/158864"}],"wp:attachment":[{"href":"https:\/\/mod.wisdar.net\/tr\/wp-json\/wp\/v2\/media?parent=158881"}],"wp:term":[{"taxonomy":"product_brand","embeddable":true,"href":"https:\/\/mod.wisdar.net\/tr\/wp-json\/wp\/v2\/product_brand?post=158881"},{"taxonomy":"product_cat","embeddable":true,"href":"https:\/\/mod.wisdar.net\/tr\/wp-json\/wp\/v2\/product_cat?post=158881"},{"taxonomy":"product_tag","embeddable":true,"href":"https:\/\/mod.wisdar.net\/tr\/wp-json\/wp\/v2\/product_tag?post=158881"}],"curies":[{"name":"wp","href":"https:\/\/api.w.org\/{rel}","templated":true}]}}