{"id":158993,"date":"2026-02-28T20:30:52","date_gmt":"2026-02-28T20:30:52","guid":{"rendered":"https:\/\/modesthanim.com\/product\/manset-detayli-latte-gomlek\/"},"modified":"2026-04-15T21:53:42","modified_gmt":"2026-04-15T21:53:42","slug":"manset-detayli-latte-gomlek","status":"publish","type":"product","link":"https:\/\/mod.wisdar.net\/tr\/urun\/manset-detayli-latte-gomlek\/","title":{"rendered":"Man\u015fet Detayl\u0131 Latte G\u00f6mlek"},"content":{"rendered":"<p>%52 pamuk ve %48 polyester kar\u0131\u015f\u0131m\u0131ndan \u00fcretilen bu man\u015fet detayl\u0131 g\u00f6mlek, do\u011fal konforu art\u0131r\u0131lm\u0131\u015f dayan\u0131kl\u0131l\u0131kla birle\u015ftiriyor. Pamuk i\u00e7eri\u011fi nefes alabilir, cilt dostu ve yumu\u015fak bir doku sa\u011flarken, polyester yap\u0131 katarak kuma\u015f\u0131n formunu korumas\u0131na yard\u0131mc\u0131 olur ve daha dolgun, uzun \u00f6m\u00fcrl\u00fc bir biti\u015f sunar. Bu dengeli kar\u0131\u015f\u0131m hem konfor hem de pratiklik sa\u011flar.<br \/>\nMan\u015fet detaylar\u0131 tasar\u0131ma zarif bir hareket duygusu kazand\u0131r\u0131rken, modern silueti g\u00fcnl\u00fck stili zahmetsizce tamamlar. Rahat kesimi sayesinde daha \u015f\u0131k bir g\u00f6r\u00fcn\u00fcm i\u00e7in veya biraz daha rahat bir tarz i\u00e7in kullan\u0131labilir. G\u00fcnl\u00fck giyim i\u00e7in konforlu ama \u015f\u0131k bir se\u00e7enek olarak \u00f6ne \u00e7\u0131kar.<br \/>\nKesim bilgisi: Rahat kesim; normal bedeninizi se\u00e7menizi \u00f6neririz.<br \/>\nBak\u0131m talimatlar\u0131: 30\u00b0C&#8217;de benzer renklerle y\u0131kay\u0131n. A\u011fartmay\u0131n. D\u00fc\u015f\u00fck \u0131s\u0131da \u00fct\u00fcleyin.<br \/>\n\u00d6n uzunluk: 75 cmArka uzunluk: 80 cm (\u00dcr\u00fcn uzunlu\u011fu \u00fcretim partileri aras\u0131nda 1-5 cm de\u011fi\u015fiklik g\u00f6sterebilir.)<\/p>\n<p>Beden Tablosu:<br \/>\nG\u00f6\u011f\u00fcs<br \/>\nKal\u00e7a<br \/>\nKol<br \/>\nPazu<\/p>\n<p>Beden 36:<br \/>\n120 cm<br \/>\n124 cm<br \/>\n55 cm<br \/>\n36 cm<\/p>\n<p>Beden 38:<br \/>\n124 cm<br \/>\n128 cm<br \/>\n55,5 cm<br \/>\n37 cm<\/p>\n<p>Beden 40:<br \/>\n128 cm<br \/>\n132 cm<br \/>\n56 cm<br \/>\n38 cm<\/p>\n<p>Beden 42:<br \/>\n132 cm<br \/>\n136 cm<br \/>\n56,5 cm<br \/>\n39 cm<\/p>\n<p>Modelin \u00d6l\u00e7\u00fcleri:<br \/>\nBoy: 176 cm<br \/>\nG\u00f6\u011f\u00fcs: 80 cm<br \/>\nBel: 60 cm<br \/>\nKal\u00e7a: 90 cm<br \/>\nModelin Giydi\u011fi Beden: 36<\/p>\n","protected":false},"excerpt":{"rendered":"<p>%52 pamuk ve %48 polyester kar\u0131\u015f\u0131m\u0131ndan \u00fcretilen bu man\u015fet detayl\u0131 g\u00f6mlek, do\u011fal konforu art\u0131r\u0131lm\u0131\u015f dayan\u0131kl\u0131l\u0131kla birle\u015ftiriyor. Pamuk i\u00e7eri\u011fi nefes alabilir, cilt dostu ve yumu\u015fak bir doku sa\u011flarken, polyester yap\u0131 katarak kuma\u015f\u0131n formunu korumas\u0131na yard\u0131mc\u0131 olur ve daha dolgun, uzun \u00f6m\u00fcrl\u00fc bir biti\u015f sunar. Bu dengeli kar\u0131\u015f\u0131m hem konfor hem de pratiklik sa\u011flar. Man\u015fet detaylar\u0131 tasar\u0131ma [&hellip;]<\/p>\n","protected":false},"featured_media":158986,"comment_status":"open","ping_status":"closed","template":"","meta":[],"product_brand":[],"product_cat":[1909],"product_tag":[],"class_list":{"0":"post-158993","1":"product","2":"type-product","3":"status-publish","4":"has-post-thumbnail","6":"product_cat-bluzlar-ve-gomlekler","7":"pa_brand-he-qa","8":"pa_color-latte","9":"pa_size-4701","10":"pa_size-4706","11":"pa_size-4711","12":"pa_size-4713","14":"first","15":"outofstock","16":"shipping-taxable","17":"product-type-variable"},"_links":{"self":[{"href":"https:\/\/mod.wisdar.net\/tr\/wp-json\/wp\/v2\/product\/158993","targetHints":{"allow":["GET"]}}],"collection":[{"href":"https:\/\/mod.wisdar.net\/tr\/wp-json\/wp\/v2\/product"}],"about":[{"href":"https:\/\/mod.wisdar.net\/tr\/wp-json\/wp\/v2\/types\/product"}],"replies":[{"embeddable":true,"href":"https:\/\/mod.wisdar.net\/tr\/wp-json\/wp\/v2\/comments?post=158993"}],"wp:featuredmedia":[{"embeddable":true,"href":"https:\/\/mod.wisdar.net\/tr\/wp-json\/wp\/v2\/media\/158986"}],"wp:attachment":[{"href":"https:\/\/mod.wisdar.net\/tr\/wp-json\/wp\/v2\/media?parent=158993"}],"wp:term":[{"taxonomy":"product_brand","embeddable":true,"href":"https:\/\/mod.wisdar.net\/tr\/wp-json\/wp\/v2\/product_brand?post=158993"},{"taxonomy":"product_cat","embeddable":true,"href":"https:\/\/mod.wisdar.net\/tr\/wp-json\/wp\/v2\/product_cat?post=158993"},{"taxonomy":"product_tag","embeddable":true,"href":"https:\/\/mod.wisdar.net\/tr\/wp-json\/wp\/v2\/product_tag?post=158993"}],"curies":[{"name":"wp","href":"https:\/\/api.w.org\/{rel}","templated":true}]}}