{"id":159033,"date":"2026-02-28T20:36:10","date_gmt":"2026-02-28T20:36:10","guid":{"rendered":"https:\/\/modesthanim.com\/product\/fermuar-detayli-siyah-gomlek\/"},"modified":"2026-04-15T21:45:36","modified_gmt":"2026-04-15T21:45:36","slug":"fermuar-detayli-siyah-gomlek","status":"publish","type":"product","link":"https:\/\/mod.wisdar.net\/tr\/urun\/fermuar-detayli-siyah-gomlek\/","title":{"rendered":"Fermuar Detayl\u0131 Siyah G\u00f6mlek"},"content":{"rendered":"<p>%92 viskon ve %8 polyester kar\u0131\u015f\u0131m\u0131ndan \u00fcretilen bu g\u00f6mlek, viskonun do\u011fal \u00f6zellikleri sayesinde g\u00fcn boyu nefes alabilen konfor sunarken, polyester lifleri dayan\u0131kl\u0131l\u0131\u011f\u0131 art\u0131r\u0131r ve formunu korumas\u0131na yard\u0131mc\u0131 olur. Tasar\u0131m\u0131 g\u00fcnl\u00fck tarz\u0131n\u0131za dinamik bir dokunu\u015f katar ve kolay giyimi ile \u00f6ne \u00e7\u0131kar.<br \/>\nYaka k\u0131sm\u0131ndaki fermuar plaket detay\u0131, klasik g\u00f6mlek sil\u00fcetine sportif bir yorum getirerek ak\u0131ll\u0131-g\u00fcndelik kombinasyonlar olu\u015fturmak i\u00e7in ideal k\u0131lar. Zamans\u0131z bir par\u00e7a olarak hem g\u00fcnl\u00fck kullan\u0131m hem de modern \u015fehir g\u00f6r\u00fcn\u00fcmleri i\u00e7in zahmetsizce \u015f\u0131kland\u0131r\u0131labilir.<br \/>\nUyum bilgisi: Her zamanki bedeninizi se\u00e7menizi \u00f6neririz.<br \/>\nBak\u0131m talimatlar\u0131: 30\u00b0C&#8217;de benzer renklerle y\u0131kay\u0131n. A\u011fart\u0131c\u0131 kullanmay\u0131n. D\u00fc\u015f\u00fck s\u0131cakl\u0131kta \u00fct\u00fcleyin.<br \/>\nUzunluk: 70 cm (\u00dcr\u00fcn uzunlu\u011fu \u00fcretim partileri aras\u0131nda 1-5 cm farkl\u0131l\u0131k g\u00f6sterebilir.)<\/p>\n<p>Beden Tablosu:<br \/>\nG\u00f6\u011f\u00fcs<br \/>\nKal\u00e7a<br \/>\nKol<br \/>\nPazu<\/p>\n<p>Beden 36:<br \/>\n116 cm<br \/>\n120 cm<br \/>\n48 cm<br \/>\n44 cm<\/p>\n<p>Beden 38:<br \/>\n120 cm<br \/>\n124 cm<br \/>\n48 cm<br \/>\n45 cm<\/p>\n<p>Beden 40:<br \/>\n124 cm<br \/>\n128 cm<br \/>\n48 cm<br \/>\n46 cm<\/p>\n<p>Beden 42:<br \/>\n128 cm<br \/>\n132 cm<br \/>\n48 cm<br \/>\n47 cm<\/p>\n<p>Modelin \u00d6l\u00e7\u00fcleri: Boy: 176 cm G\u00f6\u011f\u00fcs: 80 cm Bel: 60 cm Kal\u00e7a: 90 cm Modelin Giyim Bedeni: 36<\/p>\n","protected":false},"excerpt":{"rendered":"<p>%92 viskon ve %8 polyester kar\u0131\u015f\u0131m\u0131ndan \u00fcretilen bu g\u00f6mlek, viskonun do\u011fal \u00f6zellikleri sayesinde g\u00fcn boyu nefes alabilen konfor sunarken, polyester lifleri dayan\u0131kl\u0131l\u0131\u011f\u0131 art\u0131r\u0131r ve formunu korumas\u0131na yard\u0131mc\u0131 olur. Tasar\u0131m\u0131 g\u00fcnl\u00fck tarz\u0131n\u0131za dinamik bir dokunu\u015f katar ve kolay giyimi ile \u00f6ne \u00e7\u0131kar. Yaka k\u0131sm\u0131ndaki fermuar plaket detay\u0131, klasik g\u00f6mlek sil\u00fcetine sportif bir yorum getirerek ak\u0131ll\u0131-g\u00fcndelik kombinasyonlar [&hellip;]<\/p>\n","protected":false},"featured_media":159026,"comment_status":"open","ping_status":"closed","template":"","meta":[],"product_brand":[],"product_cat":[1909],"product_tag":[],"class_list":{"0":"post-159033","1":"product","2":"type-product","3":"status-publish","4":"has-post-thumbnail","6":"product_cat-bluzlar-ve-gomlekler","7":"pa_brand-he-qa","8":"pa_color-siyah","9":"pa_size-4701","10":"pa_size-4706","11":"pa_size-4711","12":"pa_size-4713","14":"first","15":"instock","16":"sale","17":"shipping-taxable","18":"purchasable","19":"product-type-variable"},"_links":{"self":[{"href":"https:\/\/mod.wisdar.net\/tr\/wp-json\/wp\/v2\/product\/159033","targetHints":{"allow":["GET"]}}],"collection":[{"href":"https:\/\/mod.wisdar.net\/tr\/wp-json\/wp\/v2\/product"}],"about":[{"href":"https:\/\/mod.wisdar.net\/tr\/wp-json\/wp\/v2\/types\/product"}],"replies":[{"embeddable":true,"href":"https:\/\/mod.wisdar.net\/tr\/wp-json\/wp\/v2\/comments?post=159033"}],"wp:featuredmedia":[{"embeddable":true,"href":"https:\/\/mod.wisdar.net\/tr\/wp-json\/wp\/v2\/media\/159026"}],"wp:attachment":[{"href":"https:\/\/mod.wisdar.net\/tr\/wp-json\/wp\/v2\/media?parent=159033"}],"wp:term":[{"taxonomy":"product_brand","embeddable":true,"href":"https:\/\/mod.wisdar.net\/tr\/wp-json\/wp\/v2\/product_brand?post=159033"},{"taxonomy":"product_cat","embeddable":true,"href":"https:\/\/mod.wisdar.net\/tr\/wp-json\/wp\/v2\/product_cat?post=159033"},{"taxonomy":"product_tag","embeddable":true,"href":"https:\/\/mod.wisdar.net\/tr\/wp-json\/wp\/v2\/product_tag?post=159033"}],"curies":[{"name":"wp","href":"https:\/\/api.w.org\/{rel}","templated":true}]}}