{"id":159114,"date":"2026-02-28T20:39:36","date_gmt":"2026-02-28T20:39:36","guid":{"rendered":"https:\/\/modesthanim.com\/product\/fermuar-detayli-gomlek-kahve\/"},"modified":"2026-03-20T04:01:00","modified_gmt":"2026-03-20T04:01:00","slug":"fermuar-detayli-gomlek-kahve","status":"publish","type":"product","link":"https:\/\/mod.wisdar.net\/tr\/urun\/fermuar-detayli-gomlek-kahve\/","title":{"rendered":"Fermuar Detayl\u0131 G\u00f6mlek Kahve"},"content":{"rendered":"<p>%92 viskon ve %8 polyester kar\u0131\u015f\u0131ml\u0131 kuma\u015ftan \u00fcretilen bu g\u00f6mlek, viskonun nefes alabilir yap\u0131s\u0131 sayesinde g\u00fcn boyu konfor sa\u011flarken; polyester lifler kuma\u015fa dayan\u0131kl\u0131l\u0131k ve formunu koruma \u00f6zelli\u011fi kazand\u0131r\u0131r. Tasar\u0131m\u0131, g\u00fcnl\u00fck stilinize dinamik bir dokunu\u015f katar ve rahat kullan\u0131m\u0131yla \u00f6ne \u00e7\u0131kar.Yakada yer alan patl\u0131 fermuar detay\u0131, klasik g\u00f6mlek formuna sportif bir hava katarak spor-\u015f\u0131k kombinler olu\u015fturman\u0131za yard\u0131mc\u0131 olur. Hem g\u00fcnl\u00fck kullan\u0131mda hem de \u015fehirli stillerde rahatl\u0131kla tercih edilebilecek zamans\u0131z bir par\u00e7ad\u0131r.Kal\u0131p bilgisi: Kendi bedeninizi tercih ediniz.Bak\u0131m \u00f6nerisi: 30\u00b0C\u2019de benzer renklerle y\u0131kay\u0131n\u0131z. A\u011fart\u0131c\u0131 kullanmay\u0131n\u0131z. D\u00fc\u015f\u00fck \u0131s\u0131da \u00fct\u00fcleyiniz.Boy: 70 cm (\u00dcr\u00fcn boyu \u00fcretimler aras\u0131 1-5 cm de\u011fi\u015febilir.)Kal\u0131p Bilgisi:G\u00f6\u011f\u00fcsBasenKol Boyu Pazu36 Beden: 116 cm 120 cm 48 cm 44 cm 38 Beden: 120 cm 124 cm 48 cm 45 cm 40 Beden: 124 cm 128 cm 48 cm 46 cm42 Beden: 128 cm 132 cm 48 cm 47 cm Manken \u00d6l\u00e7\u00fcleri:Boy: 176 cmG\u00f6\u011f\u00fcs: 80 cmBel: 60 cmBasen: 90 cmMankenin \u00dczerindeki Beden: 36<\/p>\n","protected":false},"excerpt":{"rendered":"<p>%92 viskon ve %8 polyester kar\u0131\u015f\u0131ml\u0131 kuma\u015ftan \u00fcretilen bu g\u00f6mlek, viskonun nefes alabilir yap\u0131s\u0131 sayesinde g\u00fcn boyu konfor sa\u011flarken; polyester lifler kuma\u015fa dayan\u0131kl\u0131l\u0131k ve formunu koruma \u00f6zelli\u011fi kazand\u0131r\u0131r. Tasar\u0131m\u0131, g\u00fcnl\u00fck stilinize dinamik bir dokunu\u015f katar ve rahat kullan\u0131m\u0131yla \u00f6ne \u00e7\u0131kar.Yakada yer alan patl\u0131 fermuar detay\u0131, klasik g\u00f6mlek formuna sportif bir hava katarak spor-\u015f\u0131k kombinler olu\u015fturman\u0131za [&hellip;]<\/p>\n","protected":false},"featured_media":159093,"comment_status":"open","ping_status":"closed","template":"","meta":[],"product_brand":[],"product_cat":[1909],"product_tag":[7426,6825,8077],"class_list":{"0":"post-159114","1":"product","2":"type-product","3":"status-publish","4":"has-post-thumbnail","6":"product_cat-bluzlar-ve-gomlekler","7":"product_tag-gunluk-giyim-3","8":"product_tag-sehir-stili","9":"product_tag-sporcu-sik","10":"pa_brand-he-qa","11":"pa_color-kahve","12":"pa_size-4701","13":"pa_size-4706","14":"pa_size-4711","15":"pa_size-4713","17":"first","18":"outofstock","19":"shipping-taxable","20":"product-type-variable"},"_links":{"self":[{"href":"https:\/\/mod.wisdar.net\/tr\/wp-json\/wp\/v2\/product\/159114","targetHints":{"allow":["GET"]}}],"collection":[{"href":"https:\/\/mod.wisdar.net\/tr\/wp-json\/wp\/v2\/product"}],"about":[{"href":"https:\/\/mod.wisdar.net\/tr\/wp-json\/wp\/v2\/types\/product"}],"replies":[{"embeddable":true,"href":"https:\/\/mod.wisdar.net\/tr\/wp-json\/wp\/v2\/comments?post=159114"}],"wp:featuredmedia":[{"embeddable":true,"href":"https:\/\/mod.wisdar.net\/tr\/wp-json\/wp\/v2\/media\/159093"}],"wp:attachment":[{"href":"https:\/\/mod.wisdar.net\/tr\/wp-json\/wp\/v2\/media?parent=159114"}],"wp:term":[{"taxonomy":"product_brand","embeddable":true,"href":"https:\/\/mod.wisdar.net\/tr\/wp-json\/wp\/v2\/product_brand?post=159114"},{"taxonomy":"product_cat","embeddable":true,"href":"https:\/\/mod.wisdar.net\/tr\/wp-json\/wp\/v2\/product_cat?post=159114"},{"taxonomy":"product_tag","embeddable":true,"href":"https:\/\/mod.wisdar.net\/tr\/wp-json\/wp\/v2\/product_tag?post=159114"}],"curies":[{"name":"wp","href":"https:\/\/api.w.org\/{rel}","templated":true}]}}