{"id":159149,"date":"2026-02-28T20:40:52","date_gmt":"2026-02-28T20:40:52","guid":{"rendered":"https:\/\/modesthanim.com\/product\/mandarin-yaka-uzun-tunik-yumusak-kasmir\/"},"modified":"2026-04-14T13:12:15","modified_gmt":"2026-04-14T13:12:15","slug":"mandarin-yaka-uzun-tunik-yumusak-kasmir","status":"publish","type":"product","link":"https:\/\/mod.wisdar.net\/tr\/urun\/mandarin-yaka-uzun-tunik-yumusak-kasmir\/","title":{"rendered":"Mandarin Yaka Uzun Tunik Yumu\u015fak Ka\u015fmir"},"content":{"rendered":"<p>%100 pamuk iplikten \u00fcretilen bu uzun mandarin yaka tunik, tamamen do\u011fal yap\u0131s\u0131yla nefes alabilen, cilt dostu bir konfor sunar. Pamuk lifleri sayesinde g\u00fcn boyu ferahl\u0131k hissi verirken \u015f\u0131k bir g\u00f6r\u00fcn\u00fcm\u00fc korur.<br \/>\nKollardaki zarif pile detaylar\u0131, tasar\u0131ma zarif bir hareketlilik ve \u015f\u0131k bir dokunu\u015f katar. Temel stiliyle g\u00fcnl\u00fck kombinasyonlar i\u00e7in hem rahat hem de modern bir g\u00f6r\u00fcn\u00fcm sunar.<br \/>\nUyum bilgisi: Rahat bir kesime sahiptir; daha az bol bir g\u00f6r\u00fcn\u00fcm tercih edenler bir beden k\u00fc\u00e7\u00fck se\u00e7ebilir.<br \/>\nBak\u0131m talimatlar\u0131: Benzer renklerle 30\u00b0C&#8217;de y\u0131kay\u0131n. \u00c7ama\u015f\u0131r suyu kullanmay\u0131n. D\u00fc\u015f\u00fck s\u0131cakl\u0131kta \u00fct\u00fcleyin.<br \/>\nUzunluk: 117 cm (\u00dcr\u00fcn uzunlu\u011fu \u00fcretim partileri aras\u0131nda 1-5 cm de\u011fi\u015fiklik g\u00f6sterebilir.)<\/p>\n<p>Beden Tablosu:<br \/>\nG\u00f6\u011f\u00fcs Kal\u00e7a Kol Bilek<br \/>\nBeden 36: 126 cm 130 cm 50,5 cm 48 cm<br \/>\nBeden 38: 130 cm 134 cm 51 cm 49 cm<br \/>\nBeden 40: 134 cm 138 cm 51,5 cm 50 cm<br \/>\nBeden 42: 138 cm 142 cm 52 cm 51 cm<\/p>\n<p>Modelin \u00d6l\u00e7\u00fcleri: Boy: 176 cm G\u00f6\u011f\u00fcs: 80 cm Bel: 60 cm Kal\u00e7a: 90 cm Modelin Giydi\u011fi Beden: 36<\/p>\n","protected":false},"excerpt":{"rendered":"<p>%100 pamuk iplikten \u00fcretilen bu uzun mandarin yaka tunik, tamamen do\u011fal yap\u0131s\u0131yla nefes alabilen, cilt dostu bir konfor sunar. Pamuk lifleri sayesinde g\u00fcn boyu ferahl\u0131k hissi verirken \u015f\u0131k bir g\u00f6r\u00fcn\u00fcm\u00fc korur. Kollardaki zarif pile detaylar\u0131, tasar\u0131ma zarif bir hareketlilik ve \u015f\u0131k bir dokunu\u015f katar. Temel stiliyle g\u00fcnl\u00fck kombinasyonlar i\u00e7in hem rahat hem de modern bir [&hellip;]<\/p>\n","protected":false},"featured_media":159138,"comment_status":"open","ping_status":"closed","template":"","meta":[],"product_brand":[],"product_cat":[2050],"product_tag":[],"class_list":{"0":"post-159149","1":"product","2":"type-product","3":"status-publish","4":"has-post-thumbnail","6":"product_cat-blazer-ceketler","7":"pa_brand-he-qa","8":"pa_color-soft-kasmir","9":"pa_size-4701","10":"pa_size-4706","11":"pa_size-4711","12":"pa_size-4713","14":"first","15":"instock","16":"sale","17":"shipping-taxable","18":"purchasable","19":"product-type-variable"},"_links":{"self":[{"href":"https:\/\/mod.wisdar.net\/tr\/wp-json\/wp\/v2\/product\/159149","targetHints":{"allow":["GET"]}}],"collection":[{"href":"https:\/\/mod.wisdar.net\/tr\/wp-json\/wp\/v2\/product"}],"about":[{"href":"https:\/\/mod.wisdar.net\/tr\/wp-json\/wp\/v2\/types\/product"}],"replies":[{"embeddable":true,"href":"https:\/\/mod.wisdar.net\/tr\/wp-json\/wp\/v2\/comments?post=159149"}],"wp:featuredmedia":[{"embeddable":true,"href":"https:\/\/mod.wisdar.net\/tr\/wp-json\/wp\/v2\/media\/159138"}],"wp:attachment":[{"href":"https:\/\/mod.wisdar.net\/tr\/wp-json\/wp\/v2\/media?parent=159149"}],"wp:term":[{"taxonomy":"product_brand","embeddable":true,"href":"https:\/\/mod.wisdar.net\/tr\/wp-json\/wp\/v2\/product_brand?post=159149"},{"taxonomy":"product_cat","embeddable":true,"href":"https:\/\/mod.wisdar.net\/tr\/wp-json\/wp\/v2\/product_cat?post=159149"},{"taxonomy":"product_tag","embeddable":true,"href":"https:\/\/mod.wisdar.net\/tr\/wp-json\/wp\/v2\/product_tag?post=159149"}],"curies":[{"name":"wp","href":"https:\/\/api.w.org\/{rel}","templated":true}]}}