{"id":159334,"date":"2026-02-28T20:47:15","date_gmt":"2026-02-28T20:47:15","guid":{"rendered":"https:\/\/modesthanim.com\/product\/modern-cep-detayli-gomlek-bordo\/"},"modified":"2026-03-31T12:51:28","modified_gmt":"2026-03-31T12:51:28","slug":"modern-cep-detayli-gomlek-bordo","status":"publish","type":"product","link":"https:\/\/mod.wisdar.net\/tr\/urun\/modern-cep-detayli-gomlek-bordo\/","title":{"rendered":"Modern Cep Detayl\u0131 G\u00f6mlek Bordo"},"content":{"rendered":"<p>%92 Viskon %8 Polyester i\u00e7eri\u011fe sahip Modern Cep Detayl\u0131 G\u00f6mlek , i\u00e7eri\u011findeki viskon sebebiyle nefes alabilen kuma\u015f\u0131yla g\u00fcn boyu konfor sunarken polyester dayan\u0131kl\u0131l\u0131\u011f\u0131n\u0131 sa\u011flar. Rahat ve modern tasar\u0131m\u0131yla \u00f6ne \u00e7\u0131kar. Hafif ve ak\u0131c\u0131 yap\u0131s\u0131 v\u00fccuda dengeli bir duru\u015f kazand\u0131r\u0131rken, cep detaylar\u0131 modele hareket ve karakter katar.Minimal \u00e7izgisi sayesinde hem g\u00fcnl\u00fck kombinlerde hem de daha \u00f6zenli \u015fehir stilinde rahatl\u0131kla tercih edilebilir. Spor ve \u015f\u0131k g\u00f6r\u00fcn\u00fcm\u00fc bir arada sunan zamans\u0131z bir par\u00e7ad\u0131r.Kal\u0131p bilgisi: Rahat kal\u0131ba sahiptir; kendi bedeninizi tercih etmeniz \u00f6nerilir.Bak\u0131m \u00f6nerisi: 30\u00b0C\u2019de benzer renklerle y\u0131kay\u0131n\u0131z. A\u011fart\u0131c\u0131 kullanmay\u0131n\u0131z. D\u00fc\u015f\u00fck \u0131s\u0131da \u00fct\u00fcleyiniz.Boy: 73 cm (\u00dcr\u00fcn boyu \u00fcretimler aras\u0131 1-5 cm de\u011fi\u015febilir.)Kal\u0131p Bilgisi:G\u00f6\u011f\u00fcsBasenKol Boyu Pazu1 Beden: 116 cm 120 cm 59 cm 41 cm 2 Beden: 122 cm 126 cm 59,5 cm 43 cm Manken \u00d6l\u00e7\u00fcleri:Boy: 176 cmG\u00f6\u011f\u00fcs: 80 cmBel: 60 cmBasen: 90 cmMankenin \u00dczerindeki Beden: 1<\/p>\n","protected":false},"excerpt":{"rendered":"<p>%92 Viskon %8 Polyester i\u00e7eri\u011fe sahip Modern Cep Detayl\u0131 G\u00f6mlek , i\u00e7eri\u011findeki viskon sebebiyle nefes alabilen kuma\u015f\u0131yla g\u00fcn boyu konfor sunarken polyester dayan\u0131kl\u0131l\u0131\u011f\u0131n\u0131 sa\u011flar. Rahat ve modern tasar\u0131m\u0131yla \u00f6ne \u00e7\u0131kar. Hafif ve ak\u0131c\u0131 yap\u0131s\u0131 v\u00fccuda dengeli bir duru\u015f kazand\u0131r\u0131rken, cep detaylar\u0131 modele hareket ve karakter katar.Minimal \u00e7izgisi sayesinde hem g\u00fcnl\u00fck kombinlerde hem de daha \u00f6zenli [&hellip;]<\/p>\n","protected":false},"featured_media":159323,"comment_status":"open","ping_status":"closed","template":"","meta":[],"product_brand":[],"product_cat":[1909],"product_tag":[7150,8048,7426,6876,6841],"class_list":{"0":"post-159334","1":"product","2":"type-product","3":"status-publish","4":"has-post-thumbnail","6":"product_cat-bluzlar-ve-gomlekler","7":"product_tag-bordo","8":"product_tag-cep-detayi","9":"product_tag-gunluk-giyim-3","10":"product_tag-rahat-kesim","11":"product_tag-sehir-stili-2","12":"pa_brand-he-qa","13":"pa_color-bordo","14":"pa_size-4446","15":"pa_size-4463","17":"first","18":"outofstock","19":"shipping-taxable","20":"product-type-variable"},"_links":{"self":[{"href":"https:\/\/mod.wisdar.net\/tr\/wp-json\/wp\/v2\/product\/159334","targetHints":{"allow":["GET"]}}],"collection":[{"href":"https:\/\/mod.wisdar.net\/tr\/wp-json\/wp\/v2\/product"}],"about":[{"href":"https:\/\/mod.wisdar.net\/tr\/wp-json\/wp\/v2\/types\/product"}],"replies":[{"embeddable":true,"href":"https:\/\/mod.wisdar.net\/tr\/wp-json\/wp\/v2\/comments?post=159334"}],"wp:featuredmedia":[{"embeddable":true,"href":"https:\/\/mod.wisdar.net\/tr\/wp-json\/wp\/v2\/media\/159323"}],"wp:attachment":[{"href":"https:\/\/mod.wisdar.net\/tr\/wp-json\/wp\/v2\/media?parent=159334"}],"wp:term":[{"taxonomy":"product_brand","embeddable":true,"href":"https:\/\/mod.wisdar.net\/tr\/wp-json\/wp\/v2\/product_brand?post=159334"},{"taxonomy":"product_cat","embeddable":true,"href":"https:\/\/mod.wisdar.net\/tr\/wp-json\/wp\/v2\/product_cat?post=159334"},{"taxonomy":"product_tag","embeddable":true,"href":"https:\/\/mod.wisdar.net\/tr\/wp-json\/wp\/v2\/product_tag?post=159334"}],"curies":[{"name":"wp","href":"https:\/\/api.w.org\/{rel}","templated":true}]}}