{"id":159363,"date":"2026-02-28T20:48:16","date_gmt":"2026-02-28T20:48:16","guid":{"rendered":"https:\/\/modesthanim.com\/product\/double-breasted-pamuk-gomlek-yag-yesili\/"},"modified":"2026-03-20T03:40:54","modified_gmt":"2026-03-20T03:40:54","slug":"double-breasted-pamuk-gomlek-yag-yesili","status":"publish","type":"product","link":"https:\/\/mod.wisdar.net\/tr\/urun\/double-breasted-pamuk-gomlek-yag-yesili\/","title":{"rendered":"Double Breasted Pamuk G\u00f6mlek Ya\u011f Ye\u015fili"},"content":{"rendered":"<p>%100 pamuk kuma\u015ftan \u00fcretilen bu g\u00f6mlek, tamamen do\u011fal lifleri sayesinde nefes alabilen ve cilt dostu bir konfor sunar. Ka\u011f\u0131t dokulu biti\u015fi \u00f6zellikle tercih edilmi\u015ftir; kuma\u015f\u0131n do\u011fal k\u0131r\u0131\u015fkan yap\u0131s\u0131 tasar\u0131ma karakter ve benzersiz bir \u00e7ekicilik katar \u2013 bu k\u0131r\u0131\u015f\u0131kl\u0131klar rahats\u0131zl\u0131k vermez.<br \/>\n\u00c7apraz kapan\u0131\u015f zarif bir g\u00f6r\u00fcn\u00fcm eklerken, yaka a\u00e7\u0131k veya kapal\u0131 giyme se\u00e7ene\u011fi tasar\u0131m\u0131 \u00e7ok y\u00f6nl\u00fc ve \u015f\u0131k hale getirir. G\u00fcnl\u00fck, i\u015f veya \u00f6zel kombinasyonlarda kolayca giyilebilen zamans\u0131z bir par\u00e7ad\u0131r.<br \/>\nUyum bilgisi: Rahat, bol bir uyuma sahiptir; isterseniz bir beden k\u00fc\u00e7\u00fck se\u00e7ebilirsiniz.<br \/>\nBak\u0131m talimatlar\u0131: Benzer renklerle 30\u00b0C&#8217;de y\u0131kay\u0131n. \u00c7ama\u015f\u0131r suyu kullanmay\u0131n. D\u00fc\u015f\u00fck \u0131s\u0131da \u00fct\u00fcleyin.<br \/>\nBu \u00fcr\u00fcn\u00fc %100 pamuk pantolonumuzla e\u015fle\u015ftirerek tam bir g\u00f6r\u00fcn\u00fcm elde edebilirsiniz. \u00dcr\u00fcn\u00fc bulmak i\u00e7in l\u00fctfen a\u015fa\u011f\u0131daki \u201cTamamlay\u0131c\u0131 \u00dcr\u00fcnler\u201d b\u00f6l\u00fcm\u00fcne bak\u0131n.<br \/>\n\u00d6n Uzunluk: 60 cm<br \/>\nArka Uzunluk: 75 cm (\u00dcretim partileri aras\u0131nda \u00fcr\u00fcn uzunlu\u011fu 1-5 cm de\u011fi\u015fiklik g\u00f6sterebilir.)<\/p>\n<p>Beden Tablosu:<br \/>\nG\u00f6\u011f\u00fcs<br \/>\nKal\u00e7a<br \/>\nKol<br \/>\nPazu<\/p>\n<p>Beden 1:<br \/>\n128 cm<br \/>\n144 cm<br \/>\n79 cm<br \/>\n41 cm<\/p>\n<p>Beden 2:<br \/>\n132 cm<br \/>\n148 cm<br \/>\n79 cm<br \/>\n43 cm<\/p>\n<p>Modelin \u00d6l\u00e7\u00fcleri:<br \/>\nBoy: 176 cm<br \/>\nG\u00f6\u011f\u00fcs: 80 cm<br \/>\nBel: 60 cm<br \/>\nKal\u00e7a: 90 cm<br \/>\nModelin Giyimi: Beden 1<\/p>\n","protected":false},"excerpt":{"rendered":"<p>%100 pamuk kuma\u015ftan \u00fcretilen bu g\u00f6mlek, tamamen do\u011fal lifleri sayesinde nefes alabilen ve cilt dostu bir konfor sunar. Ka\u011f\u0131t dokulu biti\u015fi \u00f6zellikle tercih edilmi\u015ftir; kuma\u015f\u0131n do\u011fal k\u0131r\u0131\u015fkan yap\u0131s\u0131 tasar\u0131ma karakter ve benzersiz bir \u00e7ekicilik katar \u2013 bu k\u0131r\u0131\u015f\u0131kl\u0131klar rahats\u0131zl\u0131k vermez. \u00c7apraz kapan\u0131\u015f zarif bir g\u00f6r\u00fcn\u00fcm eklerken, yaka a\u00e7\u0131k veya kapal\u0131 giyme se\u00e7ene\u011fi tasar\u0131m\u0131 \u00e7ok y\u00f6nl\u00fc [&hellip;]<\/p>\n","protected":false},"featured_media":159353,"comment_status":"open","ping_status":"closed","template":"","meta":[],"product_brand":[],"product_cat":[1909],"product_tag":[],"class_list":{"0":"post-159363","1":"product","2":"type-product","3":"status-publish","4":"has-post-thumbnail","6":"product_cat-bluzlar-ve-gomlekler","7":"pa_brand-he-qa","8":"pa_color-yag-yesili","9":"pa_size-4446","10":"pa_size-4463","12":"first","13":"outofstock","14":"shipping-taxable","15":"product-type-variable"},"_links":{"self":[{"href":"https:\/\/mod.wisdar.net\/tr\/wp-json\/wp\/v2\/product\/159363","targetHints":{"allow":["GET"]}}],"collection":[{"href":"https:\/\/mod.wisdar.net\/tr\/wp-json\/wp\/v2\/product"}],"about":[{"href":"https:\/\/mod.wisdar.net\/tr\/wp-json\/wp\/v2\/types\/product"}],"replies":[{"embeddable":true,"href":"https:\/\/mod.wisdar.net\/tr\/wp-json\/wp\/v2\/comments?post=159363"}],"wp:featuredmedia":[{"embeddable":true,"href":"https:\/\/mod.wisdar.net\/tr\/wp-json\/wp\/v2\/media\/159353"}],"wp:attachment":[{"href":"https:\/\/mod.wisdar.net\/tr\/wp-json\/wp\/v2\/media?parent=159363"}],"wp:term":[{"taxonomy":"product_brand","embeddable":true,"href":"https:\/\/mod.wisdar.net\/tr\/wp-json\/wp\/v2\/product_brand?post=159363"},{"taxonomy":"product_cat","embeddable":true,"href":"https:\/\/mod.wisdar.net\/tr\/wp-json\/wp\/v2\/product_cat?post=159363"},{"taxonomy":"product_tag","embeddable":true,"href":"https:\/\/mod.wisdar.net\/tr\/wp-json\/wp\/v2\/product_tag?post=159363"}],"curies":[{"name":"wp","href":"https:\/\/api.w.org\/{rel}","templated":true}]}}