{"id":159427,"date":"2026-02-28T20:51:23","date_gmt":"2026-02-28T20:51:23","guid":{"rendered":"https:\/\/modesthanim.com\/product\/%100-pamuk-kruvaze-gomlek-lacivert\/"},"modified":"2026-03-20T03:32:18","modified_gmt":"2026-03-20T03:32:18","slug":"%100-pamuk-kruvaze-gomlek-lacivert","status":"publish","type":"product","link":"https:\/\/mod.wisdar.net\/tr\/urun\/%100-pamuk-kruvaze-gomlek-lacivert\/","title":{"rendered":"%100 Pamuk Kruvaze G\u00f6mlek Lacivert"},"content":{"rendered":"<p>%100 pamuk kuma\u015ftan \u00fcretilen bu g\u00f6mlek, tamamen do\u011fal lifleri sayesinde nefes alabilir ve cilde dost bir kullan\u0131m sunar. Ka\u011f\u0131t dokulu tutumu \u00f6zellikle tercih edilmi\u015f olup, kuma\u015f\u0131n do\u011fal k\u0131r\u0131\u015fabilen yap\u0131s\u0131 modele karakter ve \u00f6zg\u00fcn bir hava kazand\u0131r\u0131r; bu k\u0131r\u0131\u015f\u0131kl\u0131k rahats\u0131z edici de\u011fildir.Kruvaze kapanma detay\u0131 g\u00f6mle\u011fe \u015f\u0131k bir g\u00f6r\u00fcn\u00fcm kazand\u0131r\u0131rken, yakay\u0131 a\u00e7\u0131k veya kapal\u0131 kullanma imk\u00e2n\u0131 modeli \u00e7ok y\u00f6nl\u00fc ve stil sahibi k\u0131lar. G\u00fcnl\u00fck, i\u015f ve \u00f6zel kombinlerde rahatl\u0131kla tercih edilebilecek zamans\u0131z bir par\u00e7ad\u0131r.Kal\u0131p bilgisi: Rahat, bol bir kal\u0131pt\u0131r; isterseniz bir beden k\u00fc\u00e7\u00fck tercih edebilirsiniz.Bak\u0131m \u00f6nerisi: 30\u00b0C\u2019de benzer renklerle y\u0131kay\u0131n\u0131z. A\u011fart\u0131c\u0131 kullanmay\u0131n\u0131z. D\u00fc\u015f\u00fck \u0131s\u0131da \u00fct\u00fcleyiniz.<br \/>\nBu \u00fcr\u00fcn\u00fc dilerseniz %100 pamuk pantolon ile kombinleyebilirsiniz. \u0130lgili \u00fcr\u00fcne ula\u015fmak i\u00e7in a\u015fa\u011f\u0131da yer alan \u201cTamamlay\u0131c\u0131 \u00dcr\u00fcnler\u201d b\u00f6l\u00fcm\u00fcne g\u00f6z atabilirsiniz.<\/p>\n<p>\u00d6n Boy: 60 cm<br \/>\nArka Boy: 75 cm\u00a0(\u00dcr\u00fcn boyu \u00fcretimler aras\u0131 1-5 cm de\u011fi\u015febilir.)<\/p>\n<p>Kal\u0131p Bilgisi:<br \/>\nG\u00f6\u011f\u00fcs<br \/>\nBasen\u00a0<br \/>\nKol Boyu<br \/>\nPazu\u00a0<\/p>\n<p>1 Beden:\u00a0<br \/>\n128 cm\u00a0<br \/>\n144 cm\u00a0<br \/>\n79 cm\u00a0<br \/>\n41 cm\u00a0<\/p>\n<p>2 Beden:\u00a0<br \/>\n132 cm\u00a0<br \/>\n148 cm\u00a0<br \/>\n79 cm\u00a0<br \/>\n43 cm\u00a0<\/p>\n<p>Manken \u00d6l\u00e7\u00fcleri:Boy: 176 cmG\u00f6\u011f\u00fcs: 80 cmBel: 60 cmBasen: 90 cmMankenin \u00dczerindeki Beden: 1<\/p>\n","protected":false},"excerpt":{"rendered":"<p>%100 pamuk kuma\u015ftan \u00fcretilen bu g\u00f6mlek, tamamen do\u011fal lifleri sayesinde nefes alabilir ve cilde dost bir kullan\u0131m sunar. Ka\u011f\u0131t dokulu tutumu \u00f6zellikle tercih edilmi\u015f olup, kuma\u015f\u0131n do\u011fal k\u0131r\u0131\u015fabilen yap\u0131s\u0131 modele karakter ve \u00f6zg\u00fcn bir hava kazand\u0131r\u0131r; bu k\u0131r\u0131\u015f\u0131kl\u0131k rahats\u0131z edici de\u011fildir.Kruvaze kapanma detay\u0131 g\u00f6mle\u011fe \u015f\u0131k bir g\u00f6r\u00fcn\u00fcm kazand\u0131r\u0131rken, yakay\u0131 a\u00e7\u0131k veya kapal\u0131 kullanma imk\u00e2n\u0131 modeli [&hellip;]<\/p>\n","protected":false},"featured_media":159416,"comment_status":"open","ping_status":"closed","template":"","meta":[],"product_brand":[],"product_cat":[1909],"product_tag":[6936,7426,7238,6882],"class_list":{"0":"post-159427","1":"product","2":"type-product","3":"status-publish","4":"has-post-thumbnail","6":"product_cat-bluzlar-ve-gomlekler","7":"product_tag-cok-yonlu","8":"product_tag-gunluk-giyim-3","9":"product_tag-lacivert","10":"product_tag-rahat-kesim-2","11":"pa_brand-he-qa","12":"pa_color-lacivert","13":"pa_size-4446","14":"pa_size-4463","16":"first","17":"outofstock","18":"shipping-taxable","19":"product-type-variable"},"_links":{"self":[{"href":"https:\/\/mod.wisdar.net\/tr\/wp-json\/wp\/v2\/product\/159427","targetHints":{"allow":["GET"]}}],"collection":[{"href":"https:\/\/mod.wisdar.net\/tr\/wp-json\/wp\/v2\/product"}],"about":[{"href":"https:\/\/mod.wisdar.net\/tr\/wp-json\/wp\/v2\/types\/product"}],"replies":[{"embeddable":true,"href":"https:\/\/mod.wisdar.net\/tr\/wp-json\/wp\/v2\/comments?post=159427"}],"wp:featuredmedia":[{"embeddable":true,"href":"https:\/\/mod.wisdar.net\/tr\/wp-json\/wp\/v2\/media\/159416"}],"wp:attachment":[{"href":"https:\/\/mod.wisdar.net\/tr\/wp-json\/wp\/v2\/media?parent=159427"}],"wp:term":[{"taxonomy":"product_brand","embeddable":true,"href":"https:\/\/mod.wisdar.net\/tr\/wp-json\/wp\/v2\/product_brand?post=159427"},{"taxonomy":"product_cat","embeddable":true,"href":"https:\/\/mod.wisdar.net\/tr\/wp-json\/wp\/v2\/product_cat?post=159427"},{"taxonomy":"product_tag","embeddable":true,"href":"https:\/\/mod.wisdar.net\/tr\/wp-json\/wp\/v2\/product_tag?post=159427"}],"curies":[{"name":"wp","href":"https:\/\/api.w.org\/{rel}","templated":true}]}}