{"id":159460,"date":"2026-02-28T20:52:04","date_gmt":"2026-02-28T20:52:04","guid":{"rendered":"https:\/\/modesthanim.com\/product\/partite-modal-gomlek-old-rose\/"},"modified":"2026-04-07T08:41:17","modified_gmt":"2026-04-07T08:41:17","slug":"partite-modal-gomlek-old-rose","status":"publish","type":"product","link":"https:\/\/mod.wisdar.net\/tr\/urun\/partite-modal-gomlek-old-rose\/","title":{"rendered":"Partite Modal G\u00f6mlek Old Rose"},"content":{"rendered":"<p>Modal kuma\u015ftan \u00fcretilmi\u015f g\u00f6mlek. Klasik yakal\u0131, d\u00fc\u011fmeli, d\u00fc\u015f\u00fck omuzlu, man\u015fetli ve tek g\u00f6\u011f\u00fcs cebine sahiptir. Uzunluk: 108 cm (\u00dcretim toleranslar\u0131na ba\u011fl\u0131 olarak uzunluk 1-5 cm aras\u0131nda de\u011fi\u015fiklik g\u00f6sterebilir) Not: Modal kuma\u015f tamamen do\u011fal oldu\u011fu i\u00e7in \u00f6zenli kullan\u0131m gerektirir. Makinede hassas programda, ters \u00e7evrilmi\u015f halde ve 30 derecede y\u0131kanmal\u0131d\u0131r. 15 dakika y\u0131kay\u0131p ask\u0131da kurutursan\u0131z uzun s\u00fcreli kullan\u0131m sa\u011flayabilirsiniz. Aksi takdirde \u00fcr\u00fcn renginde solma meydana gelebilir ve solma nedeniyle iade kabul edilmemektedir. Modal kuma\u015f\u0131n ilk y\u0131kamadan sonra %5 eskitme etkisi g\u00f6stermesi do\u011fal bir sonu\u00e7tur. Beden Tablosu: G\u00f6\u011f\u00fcs Kal\u00e7a Biceps Beden 36: 108 cm 116 cm 36 cm Beden 38: 112 cm 120 cm 38 cm Beden 40: 116 cm 124 cm 40 cm Beden 42: 120 cm 128 cm 42 cm Modelin Beden Bilgileri: Boy: 176 cm G\u00f6\u011f\u00fcs: 84 cm Bel: 60 cm Kal\u00e7a: 89 cm Modeldeki Beden: 36<\/p>\n","protected":false},"excerpt":{"rendered":"<p>Modal kuma\u015ftan \u00fcretilmi\u015f g\u00f6mlek. Klasik yakal\u0131, d\u00fc\u011fmeli, d\u00fc\u015f\u00fck omuzlu, man\u015fetli ve tek g\u00f6\u011f\u00fcs cebine sahiptir. Uzunluk: 108 cm (\u00dcretim toleranslar\u0131na ba\u011fl\u0131 olarak uzunluk 1-5 cm aras\u0131nda de\u011fi\u015fiklik g\u00f6sterebilir) Not: Modal kuma\u015f tamamen do\u011fal oldu\u011fu i\u00e7in \u00f6zenli kullan\u0131m gerektirir. Makinede hassas programda, ters \u00e7evrilmi\u015f halde ve 30 derecede y\u0131kanmal\u0131d\u0131r. 15 dakika y\u0131kay\u0131p ask\u0131da kurutursan\u0131z uzun s\u00fcreli [&hellip;]<\/p>\n","protected":false},"featured_media":159447,"comment_status":"open","ping_status":"closed","template":"","meta":[],"product_brand":[],"product_cat":[1909],"product_tag":[],"class_list":{"0":"post-159460","1":"product","2":"type-product","3":"status-publish","4":"has-post-thumbnail","6":"product_cat-bluzlar-ve-gomlekler","7":"pa_brand-he-qa","8":"pa_color-gul-kurusu","9":"pa_size-4701","10":"pa_size-4706","11":"pa_size-4711","12":"pa_size-4713","14":"first","15":"outofstock","16":"shipping-taxable","17":"product-type-variable"},"_links":{"self":[{"href":"https:\/\/mod.wisdar.net\/tr\/wp-json\/wp\/v2\/product\/159460","targetHints":{"allow":["GET"]}}],"collection":[{"href":"https:\/\/mod.wisdar.net\/tr\/wp-json\/wp\/v2\/product"}],"about":[{"href":"https:\/\/mod.wisdar.net\/tr\/wp-json\/wp\/v2\/types\/product"}],"replies":[{"embeddable":true,"href":"https:\/\/mod.wisdar.net\/tr\/wp-json\/wp\/v2\/comments?post=159460"}],"wp:featuredmedia":[{"embeddable":true,"href":"https:\/\/mod.wisdar.net\/tr\/wp-json\/wp\/v2\/media\/159447"}],"wp:attachment":[{"href":"https:\/\/mod.wisdar.net\/tr\/wp-json\/wp\/v2\/media?parent=159460"}],"wp:term":[{"taxonomy":"product_brand","embeddable":true,"href":"https:\/\/mod.wisdar.net\/tr\/wp-json\/wp\/v2\/product_brand?post=159460"},{"taxonomy":"product_cat","embeddable":true,"href":"https:\/\/mod.wisdar.net\/tr\/wp-json\/wp\/v2\/product_cat?post=159460"},{"taxonomy":"product_tag","embeddable":true,"href":"https:\/\/mod.wisdar.net\/tr\/wp-json\/wp\/v2\/product_tag?post=159460"}],"curies":[{"name":"wp","href":"https:\/\/api.w.org\/{rel}","templated":true}]}}