{"id":159524,"date":"2026-02-28T20:54:32","date_gmt":"2026-02-28T20:54:32","guid":{"rendered":"https:\/\/modesthanim.com\/product\/kemer-detayli-uzun-gomlek-bordo\/"},"modified":"2026-03-20T03:23:01","modified_gmt":"2026-03-20T03:23:01","slug":"kemer-detayli-uzun-gomlek-bordo","status":"publish","type":"product","link":"https:\/\/mod.wisdar.net\/tr\/urun\/kemer-detayli-uzun-gomlek-bordo\/","title":{"rendered":"Kemer Detayl\u0131 Uzun G\u00f6mlek Bordo"},"content":{"rendered":"<p>%100 pamuktan \u00fcretilen ve \u00f6zel dokunmu\u015f ince gabardin kuma\u015f\u0131yla bu g\u00f6mlek, nefes alabilen yap\u0131s\u0131, do\u011fal yumu\u015fakl\u0131\u011f\u0131 ve hafif dokusuyla t\u00fcm g\u00fcn konfor sunar. Pamuk gabardinin dayan\u0131kl\u0131 ve sa\u011flam yap\u0131s\u0131, g\u00f6mle\u011fe zarif ve uzun \u00f6m\u00fcrl\u00fc bir form kazand\u0131r\u0131r. Oversize cep detaylar\u0131 ve beldeki kemer tasar\u0131m\u0131 modern ve ay\u0131rt edici bir dokunu\u015f katarken, \u00f6zg\u00fcn silueti klasik g\u00f6mlek stilini sportif bir yorumla bulu\u015fturur. Hem g\u00fcnl\u00fck kombinler hem de daha \u015f\u0131k \u015fehir giyim tarzlar\u0131 i\u00e7in kolayca \u015fekillendirilebilir. Normal bedeniniz ideal oturumu sa\u011flayacakt\u0131r; daha rahat bir g\u00f6r\u00fcn\u00fcm tercih edenler bir beden b\u00fcy\u00fck se\u00e7ebilir. Bak\u0131m talimatlar\u0131: Benzer renklerle 30\u00b0C&#8217;de y\u0131kay\u0131n. \u00c7ama\u015f\u0131r suyu kullanmay\u0131n. Uzunluk: 112 cm (\u00dcr\u00fcn uzunlu\u011fu \u00fcretim partileri aras\u0131nda 1-5 cm farkl\u0131l\u0131k g\u00f6sterebilir.) Boyut Tablosu: G\u00f6\u011f\u00fcs Kal\u00e7a Kol Bilek \u00d6l\u00e7\u00fcleri Beden 36: 109 cm 114 cm 55,5 cm 41 cm Beden 38: 113 cm 118 cm 56 cm 43 cm Beden 40: 117 cm 122 cm 56,5 cm 45 cm Beden 42: 121 cm 126 cm 57 cm 47 cm Modelin \u00d6l\u00e7\u00fcleri: Boy: 175 cm G\u00f6\u011f\u00fcs: 81 cm Bel: 60 cm Kal\u00e7a: 89 cm Modelin Giydi\u011fi Beden: 36<\/p>\n","protected":false},"excerpt":{"rendered":"<p>%100 pamuktan \u00fcretilen ve \u00f6zel dokunmu\u015f ince gabardin kuma\u015f\u0131yla bu g\u00f6mlek, nefes alabilen yap\u0131s\u0131, do\u011fal yumu\u015fakl\u0131\u011f\u0131 ve hafif dokusuyla t\u00fcm g\u00fcn konfor sunar. Pamuk gabardinin dayan\u0131kl\u0131 ve sa\u011flam yap\u0131s\u0131, g\u00f6mle\u011fe zarif ve uzun \u00f6m\u00fcrl\u00fc bir form kazand\u0131r\u0131r. Oversize cep detaylar\u0131 ve beldeki kemer tasar\u0131m\u0131 modern ve ay\u0131rt edici bir dokunu\u015f katarken, \u00f6zg\u00fcn silueti klasik g\u00f6mlek [&hellip;]<\/p>\n","protected":false},"featured_media":159513,"comment_status":"open","ping_status":"closed","template":"","meta":[],"product_brand":[],"product_cat":[1909],"product_tag":[],"class_list":{"0":"post-159524","1":"product","2":"type-product","3":"status-publish","4":"has-post-thumbnail","6":"product_cat-bluzlar-ve-gomlekler","7":"pa_brand-he-qa","8":"pa_color-bordo","9":"pa_size-4701","10":"pa_size-4706","11":"pa_size-4711","12":"pa_size-4713","14":"first","15":"outofstock","16":"shipping-taxable","17":"product-type-variable"},"_links":{"self":[{"href":"https:\/\/mod.wisdar.net\/tr\/wp-json\/wp\/v2\/product\/159524","targetHints":{"allow":["GET"]}}],"collection":[{"href":"https:\/\/mod.wisdar.net\/tr\/wp-json\/wp\/v2\/product"}],"about":[{"href":"https:\/\/mod.wisdar.net\/tr\/wp-json\/wp\/v2\/types\/product"}],"replies":[{"embeddable":true,"href":"https:\/\/mod.wisdar.net\/tr\/wp-json\/wp\/v2\/comments?post=159524"}],"wp:featuredmedia":[{"embeddable":true,"href":"https:\/\/mod.wisdar.net\/tr\/wp-json\/wp\/v2\/media\/159513"}],"wp:attachment":[{"href":"https:\/\/mod.wisdar.net\/tr\/wp-json\/wp\/v2\/media?parent=159524"}],"wp:term":[{"taxonomy":"product_brand","embeddable":true,"href":"https:\/\/mod.wisdar.net\/tr\/wp-json\/wp\/v2\/product_brand?post=159524"},{"taxonomy":"product_cat","embeddable":true,"href":"https:\/\/mod.wisdar.net\/tr\/wp-json\/wp\/v2\/product_cat?post=159524"},{"taxonomy":"product_tag","embeddable":true,"href":"https:\/\/mod.wisdar.net\/tr\/wp-json\/wp\/v2\/product_tag?post=159524"}],"curies":[{"name":"wp","href":"https:\/\/api.w.org\/{rel}","templated":true}]}}