{"id":159592,"date":"2026-02-28T20:56:52","date_gmt":"2026-02-28T20:56:52","guid":{"rendered":"https:\/\/modesthanim.com\/product\/kemer-detayli-uzun-gomlek-siyah\/"},"modified":"2026-04-15T20:47:27","modified_gmt":"2026-04-15T20:47:27","slug":"kemer-detayli-uzun-gomlek-siyah","status":"publish","type":"product","link":"https:\/\/mod.wisdar.net\/tr\/urun\/kemer-detayli-uzun-gomlek-siyah\/","title":{"rendered":"Kemer Detayl\u0131 Uzun G\u00f6mlek Siyah"},"content":{"rendered":"<p>%100 pamuktan ve \u00f6zel dokunmu\u015f ince gabardin kuma\u015ftan \u00fcretilen bu g\u00f6mlek, nefes alabilen yap\u0131s\u0131, do\u011fal yumu\u015fakl\u0131\u011f\u0131 ve hafif dokusuyla g\u00fcn boyu konfor sunar. Pamuk gabardinin dayan\u0131kl\u0131 ve sa\u011flam yap\u0131s\u0131, g\u00f6mle\u011fe zarif ve uzun \u00f6m\u00fcrl\u00fc bir form kazand\u0131r\u0131r. Oversize cep detaylar\u0131 ve bel b\u00f6lgesindeki kemer tasar\u0131m\u0131 modern ve farkl\u0131 bir dokunu\u015f katarken, e\u015fsiz sil\u00fceti klasik g\u00f6mlek stilini sportif bir yoruma kavu\u015fturur. Hem g\u00fcndelik g\u00f6r\u00fcn\u00fcmler hem de daha \u015f\u0131k \u015fehir kombinleri i\u00e7in kolayca stilize edilebilir. Normal bedeniniz ideal uyumu sa\u011flayacakt\u0131r; daha rahat bir g\u00f6r\u00fcn\u00fcm tercih edenler bir beden b\u00fcy\u00fck se\u00e7ebilir. Bak\u0131m talimatlar\u0131: Benzer renklerle 30\u00b0C&#8217;de y\u0131kay\u0131n. \u00c7ama\u015f\u0131r suyu kullanmay\u0131n. Uzunluk: 112 cm (\u00dcr\u00fcn uzunlu\u011fu \u00fcretim partileri aras\u0131nda 1-5 cm de\u011fi\u015fiklik g\u00f6sterebilir.) Beden Tablosu: G\u00f6\u011f\u00fcs Kal\u00e7a Kol Pazu Beden 36: 109 cm 114 cm 55,5 cm 41 cm Beden 38: 113 cm 118 cm 56 cm 43 cm Beden 40: 117 cm 122 cm 56,5 cm 45 cm Beden 42: 121 cm 126 cm 57 cm 47 cm Modelin \u00d6l\u00e7\u00fcleri: Boy: 175 cm G\u00f6\u011f\u00fcs: 81 cm Bel: 60 cm Kal\u00e7a: 89 cm Modelin Giyilen Bedeni: 36<\/p>\n","protected":false},"excerpt":{"rendered":"<p>%100 pamuktan ve \u00f6zel dokunmu\u015f ince gabardin kuma\u015ftan \u00fcretilen bu g\u00f6mlek, nefes alabilen yap\u0131s\u0131, do\u011fal yumu\u015fakl\u0131\u011f\u0131 ve hafif dokusuyla g\u00fcn boyu konfor sunar. Pamuk gabardinin dayan\u0131kl\u0131 ve sa\u011flam yap\u0131s\u0131, g\u00f6mle\u011fe zarif ve uzun \u00f6m\u00fcrl\u00fc bir form kazand\u0131r\u0131r. Oversize cep detaylar\u0131 ve bel b\u00f6lgesindeki kemer tasar\u0131m\u0131 modern ve farkl\u0131 bir dokunu\u015f katarken, e\u015fsiz sil\u00fceti klasik g\u00f6mlek [&hellip;]<\/p>\n","protected":false},"featured_media":159579,"comment_status":"open","ping_status":"closed","template":"","meta":[],"product_brand":[],"product_cat":[1909],"product_tag":[],"class_list":{"0":"post-159592","1":"product","2":"type-product","3":"status-publish","4":"has-post-thumbnail","6":"product_cat-bluzlar-ve-gomlekler","7":"pa_brand-he-qa","8":"pa_color-siyah","9":"pa_size-4701","10":"pa_size-4706","11":"pa_size-4711","12":"pa_size-4713","14":"first","15":"instock","16":"sale","17":"shipping-taxable","18":"purchasable","19":"product-type-variable"},"_links":{"self":[{"href":"https:\/\/mod.wisdar.net\/tr\/wp-json\/wp\/v2\/product\/159592","targetHints":{"allow":["GET"]}}],"collection":[{"href":"https:\/\/mod.wisdar.net\/tr\/wp-json\/wp\/v2\/product"}],"about":[{"href":"https:\/\/mod.wisdar.net\/tr\/wp-json\/wp\/v2\/types\/product"}],"replies":[{"embeddable":true,"href":"https:\/\/mod.wisdar.net\/tr\/wp-json\/wp\/v2\/comments?post=159592"}],"wp:featuredmedia":[{"embeddable":true,"href":"https:\/\/mod.wisdar.net\/tr\/wp-json\/wp\/v2\/media\/159579"}],"wp:attachment":[{"href":"https:\/\/mod.wisdar.net\/tr\/wp-json\/wp\/v2\/media?parent=159592"}],"wp:term":[{"taxonomy":"product_brand","embeddable":true,"href":"https:\/\/mod.wisdar.net\/tr\/wp-json\/wp\/v2\/product_brand?post=159592"},{"taxonomy":"product_cat","embeddable":true,"href":"https:\/\/mod.wisdar.net\/tr\/wp-json\/wp\/v2\/product_cat?post=159592"},{"taxonomy":"product_tag","embeddable":true,"href":"https:\/\/mod.wisdar.net\/tr\/wp-json\/wp\/v2\/product_tag?post=159592"}],"curies":[{"name":"wp","href":"https:\/\/api.w.org\/{rel}","templated":true}]}}