{"id":159654,"date":"2026-02-28T20:59:00","date_gmt":"2026-02-28T20:59:00","guid":{"rendered":"https:\/\/modesthanim.com\/product\/poplin-gomlek-kisa-kot-mavi\/"},"modified":"2026-04-15T20:42:05","modified_gmt":"2026-04-15T20:42:05","slug":"poplin-gomlek-kisa-kot-mavi","status":"publish","type":"product","link":"https:\/\/mod.wisdar.net\/tr\/urun\/poplin-gomlek-kisa-kot-mavi\/","title":{"rendered":"Poplin G\u00f6mlek K\u0131sa Kot Mavi"},"content":{"rendered":"<p>%50 Pamuk ve %50 Polyester kar\u0131\u015f\u0131ml\u0131 kuma\u015ftan \u00f6n\u00fc d\u00fc\u011fmeli, yakal\u0131, k\u0131sa g\u00f6mlek. Kol ucu man\u015fetli ve d\u00fc\u011fmeli, d\u00fc\u015f\u00fck omuzlu, arkas\u0131 robal\u0131.AKSESUAR \u00dcR\u00dcNE DAH\u0130L DE\u011e\u0130LD\u0130R. Boy: 83 cm (\u00dcr\u00fcn boyu \u00fcretimler aras\u0131 1-5 cm de\u011fi\u015febilir.)Kal\u0131p Bilgisi:G\u00f6\u011f\u00fcsBasenPazu36 Beden: 106 cm 120 cm 47 cm 38 Beden: 110 cm124 cm49 cm 40 Beden: 114 cm128 cm 51 cm 42 Beden: 118 cm132 cm 53 cmManken \u00d6l\u00e7\u00fcleri:Boy: 174 cmG\u00f6\u011f\u00fcs: 84 cmBel: 60 cmBasen: 89 cmManken \u00dczerindeki Beden: 36<\/p>\n","protected":false},"excerpt":{"rendered":"<p>%50 Pamuk ve %50 Polyester kar\u0131\u015f\u0131ml\u0131 kuma\u015ftan \u00f6n\u00fc d\u00fc\u011fmeli, yakal\u0131, k\u0131sa g\u00f6mlek. Kol ucu man\u015fetli ve d\u00fc\u011fmeli, d\u00fc\u015f\u00fck omuzlu, arkas\u0131 robal\u0131.AKSESUAR \u00dcR\u00dcNE DAH\u0130L DE\u011e\u0130LD\u0130R. Boy: 83 cm (\u00dcr\u00fcn boyu \u00fcretimler aras\u0131 1-5 cm de\u011fi\u015febilir.)Kal\u0131p Bilgisi:G\u00f6\u011f\u00fcsBasenPazu36 Beden: 106 cm 120 cm 47 cm 38 Beden: 110 cm124 cm49 cm 40 Beden: 114 cm128 cm 51 cm [&hellip;]<\/p>\n","protected":false},"featured_media":159642,"comment_status":"open","ping_status":"closed","template":"","meta":[],"product_brand":[],"product_cat":[1909],"product_tag":[7426,7425],"class_list":{"0":"post-159654","1":"product","2":"type-product","3":"status-publish","4":"has-post-thumbnail","6":"product_cat-bluzlar-ve-gomlekler","7":"product_tag-gunluk-giyim-3","8":"product_tag-pamuk-karisimi","9":"pa_brand-he-qa","10":"pa_color-kot-mavi","11":"pa_size-4701","12":"pa_size-4706","13":"pa_size-4711","14":"pa_size-4713","16":"first","17":"instock","18":"shipping-taxable","19":"purchasable","20":"product-type-variable"},"_links":{"self":[{"href":"https:\/\/mod.wisdar.net\/tr\/wp-json\/wp\/v2\/product\/159654","targetHints":{"allow":["GET"]}}],"collection":[{"href":"https:\/\/mod.wisdar.net\/tr\/wp-json\/wp\/v2\/product"}],"about":[{"href":"https:\/\/mod.wisdar.net\/tr\/wp-json\/wp\/v2\/types\/product"}],"replies":[{"embeddable":true,"href":"https:\/\/mod.wisdar.net\/tr\/wp-json\/wp\/v2\/comments?post=159654"}],"wp:featuredmedia":[{"embeddable":true,"href":"https:\/\/mod.wisdar.net\/tr\/wp-json\/wp\/v2\/media\/159642"}],"wp:attachment":[{"href":"https:\/\/mod.wisdar.net\/tr\/wp-json\/wp\/v2\/media?parent=159654"}],"wp:term":[{"taxonomy":"product_brand","embeddable":true,"href":"https:\/\/mod.wisdar.net\/tr\/wp-json\/wp\/v2\/product_brand?post=159654"},{"taxonomy":"product_cat","embeddable":true,"href":"https:\/\/mod.wisdar.net\/tr\/wp-json\/wp\/v2\/product_cat?post=159654"},{"taxonomy":"product_tag","embeddable":true,"href":"https:\/\/mod.wisdar.net\/tr\/wp-json\/wp\/v2\/product_tag?post=159654"}],"curies":[{"name":"wp","href":"https:\/\/api.w.org\/{rel}","templated":true}]}}