{"id":159664,"date":"2026-02-28T20:58:52","date_gmt":"2026-02-28T20:58:52","guid":{"rendered":"https:\/\/modesthanim.com\/product\/poplin-gomlek-kisa-siyah\/"},"modified":"2026-04-15T20:47:41","modified_gmt":"2026-04-15T20:47:41","slug":"poplin-gomlek-kisa-siyah","status":"publish","type":"product","link":"https:\/\/mod.wisdar.net\/tr\/urun\/poplin-gomlek-kisa-siyah\/","title":{"rendered":"Poplin G\u00f6mlek K\u0131sa Siyah"},"content":{"rendered":"<p>%50 Pamuk ve %50 Polyester kar\u0131\u015f\u0131ml\u0131 kuma\u015ftan \u00fcretilmi\u015f g\u00f6mlek. \u00d6n\u00fc d\u00fc\u011fmeli, klasik yaka, kol ucu man\u015fetli ve d\u00fc\u011fmeli, hafif d\u00fc\u015f\u00fck kol, y\u0131rtma\u00e7l\u0131, etek ucu yuvarlak kesim.<br \/>\nBoy: 83 cm (\u00dcr\u00fcn boyu \u00fcretimler aras\u0131 1-5 cm de\u011fi\u015febilir.)<br \/>\nY\u0131rtma\u00e7: 13 cm<br \/>\nKal\u0131p Bilgisi: G\u00f6\u011f\u00fcs Basen Pazu<br \/>\n36 Beden: 106 cm 120 cm 47 cm<br \/>\n38 Beden: 110 cm 124 cm 49 cm<br \/>\n40 Beden: 114 cm 128 cm 51 cm<br \/>\n42 Beden: 118 cm 132 cm 53 cm<br \/>\nManken \u00d6l\u00e7\u00fcleri:<br \/>\nBoy: 170 cm<br \/>\nG\u00f6\u011f\u00fcs: 87 cm<br \/>\nBel: 60 cm<br \/>\nBasen: 90 cm<br \/>\nMankenin \u00dczerindeki Beden: 36<\/p>\n","protected":false},"excerpt":{"rendered":"<p>%50 Pamuk ve %50 Polyester kar\u0131\u015f\u0131ml\u0131 kuma\u015ftan \u00fcretilmi\u015f g\u00f6mlek. \u00d6n\u00fc d\u00fc\u011fmeli, klasik yaka, kol ucu man\u015fetli ve d\u00fc\u011fmeli, hafif d\u00fc\u015f\u00fck kol, y\u0131rtma\u00e7l\u0131, etek ucu yuvarlak kesim. Boy: 83 cm (\u00dcr\u00fcn boyu \u00fcretimler aras\u0131 1-5 cm de\u011fi\u015febilir.) Y\u0131rtma\u00e7: 13 cm Kal\u0131p Bilgisi: G\u00f6\u011f\u00fcs Basen Pazu 36 Beden: 106 cm 120 cm 47 cm 38 Beden: 110 [&hellip;]<\/p>\n","protected":false},"featured_media":159644,"comment_status":"open","ping_status":"closed","template":"","meta":[],"product_brand":[],"product_cat":[1909],"product_tag":[7801,7426,7425],"class_list":{"0":"post-159664","1":"product","2":"type-product","3":"status-publish","4":"has-post-thumbnail","6":"product_cat-bluzlar-ve-gomlekler","7":"product_tag-dugmeli","8":"product_tag-gunluk-giyim-3","9":"product_tag-pamuk-karisimi","10":"pa_brand-he-qa","11":"pa_color-siyah","12":"pa_size-4701","13":"pa_size-4706","14":"pa_size-4711","15":"pa_size-4713","17":"first","18":"instock","19":"shipping-taxable","20":"purchasable","21":"product-type-variable"},"_links":{"self":[{"href":"https:\/\/mod.wisdar.net\/tr\/wp-json\/wp\/v2\/product\/159664","targetHints":{"allow":["GET"]}}],"collection":[{"href":"https:\/\/mod.wisdar.net\/tr\/wp-json\/wp\/v2\/product"}],"about":[{"href":"https:\/\/mod.wisdar.net\/tr\/wp-json\/wp\/v2\/types\/product"}],"replies":[{"embeddable":true,"href":"https:\/\/mod.wisdar.net\/tr\/wp-json\/wp\/v2\/comments?post=159664"}],"wp:featuredmedia":[{"embeddable":true,"href":"https:\/\/mod.wisdar.net\/tr\/wp-json\/wp\/v2\/media\/159644"}],"wp:attachment":[{"href":"https:\/\/mod.wisdar.net\/tr\/wp-json\/wp\/v2\/media?parent=159664"}],"wp:term":[{"taxonomy":"product_brand","embeddable":true,"href":"https:\/\/mod.wisdar.net\/tr\/wp-json\/wp\/v2\/product_brand?post=159664"},{"taxonomy":"product_cat","embeddable":true,"href":"https:\/\/mod.wisdar.net\/tr\/wp-json\/wp\/v2\/product_cat?post=159664"},{"taxonomy":"product_tag","embeddable":true,"href":"https:\/\/mod.wisdar.net\/tr\/wp-json\/wp\/v2\/product_tag?post=159664"}],"curies":[{"name":"wp","href":"https:\/\/api.w.org\/{rel}","templated":true}]}}