{"id":159745,"date":"2026-02-28T21:06:59","date_gmt":"2026-02-28T21:06:59","guid":{"rendered":"https:\/\/modesthanim.com\/product\/duz-kesim-ecru-jean\/"},"modified":"2026-03-31T08:05:18","modified_gmt":"2026-03-31T08:05:18","slug":"duz-kesim-ecru-jean","status":"publish","type":"product","link":"https:\/\/mod.wisdar.net\/tr\/urun\/duz-kesim-ecru-jean\/","title":{"rendered":"D\u00fcz Kesim Ecru Jean"},"content":{"rendered":"<p>Denim kuma\u015ftan \u00fcretilmi\u015f jean. Fermuarl\u0131, d\u00fc\u011fmeli, d\u00fcz kesim, \u00f6n ve arka ceplere sahiptir. \u00dcr\u00fcn slim fit \u00f6zelliktedir. Uzunluk: 112 cm (Uzunluk, \u00fcretim toleranslar\u0131na ba\u011fl\u0131 olarak 1-3 cm aras\u0131nda de\u011fi\u015fiklik g\u00f6sterebilir) Beden Tablosu: Bel Kal\u00e7a Beden 36: 74 cm 104 cm Beden 38: 78 cm 108 cm Beden 40: 82 cm 112 cm Beden 42: 86 cm 116 cm Modelin Beden Bilgileri: Boy: 178 cm G\u00f6\u011f\u00fcs: 84 cm Bel: 60 cm Kal\u00e7a: 90 cm Modelin Giyim Bedeni: 36<\/p>\n","protected":false},"excerpt":{"rendered":"<p>Denim kuma\u015ftan \u00fcretilmi\u015f jean. Fermuarl\u0131, d\u00fc\u011fmeli, d\u00fcz kesim, \u00f6n ve arka ceplere sahiptir. \u00dcr\u00fcn slim fit \u00f6zelliktedir. Uzunluk: 112 cm (Uzunluk, \u00fcretim toleranslar\u0131na ba\u011fl\u0131 olarak 1-3 cm aras\u0131nda de\u011fi\u015fiklik g\u00f6sterebilir) Beden Tablosu: Bel Kal\u00e7a Beden 36: 74 cm 104 cm Beden 38: 78 cm 108 cm Beden 40: 82 cm 112 cm Beden 42: 86 [&hellip;]<\/p>\n","protected":false},"featured_media":159727,"comment_status":"open","ping_status":"closed","template":"","meta":[],"product_brand":[],"product_cat":[1882],"product_tag":[],"class_list":{"0":"post-159745","1":"product","2":"type-product","3":"status-publish","4":"has-post-thumbnail","6":"product_cat-alt-giyim","7":"pa_brand-he-qa","8":"pa_color-ecru","9":"pa_size-4701","10":"pa_size-4706","11":"pa_size-4711","12":"pa_size-4713","14":"first","15":"instock","16":"shipping-taxable","17":"purchasable","18":"product-type-variable"},"_links":{"self":[{"href":"https:\/\/mod.wisdar.net\/tr\/wp-json\/wp\/v2\/product\/159745","targetHints":{"allow":["GET"]}}],"collection":[{"href":"https:\/\/mod.wisdar.net\/tr\/wp-json\/wp\/v2\/product"}],"about":[{"href":"https:\/\/mod.wisdar.net\/tr\/wp-json\/wp\/v2\/types\/product"}],"replies":[{"embeddable":true,"href":"https:\/\/mod.wisdar.net\/tr\/wp-json\/wp\/v2\/comments?post=159745"}],"wp:featuredmedia":[{"embeddable":true,"href":"https:\/\/mod.wisdar.net\/tr\/wp-json\/wp\/v2\/media\/159727"}],"wp:attachment":[{"href":"https:\/\/mod.wisdar.net\/tr\/wp-json\/wp\/v2\/media?parent=159745"}],"wp:term":[{"taxonomy":"product_brand","embeddable":true,"href":"https:\/\/mod.wisdar.net\/tr\/wp-json\/wp\/v2\/product_brand?post=159745"},{"taxonomy":"product_cat","embeddable":true,"href":"https:\/\/mod.wisdar.net\/tr\/wp-json\/wp\/v2\/product_cat?post=159745"},{"taxonomy":"product_tag","embeddable":true,"href":"https:\/\/mod.wisdar.net\/tr\/wp-json\/wp\/v2\/product_tag?post=159745"}],"curies":[{"name":"wp","href":"https:\/\/api.w.org\/{rel}","templated":true}]}}