{"id":159807,"date":"2026-02-28T21:09:13","date_gmt":"2026-02-28T21:09:13","guid":{"rendered":"https:\/\/modesthanim.com\/product\/palazzo-jean-yazlik-krem\/"},"modified":"2026-04-15T20:40:21","modified_gmt":"2026-04-15T20:40:21","slug":"palazzo-jean-yazlik-krem","status":"publish","type":"product","link":"https:\/\/mod.wisdar.net\/tr\/urun\/palazzo-jean-yazlik-krem\/","title":{"rendered":"Palazzo Jean Yazl\u0131k Krem"},"content":{"rendered":"<p>Denim kuma\u015ftan \u00fcretilmi\u015f jean. Uzunluk: 110 cm (\u00dcretim toleranslar\u0131na g\u00f6re uzunluk 1-3 cm aras\u0131nda de\u011fi\u015fiklik g\u00f6sterebilir) Beden Tablosu: Bel Kal\u00e7a Beden 36: 74 cm 94 cm Beden 38: 78 cm 98 cm Beden 40: 82 cm 102 cm Beden 42: 86 cm 106 cm Beden 44: 90 cm 110 cm Modelin Beden Bilgileri: Boy: 176 cm G\u00f6\u011f\u00fcs: 81 cm Bel: 61 cm Kal\u00e7a: 91 cm Modelin \u00dczerindeki Beden: 36<\/p>\n","protected":false},"excerpt":{"rendered":"<p>Denim kuma\u015ftan \u00fcretilmi\u015f jean. Uzunluk: 110 cm (\u00dcretim toleranslar\u0131na g\u00f6re uzunluk 1-3 cm aras\u0131nda de\u011fi\u015fiklik g\u00f6sterebilir) Beden Tablosu: Bel Kal\u00e7a Beden 36: 74 cm 94 cm Beden 38: 78 cm 98 cm Beden 40: 82 cm 102 cm Beden 42: 86 cm 106 cm Beden 44: 90 cm 110 cm Modelin Beden Bilgileri: Boy: 176 [&hellip;]<\/p>\n","protected":false},"featured_media":159800,"comment_status":"open","ping_status":"closed","template":"","meta":[],"product_brand":[],"product_cat":[1882],"product_tag":[],"class_list":{"0":"post-159807","1":"product","2":"type-product","3":"status-publish","4":"has-post-thumbnail","6":"product_cat-alt-giyim","7":"pa_brand-he-qa","8":"pa_color-karamel","9":"pa_size-4701","10":"pa_size-4706","11":"pa_size-4711","12":"pa_size-4713","13":"pa_size-4751","15":"first","16":"instock","17":"shipping-taxable","18":"purchasable","19":"product-type-variable"},"_links":{"self":[{"href":"https:\/\/mod.wisdar.net\/tr\/wp-json\/wp\/v2\/product\/159807","targetHints":{"allow":["GET"]}}],"collection":[{"href":"https:\/\/mod.wisdar.net\/tr\/wp-json\/wp\/v2\/product"}],"about":[{"href":"https:\/\/mod.wisdar.net\/tr\/wp-json\/wp\/v2\/types\/product"}],"replies":[{"embeddable":true,"href":"https:\/\/mod.wisdar.net\/tr\/wp-json\/wp\/v2\/comments?post=159807"}],"wp:featuredmedia":[{"embeddable":true,"href":"https:\/\/mod.wisdar.net\/tr\/wp-json\/wp\/v2\/media\/159800"}],"wp:attachment":[{"href":"https:\/\/mod.wisdar.net\/tr\/wp-json\/wp\/v2\/media?parent=159807"}],"wp:term":[{"taxonomy":"product_brand","embeddable":true,"href":"https:\/\/mod.wisdar.net\/tr\/wp-json\/wp\/v2\/product_brand?post=159807"},{"taxonomy":"product_cat","embeddable":true,"href":"https:\/\/mod.wisdar.net\/tr\/wp-json\/wp\/v2\/product_cat?post=159807"},{"taxonomy":"product_tag","embeddable":true,"href":"https:\/\/mod.wisdar.net\/tr\/wp-json\/wp\/v2\/product_tag?post=159807"}],"curies":[{"name":"wp","href":"https:\/\/api.w.org\/{rel}","templated":true}]}}