{"id":159834,"date":"2026-02-28T21:09:40","date_gmt":"2026-02-28T21:09:40","guid":{"rendered":"https:\/\/modesthanim.com\/product\/uzun-denim-elbise-mavi\/"},"modified":"2026-03-06T13:29:25","modified_gmt":"2026-03-06T13:29:25","slug":"uzun-denim-elbise-mavi","status":"publish","type":"product","link":"https:\/\/mod.wisdar.net\/tr\/urun\/uzun-denim-elbise-mavi\/","title":{"rendered":"Uzun Denim Elbise Mavi"},"content":{"rendered":"<p>%100 Pamuk denim kuma\u015ftan \u00fcretilen bu uzun elbise, do\u011fal yap\u0131s\u0131 sayesinde cilt dostu ve nefes alabilir bir konfor sunar. G\u00fcn boyu rahatl\u0131k sa\u011flayan tasar\u0131m\u0131, denim kuma\u015f\u0131n zamans\u0131z duru\u015fuyla birle\u015ferek modern ve \u015f\u0131k bir g\u00f6r\u00fcn\u00fcm kazand\u0131r\u0131r. \u00dcr\u00fcn bol bir kal\u0131ba sahiptir; manken \u00fczerindeki kadar bol duru\u015f istemeyenler bir beden k\u00fc\u00e7\u00fck tercih edebilir. \u00dcr\u00fcn\u00fcn kendi kuma\u015f\u0131ndan kemeri mevcuttur; imaj g\u00f6rsellerinde kullan\u0131lan deri kemerler \u00fcr\u00fcne dahil de\u011fildir. Boy: 135,5 cm (\u00dcr\u00fcn boyu \u00fcretimler aras\u0131 1-5 cm de\u011fi\u015febilir.) Kal\u0131p Bilgisi: G\u00f6\u011f\u00fcs Basen Kol Boyu Pazu S-M Beden: 126 cm 127 cm 52 cm 44 cm M-L Beden: 130 cm 131 cm 53 cm 46 cm Manken \u00d6l\u00e7\u00fcleri: Boy: 176 cm G\u00f6\u011f\u00fcs: 84 cm Bel: 62 cm Basen: 88 cm Mankenin \u00dczerindeki Beden: S-M<\/p>\n","protected":false},"excerpt":{"rendered":"<p>%100 Pamuk denim kuma\u015ftan \u00fcretilen bu uzun elbise, do\u011fal yap\u0131s\u0131 sayesinde cilt dostu ve nefes alabilir bir konfor sunar. G\u00fcn boyu rahatl\u0131k sa\u011flayan tasar\u0131m\u0131, denim kuma\u015f\u0131n zamans\u0131z duru\u015fuyla birle\u015ferek modern ve \u015f\u0131k bir g\u00f6r\u00fcn\u00fcm kazand\u0131r\u0131r. \u00dcr\u00fcn bol bir kal\u0131ba sahiptir; manken \u00fczerindeki kadar bol duru\u015f istemeyenler bir beden k\u00fc\u00e7\u00fck tercih edebilir. \u00dcr\u00fcn\u00fcn kendi kuma\u015f\u0131ndan kemeri [&hellip;]<\/p>\n","protected":false},"featured_media":159825,"comment_status":"open","ping_status":"closed","template":"","meta":[],"product_brand":[],"product_cat":[6249,4077],"product_tag":[],"class_list":{"0":"post-159834","1":"product","2":"type-product","3":"status-publish","4":"has-post-thumbnail","6":"product_cat-elbiseler","7":"product_cat-kot-elbiseler","8":"pa_brand-he-qa","9":"pa_color-blue","10":"pa_size-m-l-2","11":"pa_size-s-m-2","13":"first","14":"outofstock","15":"shipping-taxable","16":"product-type-variable"},"_links":{"self":[{"href":"https:\/\/mod.wisdar.net\/tr\/wp-json\/wp\/v2\/product\/159834","targetHints":{"allow":["GET"]}}],"collection":[{"href":"https:\/\/mod.wisdar.net\/tr\/wp-json\/wp\/v2\/product"}],"about":[{"href":"https:\/\/mod.wisdar.net\/tr\/wp-json\/wp\/v2\/types\/product"}],"replies":[{"embeddable":true,"href":"https:\/\/mod.wisdar.net\/tr\/wp-json\/wp\/v2\/comments?post=159834"}],"wp:featuredmedia":[{"embeddable":true,"href":"https:\/\/mod.wisdar.net\/tr\/wp-json\/wp\/v2\/media\/159825"}],"wp:attachment":[{"href":"https:\/\/mod.wisdar.net\/tr\/wp-json\/wp\/v2\/media?parent=159834"}],"wp:term":[{"taxonomy":"product_brand","embeddable":true,"href":"https:\/\/mod.wisdar.net\/tr\/wp-json\/wp\/v2\/product_brand?post=159834"},{"taxonomy":"product_cat","embeddable":true,"href":"https:\/\/mod.wisdar.net\/tr\/wp-json\/wp\/v2\/product_cat?post=159834"},{"taxonomy":"product_tag","embeddable":true,"href":"https:\/\/mod.wisdar.net\/tr\/wp-json\/wp\/v2\/product_tag?post=159834"}],"curies":[{"name":"wp","href":"https:\/\/api.w.org\/{rel}","templated":true}]}}