{"id":159872,"date":"2026-02-28T21:11:39","date_gmt":"2026-02-28T21:11:39","guid":{"rendered":"https:\/\/modesthanim.com\/product\/palazzo-jean-yazlik-mint\/"},"modified":"2026-04-14T08:13:19","modified_gmt":"2026-04-14T08:13:19","slug":"palazzo-jean-yazlik-mint","status":"publish","type":"product","link":"https:\/\/mod.wisdar.net\/tr\/urun\/palazzo-jean-yazlik-mint\/","title":{"rendered":"Palazzo Jean Yazl\u0131k Mint"},"content":{"rendered":"<p>Denim kuma\u015ftan \u00fcretilmi\u015f palazzo jean. Beli d\u00fc\u011fmeli ve fermuarl\u0131, iki adet \u00f6n ve arka cep.<br \/>\nBoy: 110 cm (\u00dcr\u00fcn boyu \u00fcretimler aras\u0131 1-3 cm de\u011fi\u015febilir.)<br \/>\nKal\u0131p Bilgisi: Bel Basen<br \/>\n36 Beden: 74 cm 94 cm<br \/>\n38 Beden: 78 cm 98 cm<br \/>\n40 Beden: 82 cm 102 cm<br \/>\n42 Beden: 86 cm 106 cm<br \/>\n44 Beden: 90 cm 110 cm<br \/>\nManken \u00d6l\u00e7\u00fcleri:<br \/>\nBoy: 176 cm<br \/>\nG\u00f6\u011f\u00fcs: 81 cm<br \/>\nBel: 61 cm<br \/>\nBasen: 91 cm<br \/>\nMankenin \u00dczerindeki Beden: 36<\/p>\n","protected":false},"excerpt":{"rendered":"<p>Denim kuma\u015ftan \u00fcretilmi\u015f palazzo jean. Beli d\u00fc\u011fmeli ve fermuarl\u0131, iki adet \u00f6n ve arka cep. Boy: 110 cm (\u00dcr\u00fcn boyu \u00fcretimler aras\u0131 1-3 cm de\u011fi\u015febilir.) Kal\u0131p Bilgisi: Bel Basen 36 Beden: 74 cm 94 cm 38 Beden: 78 cm 98 cm 40 Beden: 82 cm 102 cm 42 Beden: 86 cm 106 cm 44 Beden: [&hellip;]<\/p>\n","protected":false},"featured_media":159866,"comment_status":"open","ping_status":"closed","template":"","meta":[],"product_brand":[],"product_cat":[1882],"product_tag":[11142,8485,11141,11139,11140,8481],"class_list":{"0":"post-159872","1":"product","2":"type-product","3":"status-publish","4":"has-post-thumbnail","6":"product_cat-alt-giyim","7":"product_tag-denim-palazzo","8":"product_tag-fashion-jeans","9":"product_tag-mint-jeans","10":"product_tag-palazzo-jeans","11":"product_tag-summer-jeans","12":"product_tag-wide-leg-jeans","13":"pa_brand-he-qa","14":"pa_color-mint","15":"pa_size-4701","16":"pa_size-4706","17":"pa_size-4711","18":"pa_size-4713","19":"pa_size-4751","21":"first","22":"instock","23":"shipping-taxable","24":"purchasable","25":"product-type-variable"},"_links":{"self":[{"href":"https:\/\/mod.wisdar.net\/tr\/wp-json\/wp\/v2\/product\/159872","targetHints":{"allow":["GET"]}}],"collection":[{"href":"https:\/\/mod.wisdar.net\/tr\/wp-json\/wp\/v2\/product"}],"about":[{"href":"https:\/\/mod.wisdar.net\/tr\/wp-json\/wp\/v2\/types\/product"}],"replies":[{"embeddable":true,"href":"https:\/\/mod.wisdar.net\/tr\/wp-json\/wp\/v2\/comments?post=159872"}],"wp:featuredmedia":[{"embeddable":true,"href":"https:\/\/mod.wisdar.net\/tr\/wp-json\/wp\/v2\/media\/159866"}],"wp:attachment":[{"href":"https:\/\/mod.wisdar.net\/tr\/wp-json\/wp\/v2\/media?parent=159872"}],"wp:term":[{"taxonomy":"product_brand","embeddable":true,"href":"https:\/\/mod.wisdar.net\/tr\/wp-json\/wp\/v2\/product_brand?post=159872"},{"taxonomy":"product_cat","embeddable":true,"href":"https:\/\/mod.wisdar.net\/tr\/wp-json\/wp\/v2\/product_cat?post=159872"},{"taxonomy":"product_tag","embeddable":true,"href":"https:\/\/mod.wisdar.net\/tr\/wp-json\/wp\/v2\/product_tag?post=159872"}],"curies":[{"name":"wp","href":"https:\/\/api.w.org\/{rel}","templated":true}]}}