{"id":159910,"date":"2026-02-28T22:50:18","date_gmt":"2026-02-28T22:50:18","guid":{"rendered":"https:\/\/modesthanim.com\/product\/yumusak-kirisik-atki-petrol-yesili\/"},"modified":"2026-04-15T21:54:34","modified_gmt":"2026-04-15T21:54:34","slug":"yumusak-kirisik-atki-petrol-yesili","status":"publish","type":"product","link":"https:\/\/mod.wisdar.net\/tr\/urun\/yumusak-kirisik-atki-petrol-yesili\/","title":{"rendered":"Yumu\u015fak K\u0131r\u0131\u015f\u0131k Atk\u0131 Petrol Ye\u015fili"},"content":{"rendered":"<p>Kuma\u015f\u0131 sayesinde \u00fct\u00fc gerektirmeyen yap\u0131s\u0131yla g\u00fcnl\u00fck hayat\u0131n\u0131zda kolayca kullanabilece\u011finiz, kolay \u015fekil alan bir atk\u0131d\u0131r. Mevsimsel kullan\u0131ma uygundur. Nefes alabilen, terletmeyen kuma\u015ftan \u00fcretilmi\u015ftir. \u00d6l\u00e7\u00fc: 97&#215;97 cm<\/p>\n","protected":false},"excerpt":{"rendered":"<p>Kuma\u015f\u0131 sayesinde \u00fct\u00fc gerektirmeyen yap\u0131s\u0131yla g\u00fcnl\u00fck hayat\u0131n\u0131zda kolayca kullanabilece\u011finiz, kolay \u015fekil alan bir atk\u0131d\u0131r. Mevsimsel kullan\u0131ma uygundur. Nefes alabilen, terletmeyen kuma\u015ftan \u00fcretilmi\u015ftir. \u00d6l\u00e7\u00fc: 97&#215;97 cm<\/p>\n","protected":false},"featured_media":159903,"comment_status":"open","ping_status":"closed","template":"","meta":[],"product_brand":[],"product_cat":[11122],"product_tag":[],"class_list":{"0":"post-159910","1":"product","2":"type-product","3":"status-publish","4":"has-post-thumbnail","6":"product_cat-esarp-sal","7":"pa_brand-he-qa","8":"pa_color-oil-green","9":"pa_size-standart","11":"first","12":"instock","13":"shipping-taxable","14":"purchasable","15":"product-type-variable"},"_links":{"self":[{"href":"https:\/\/mod.wisdar.net\/tr\/wp-json\/wp\/v2\/product\/159910","targetHints":{"allow":["GET"]}}],"collection":[{"href":"https:\/\/mod.wisdar.net\/tr\/wp-json\/wp\/v2\/product"}],"about":[{"href":"https:\/\/mod.wisdar.net\/tr\/wp-json\/wp\/v2\/types\/product"}],"replies":[{"embeddable":true,"href":"https:\/\/mod.wisdar.net\/tr\/wp-json\/wp\/v2\/comments?post=159910"}],"wp:featuredmedia":[{"embeddable":true,"href":"https:\/\/mod.wisdar.net\/tr\/wp-json\/wp\/v2\/media\/159903"}],"wp:attachment":[{"href":"https:\/\/mod.wisdar.net\/tr\/wp-json\/wp\/v2\/media?parent=159910"}],"wp:term":[{"taxonomy":"product_brand","embeddable":true,"href":"https:\/\/mod.wisdar.net\/tr\/wp-json\/wp\/v2\/product_brand?post=159910"},{"taxonomy":"product_cat","embeddable":true,"href":"https:\/\/mod.wisdar.net\/tr\/wp-json\/wp\/v2\/product_cat?post=159910"},{"taxonomy":"product_tag","embeddable":true,"href":"https:\/\/mod.wisdar.net\/tr\/wp-json\/wp\/v2\/product_tag?post=159910"}],"curies":[{"name":"wp","href":"https:\/\/api.w.org\/{rel}","templated":true}]}}