{"id":159951,"date":"2026-02-28T22:52:39","date_gmt":"2026-02-28T22:52:39","guid":{"rendered":"https:\/\/modesthanim.com\/product\/yumusak-kirisik-atki-siyah\/"},"modified":"2026-04-15T21:56:22","modified_gmt":"2026-04-15T21:56:22","slug":"yumusak-kirisik-atki-siyah","status":"publish","type":"product","link":"https:\/\/mod.wisdar.net\/tr\/urun\/yumusak-kirisik-atki-siyah\/","title":{"rendered":"Yumu\u015fak K\u0131r\u0131\u015f\u0131k Atk\u0131 Siyah"},"content":{"rendered":"<p>Kuma\u015f\u0131 sayesinde \u00fct\u00fc gerektirmeyen yap\u0131s\u0131yla g\u00fcnl\u00fck hayat\u0131n\u0131zda kolayca kullanabilece\u011finiz, kolay \u015fekil alabilen bir atk\u0131. Mevsimsel kullan\u0131ma uygundur. Nefes alabilen, terlemeye kar\u015f\u0131 koruyucu kuma\u015ftan \u00fcretilmi\u015ftir. \u00d6l\u00e7\u00fc: 97&#215;97 cm<\/p>\n","protected":false},"excerpt":{"rendered":"<p>Kuma\u015f\u0131 sayesinde \u00fct\u00fc gerektirmeyen yap\u0131s\u0131yla g\u00fcnl\u00fck hayat\u0131n\u0131zda kolayca kullanabilece\u011finiz, kolay \u015fekil alabilen bir atk\u0131. Mevsimsel kullan\u0131ma uygundur. Nefes alabilen, terlemeye kar\u015f\u0131 koruyucu kuma\u015ftan \u00fcretilmi\u015ftir. \u00d6l\u00e7\u00fc: 97&#215;97 cm<\/p>\n","protected":false},"featured_media":159941,"comment_status":"open","ping_status":"closed","template":"","meta":[],"product_brand":[],"product_cat":[11122],"product_tag":[],"class_list":{"0":"post-159951","1":"product","2":"type-product","3":"status-publish","4":"has-post-thumbnail","6":"product_cat-esarp-sal","7":"pa_brand-he-qa","8":"pa_color-siyah","9":"pa_size-standart","11":"first","12":"outofstock","13":"shipping-taxable","14":"product-type-variable"},"_links":{"self":[{"href":"https:\/\/mod.wisdar.net\/tr\/wp-json\/wp\/v2\/product\/159951","targetHints":{"allow":["GET"]}}],"collection":[{"href":"https:\/\/mod.wisdar.net\/tr\/wp-json\/wp\/v2\/product"}],"about":[{"href":"https:\/\/mod.wisdar.net\/tr\/wp-json\/wp\/v2\/types\/product"}],"replies":[{"embeddable":true,"href":"https:\/\/mod.wisdar.net\/tr\/wp-json\/wp\/v2\/comments?post=159951"}],"wp:featuredmedia":[{"embeddable":true,"href":"https:\/\/mod.wisdar.net\/tr\/wp-json\/wp\/v2\/media\/159941"}],"wp:attachment":[{"href":"https:\/\/mod.wisdar.net\/tr\/wp-json\/wp\/v2\/media?parent=159951"}],"wp:term":[{"taxonomy":"product_brand","embeddable":true,"href":"https:\/\/mod.wisdar.net\/tr\/wp-json\/wp\/v2\/product_brand?post=159951"},{"taxonomy":"product_cat","embeddable":true,"href":"https:\/\/mod.wisdar.net\/tr\/wp-json\/wp\/v2\/product_cat?post=159951"},{"taxonomy":"product_tag","embeddable":true,"href":"https:\/\/mod.wisdar.net\/tr\/wp-json\/wp\/v2\/product_tag?post=159951"}],"curies":[{"name":"wp","href":"https:\/\/api.w.org\/{rel}","templated":true}]}}