{"id":159994,"date":"2026-02-28T23:41:42","date_gmt":"2026-02-28T23:41:42","guid":{"rendered":"https:\/\/modesthanim.com\/product\/bohem-sal-siyah-haki\/"},"modified":"2026-04-15T21:23:48","modified_gmt":"2026-04-15T21:23:48","slug":"bohem-sal-siyah-haki","status":"publish","type":"product","link":"https:\/\/mod.wisdar.net\/tr\/urun\/bohem-sal-siyah-haki\/","title":{"rendered":"Bohem \u015eal Siyah-Haki"},"content":{"rendered":"<p>\u00dcr\u00fcn \u00d6zellikleri<\/p>\n<p>Pamuk ve polyester kar\u0131\u015f\u0131ml\u0131 kuma\u015ftan \u00fcretilmi\u015ftir.<br \/>\nK\u0131r\u0131\u015fmaya kar\u015f\u0131 dayan\u0131kl\u0131d\u0131r.<br \/>\nD\u00f6rt mevsim kullan\u0131ma uygundur.<\/p>\n<p>Bak\u0131m Talimatlar\u0131<\/p>\n<p>Elde y\u0131kaman\u0131z veya kuru temizleme yapt\u0131rman\u0131z tavsiye edilir.<br \/>\nA\u011fart\u0131c\u0131 kullanmay\u0131n\u0131z.<br \/>\nEn d\u00fc\u015f\u00fck \u0131s\u0131da ve buhars\u0131z \u00fct\u00fcleyiniz.<\/p>\n","protected":false},"excerpt":{"rendered":"<p>\u00dcr\u00fcn \u00d6zellikleri Pamuk ve polyester kar\u0131\u015f\u0131ml\u0131 kuma\u015ftan \u00fcretilmi\u015ftir. K\u0131r\u0131\u015fmaya kar\u015f\u0131 dayan\u0131kl\u0131d\u0131r. D\u00f6rt mevsim kullan\u0131ma uygundur. Bak\u0131m Talimatlar\u0131 Elde y\u0131kaman\u0131z veya kuru temizleme yapt\u0131rman\u0131z tavsiye edilir. A\u011fart\u0131c\u0131 kullanmay\u0131n\u0131z. En d\u00fc\u015f\u00fck \u0131s\u0131da ve buhars\u0131z \u00fct\u00fcleyiniz.<\/p>\n","protected":false},"featured_media":159983,"comment_status":"open","ping_status":"closed","template":"","meta":[],"product_brand":[],"product_cat":[11122],"product_tag":[],"class_list":{"0":"post-159994","1":"product","2":"type-product","3":"status-publish","4":"has-post-thumbnail","6":"product_cat-esarp-sal","7":"pa_brand-minik-terzi","8":"pa_color-siyah-haki","9":"pa_size-standart","11":"first","12":"instock","13":"shipping-taxable","14":"purchasable","15":"product-type-variable"},"_links":{"self":[{"href":"https:\/\/mod.wisdar.net\/tr\/wp-json\/wp\/v2\/product\/159994","targetHints":{"allow":["GET"]}}],"collection":[{"href":"https:\/\/mod.wisdar.net\/tr\/wp-json\/wp\/v2\/product"}],"about":[{"href":"https:\/\/mod.wisdar.net\/tr\/wp-json\/wp\/v2\/types\/product"}],"replies":[{"embeddable":true,"href":"https:\/\/mod.wisdar.net\/tr\/wp-json\/wp\/v2\/comments?post=159994"}],"wp:featuredmedia":[{"embeddable":true,"href":"https:\/\/mod.wisdar.net\/tr\/wp-json\/wp\/v2\/media\/159983"}],"wp:attachment":[{"href":"https:\/\/mod.wisdar.net\/tr\/wp-json\/wp\/v2\/media?parent=159994"}],"wp:term":[{"taxonomy":"product_brand","embeddable":true,"href":"https:\/\/mod.wisdar.net\/tr\/wp-json\/wp\/v2\/product_brand?post=159994"},{"taxonomy":"product_cat","embeddable":true,"href":"https:\/\/mod.wisdar.net\/tr\/wp-json\/wp\/v2\/product_cat?post=159994"},{"taxonomy":"product_tag","embeddable":true,"href":"https:\/\/mod.wisdar.net\/tr\/wp-json\/wp\/v2\/product_tag?post=159994"}],"curies":[{"name":"wp","href":"https:\/\/api.w.org\/{rel}","templated":true}]}}