{"id":160015,"date":"2026-02-28T23:41:58","date_gmt":"2026-02-28T23:41:58","guid":{"rendered":"https:\/\/modesthanim.com\/product\/uzun-parasut-yagmurluk-siyah\/"},"modified":"2026-02-28T23:42:24","modified_gmt":"2026-02-28T23:42:24","slug":"uzun-parasut-yagmurluk-siyah","status":"publish","type":"product","link":"https:\/\/mod.wisdar.net\/tr\/urun\/uzun-parasut-yagmurluk-siyah\/","title":{"rendered":"Uzun Para\u015f\u00fct Ya\u011fmurluk Siyah"},"content":{"rendered":"<p>Beden Yard\u0131m Rehberi <\/p>\n<p>BEDEN KILAVUZU<\/p>\n<p>\u00a0<\/p>\n<p>\t\t\t\u00d6l\u00e7\u00fcler<br \/>\n\t\t\tS<br \/>\n\t\t\tM<br \/>\n\t\t\tL<\/p>\n<p>\t\t\tBoy<br \/>\n\t\t\t128 cm<br \/>\n\t\t\t128,5 cm<br \/>\n\t\t\t129 cm<\/p>\n<p>\t\t\tG\u00f6\u011f\u00fcs \u00c7evresi<br \/>\n\t\t\t110 cm<br \/>\n\t\t\t114 cm<br \/>\n\t\t\t118 cm<\/p>\n<p>\t\t\tKol<br \/>\n\t\t\t72 cm<br \/>\n\t\t\t72,4 cm<br \/>\n\t\t\t72,8 cm<\/p>\n<p>\u2014 Technical Details \u2014<br \/>\n\u00dcr\u00fcn Hakk\u0131nda: Astars\u0131zd\u0131r.<br \/>\nMarka: Minik Terzi<br \/>\nSezon: MEVS\u0130ML\u0130K<br \/>\nCinsiyet: Kad\u0131n<br \/>\nMalzeme: Polyester<br \/>\nKuma\u015f \u0130\u00e7eri\u011fi: %100 Polyester<br \/>\nKal\u0131p: Tam Kal\u0131p<br \/>\nKol Boyu: Uzun Kollu<br \/>\nYaka Tipi: V Yaka<br \/>\nManken \u00d6l\u00e7\u00fcleri: 1,75<br \/>\nMankenin Giydi\u011fi Beden: S Beden<br \/>\nA\u00e7\u0131klama: Ters \u00e7evirerek k\u0131sa programda 30\u00b0 y\u0131kay\u0131n\u0131z.<\/p>\n","protected":false},"excerpt":{"rendered":"<p>Beden Yard\u0131m Rehberi BEDEN KILAVUZU \u00a0 \u00d6l\u00e7\u00fcler S M L Boy 128 cm 128,5 cm 129 cm G\u00f6\u011f\u00fcs \u00c7evresi 110 cm 114 cm 118 cm Kol 72 cm 72,4 cm 72,8 cm \u2014 Technical Details \u2014 \u00dcr\u00fcn Hakk\u0131nda: Astars\u0131zd\u0131r. Marka: Minik Terzi Sezon: MEVS\u0130ML\u0130K Cinsiyet: Kad\u0131n Malzeme: Polyester Kuma\u015f \u0130\u00e7eri\u011fi: %100 Polyester Kal\u0131p: Tam Kal\u0131p [&hellip;]<\/p>\n","protected":false},"featured_media":160001,"comment_status":"open","ping_status":"closed","template":"","meta":[],"product_brand":[],"product_cat":[2047],"product_tag":[7928],"class_list":{"0":"post-160015","1":"product","2":"type-product","3":"status-publish","4":"has-post-thumbnail","6":"product_cat-paltolar","7":"product_tag-moda-dis-giyim","8":"pa_brand-minik-terzi","9":"pa_color-siyah","10":"pa_size-l","11":"pa_size-m","12":"pa_size-s","14":"first","15":"instock","16":"shipping-taxable","17":"purchasable","18":"product-type-variable"},"_links":{"self":[{"href":"https:\/\/mod.wisdar.net\/tr\/wp-json\/wp\/v2\/product\/160015","targetHints":{"allow":["GET"]}}],"collection":[{"href":"https:\/\/mod.wisdar.net\/tr\/wp-json\/wp\/v2\/product"}],"about":[{"href":"https:\/\/mod.wisdar.net\/tr\/wp-json\/wp\/v2\/types\/product"}],"replies":[{"embeddable":true,"href":"https:\/\/mod.wisdar.net\/tr\/wp-json\/wp\/v2\/comments?post=160015"}],"wp:featuredmedia":[{"embeddable":true,"href":"https:\/\/mod.wisdar.net\/tr\/wp-json\/wp\/v2\/media\/160001"}],"wp:attachment":[{"href":"https:\/\/mod.wisdar.net\/tr\/wp-json\/wp\/v2\/media?parent=160015"}],"wp:term":[{"taxonomy":"product_brand","embeddable":true,"href":"https:\/\/mod.wisdar.net\/tr\/wp-json\/wp\/v2\/product_brand?post=160015"},{"taxonomy":"product_cat","embeddable":true,"href":"https:\/\/mod.wisdar.net\/tr\/wp-json\/wp\/v2\/product_cat?post=160015"},{"taxonomy":"product_tag","embeddable":true,"href":"https:\/\/mod.wisdar.net\/tr\/wp-json\/wp\/v2\/product_tag?post=160015"}],"curies":[{"name":"wp","href":"https:\/\/api.w.org\/{rel}","templated":true}]}}