{"id":160097,"date":"2026-02-28T23:44:53","date_gmt":"2026-02-28T23:44:53","guid":{"rendered":"https:\/\/modesthanim.com\/product\/efsun-jakar-dogal-atki-gri\/"},"modified":"2026-04-02T21:01:54","modified_gmt":"2026-04-02T21:01:54","slug":"efsun-jakar-dogal-atki-gri","status":"publish","type":"product","link":"https:\/\/mod.wisdar.net\/tr\/urun\/efsun-jakar-dogal-atki-gri\/","title":{"rendered":"Efsun Jakar Do\u011fal Atk\u0131 \u2013 Gri"},"content":{"rendered":"<p>Efsun Jakar Atk\u0131, zarif desenleriyle sade bir \u015f\u0131kl\u0131\u011f\u0131 vurgular. Jakar dokuma, atk\u0131ya hafif bir derinlik kazand\u0131r\u0131rken mat biti\u015fi zarif bir g\u00f6r\u00fcn\u00fcm sunar.<br \/>\nKuma\u015f Bile\u015fimi: %70 Pamuk, %30 Polyester<br \/>\nDesen: Jakar Desen<br \/>\n\u00dcr\u00fcn \u00d6l\u00e7\u00fcleri: 100 x 100 cm<\/p>\n<p>\u2014 Teknik Detaylar \u2014<br \/>\ndesen: Jakar Desen<br \/>\n\u00f6l\u00e7\u00fcler: 100 x 100 cm<\/p>\n","protected":false},"excerpt":{"rendered":"<p>Efsun Jakar Atk\u0131, zarif desenleriyle sade bir \u015f\u0131kl\u0131\u011f\u0131 vurgular. Jakar dokuma, atk\u0131ya hafif bir derinlik kazand\u0131r\u0131rken mat biti\u015fi zarif bir g\u00f6r\u00fcn\u00fcm sunar. Kuma\u015f Bile\u015fimi: %70 Pamuk, %30 Polyester Desen: Jakar Desen \u00dcr\u00fcn \u00d6l\u00e7\u00fcleri: 100 x 100 cm \u2014 Teknik Detaylar \u2014 desen: Jakar Desen \u00f6l\u00e7\u00fcler: 100 x 100 cm<\/p>\n","protected":false},"featured_media":160090,"comment_status":"open","ping_status":"closed","template":"","meta":[],"product_brand":[],"product_cat":[11122],"product_tag":[],"class_list":{"0":"post-160097","1":"product","2":"type-product","3":"status-publish","4":"has-post-thumbnail","6":"product_cat-esarp-sal","7":"pa_brand-tugba","8":"pa_color-grey","9":"pa_size-std","11":"first","12":"outofstock","13":"shipping-taxable","14":"product-type-variable"},"_links":{"self":[{"href":"https:\/\/mod.wisdar.net\/tr\/wp-json\/wp\/v2\/product\/160097","targetHints":{"allow":["GET"]}}],"collection":[{"href":"https:\/\/mod.wisdar.net\/tr\/wp-json\/wp\/v2\/product"}],"about":[{"href":"https:\/\/mod.wisdar.net\/tr\/wp-json\/wp\/v2\/types\/product"}],"replies":[{"embeddable":true,"href":"https:\/\/mod.wisdar.net\/tr\/wp-json\/wp\/v2\/comments?post=160097"}],"wp:featuredmedia":[{"embeddable":true,"href":"https:\/\/mod.wisdar.net\/tr\/wp-json\/wp\/v2\/media\/160090"}],"wp:attachment":[{"href":"https:\/\/mod.wisdar.net\/tr\/wp-json\/wp\/v2\/media?parent=160097"}],"wp:term":[{"taxonomy":"product_brand","embeddable":true,"href":"https:\/\/mod.wisdar.net\/tr\/wp-json\/wp\/v2\/product_brand?post=160097"},{"taxonomy":"product_cat","embeddable":true,"href":"https:\/\/mod.wisdar.net\/tr\/wp-json\/wp\/v2\/product_cat?post=160097"},{"taxonomy":"product_tag","embeddable":true,"href":"https:\/\/mod.wisdar.net\/tr\/wp-json\/wp\/v2\/product_tag?post=160097"}],"curies":[{"name":"wp","href":"https:\/\/api.w.org\/{rel}","templated":true}]}}