{"id":160217,"date":"2026-02-28T23:49:06","date_gmt":"2026-02-28T23:49:06","guid":{"rendered":"https:\/\/modesthanim.com\/product\/sarmal-desenli-jakarli-sal-kahverengi\/"},"modified":"2026-04-15T22:03:45","modified_gmt":"2026-04-15T22:03:45","slug":"sarmal-desenli-jakarli-sal-kahverengi","status":"publish","type":"product","link":"https:\/\/mod.wisdar.net\/tr\/urun\/sarmal-desenli-jakarli-sal-kahverengi\/","title":{"rendered":"Sarmal Desenli Jakarl\u0131 \u015eal Kahverengi"},"content":{"rendered":"<p>\u00dcr\u00fcn \u00d6zellikleri<\/p>\n<p>  Pamuk ve polyester kar\u0131\u015f\u0131ml\u0131 kuma\u015ftan \u00fcretilmi\u015ftir.<br \/>\n  D\u00f6rt mevsim kullan\u0131ma uygundur.<br \/>\n  G\u00fcnl\u00fck ve \u00f6zel g\u00fcn kullan\u0131m\u0131na uygundur.<\/p>\n<p>Bak\u0131m Talimatlar\u0131<\/p>\n<p>  Elde y\u0131kaman\u0131z veya kuru temizleme yapt\u0131rman\u0131z tavsiye edilir.<br \/>\n  A\u011fart\u0131c\u0131 kullanmay\u0131n\u0131z.<br \/>\n  En d\u00fc\u015f\u00fck \u0131s\u0131da ve buhars\u0131z \u00fct\u00fcleyiniz.<\/p>\n<p>\u2014 Technical Details \u2014<br \/>\nSezon: YAZ<\/p>\n","protected":false},"excerpt":{"rendered":"<p>\u00dcr\u00fcn \u00d6zellikleri Pamuk ve polyester kar\u0131\u015f\u0131ml\u0131 kuma\u015ftan \u00fcretilmi\u015ftir. D\u00f6rt mevsim kullan\u0131ma uygundur. G\u00fcnl\u00fck ve \u00f6zel g\u00fcn kullan\u0131m\u0131na uygundur. Bak\u0131m Talimatlar\u0131 Elde y\u0131kaman\u0131z veya kuru temizleme yapt\u0131rman\u0131z tavsiye edilir. A\u011fart\u0131c\u0131 kullanmay\u0131n\u0131z. En d\u00fc\u015f\u00fck \u0131s\u0131da ve buhars\u0131z \u00fct\u00fcleyiniz. \u2014 Technical Details \u2014 Sezon: YAZ<\/p>\n","protected":false},"featured_media":160207,"comment_status":"open","ping_status":"closed","template":"","meta":[],"product_brand":[],"product_cat":[11122],"product_tag":[6995],"class_list":{"0":"post-160217","1":"product","2":"type-product","3":"status-publish","4":"has-post-thumbnail","6":"product_cat-esarp-sal","7":"product_tag-moda-aksesuari","8":"pa_brand-minik-terzi","9":"pa_color-kahverengi","10":"pa_size-standart","12":"first","13":"instock","14":"shipping-taxable","15":"purchasable","16":"product-type-variable"},"_links":{"self":[{"href":"https:\/\/mod.wisdar.net\/tr\/wp-json\/wp\/v2\/product\/160217","targetHints":{"allow":["GET"]}}],"collection":[{"href":"https:\/\/mod.wisdar.net\/tr\/wp-json\/wp\/v2\/product"}],"about":[{"href":"https:\/\/mod.wisdar.net\/tr\/wp-json\/wp\/v2\/types\/product"}],"replies":[{"embeddable":true,"href":"https:\/\/mod.wisdar.net\/tr\/wp-json\/wp\/v2\/comments?post=160217"}],"wp:featuredmedia":[{"embeddable":true,"href":"https:\/\/mod.wisdar.net\/tr\/wp-json\/wp\/v2\/media\/160207"}],"wp:attachment":[{"href":"https:\/\/mod.wisdar.net\/tr\/wp-json\/wp\/v2\/media?parent=160217"}],"wp:term":[{"taxonomy":"product_brand","embeddable":true,"href":"https:\/\/mod.wisdar.net\/tr\/wp-json\/wp\/v2\/product_brand?post=160217"},{"taxonomy":"product_cat","embeddable":true,"href":"https:\/\/mod.wisdar.net\/tr\/wp-json\/wp\/v2\/product_cat?post=160217"},{"taxonomy":"product_tag","embeddable":true,"href":"https:\/\/mod.wisdar.net\/tr\/wp-json\/wp\/v2\/product_tag?post=160217"}],"curies":[{"name":"wp","href":"https:\/\/api.w.org\/{rel}","templated":true}]}}