{"id":160275,"date":"2026-02-28T23:50:24","date_gmt":"2026-02-28T23:50:24","guid":{"rendered":"https:\/\/modesthanim.com\/product\/miray-jakar-dogal-sal-kahve\/"},"modified":"2026-03-28T01:30:53","modified_gmt":"2026-03-28T01:30:53","slug":"miray-jakar-dogal-sal-kahve","status":"publish","type":"product","link":"https:\/\/mod.wisdar.net\/tr\/urun\/miray-jakar-dogal-sal-kahve\/","title":{"rendered":"Miray Jakar Do\u011fal \u015eal \u2013 Kahve"},"content":{"rendered":"<p>Jakar dokusunun ince detaylar\u0131yla zenginle\u015fen Miray \u015fal, do\u011fal liflerin yumu\u015fak hissiyle g\u00fcn boyu konfor sunar. Hafif yap\u0131s\u0131 sade kombinlere zarif bir hareket katarken, dokudaki derinlik modern ve sofistike bir g\u00f6r\u00fcn\u00fcm olu\u015fturur.<br \/>\nKuma\u015f \u0130\u00e7eri\u011fi: %55 Flo\u015f, %45 Pamuk<br \/>\nDesen: Jakar Desen<br \/>\n\u00dcr\u00fcn Ebat\u0131: 76 x 206 cm<\/p>\n<p>\u2014 Teknik Detaylar \u2014<br \/>\nDesen: Jakar Desen<br \/>\n\u00dcr\u00fcn Ebat\u0131: 76 x 206 cm<\/p>\n","protected":false},"excerpt":{"rendered":"<p>Jakar dokusunun ince detaylar\u0131yla zenginle\u015fen Miray \u015fal, do\u011fal liflerin yumu\u015fak hissiyle g\u00fcn boyu konfor sunar. Hafif yap\u0131s\u0131 sade kombinlere zarif bir hareket katarken, dokudaki derinlik modern ve sofistike bir g\u00f6r\u00fcn\u00fcm olu\u015fturur. Kuma\u015f \u0130\u00e7eri\u011fi: %55 Flo\u015f, %45 Pamuk Desen: Jakar Desen \u00dcr\u00fcn Ebat\u0131: 76 x 206 cm \u2014 Teknik Detaylar \u2014 Desen: Jakar Desen \u00dcr\u00fcn Ebat\u0131: [&hellip;]<\/p>\n","protected":false},"featured_media":160266,"comment_status":"open","ping_status":"closed","template":"","meta":[],"product_brand":[],"product_cat":[11122],"product_tag":[],"class_list":{"0":"post-160275","1":"product","2":"type-product","3":"status-publish","4":"has-post-thumbnail","6":"product_cat-esarp-sal","7":"pa_color-coffee","8":"pa_size-std","10":"first","11":"outofstock","12":"shipping-taxable","13":"product-type-variable"},"_links":{"self":[{"href":"https:\/\/mod.wisdar.net\/tr\/wp-json\/wp\/v2\/product\/160275","targetHints":{"allow":["GET"]}}],"collection":[{"href":"https:\/\/mod.wisdar.net\/tr\/wp-json\/wp\/v2\/product"}],"about":[{"href":"https:\/\/mod.wisdar.net\/tr\/wp-json\/wp\/v2\/types\/product"}],"replies":[{"embeddable":true,"href":"https:\/\/mod.wisdar.net\/tr\/wp-json\/wp\/v2\/comments?post=160275"}],"wp:featuredmedia":[{"embeddable":true,"href":"https:\/\/mod.wisdar.net\/tr\/wp-json\/wp\/v2\/media\/160266"}],"wp:attachment":[{"href":"https:\/\/mod.wisdar.net\/tr\/wp-json\/wp\/v2\/media?parent=160275"}],"wp:term":[{"taxonomy":"product_brand","embeddable":true,"href":"https:\/\/mod.wisdar.net\/tr\/wp-json\/wp\/v2\/product_brand?post=160275"},{"taxonomy":"product_cat","embeddable":true,"href":"https:\/\/mod.wisdar.net\/tr\/wp-json\/wp\/v2\/product_cat?post=160275"},{"taxonomy":"product_tag","embeddable":true,"href":"https:\/\/mod.wisdar.net\/tr\/wp-json\/wp\/v2\/product_tag?post=160275"}],"curies":[{"name":"wp","href":"https:\/\/api.w.org\/{rel}","templated":true}]}}