{"id":160334,"date":"2026-02-28T23:52:38","date_gmt":"2026-02-28T23:52:38","guid":{"rendered":"https:\/\/modesthanim.com\/product\/maren-kremp-ipek-sal-bej-haki\/"},"modified":"2026-04-15T22:08:12","modified_gmt":"2026-04-15T22:08:12","slug":"maren-kremp-ipek-sal-bej-haki","status":"publish","type":"product","link":"https:\/\/mod.wisdar.net\/tr\/urun\/maren-kremp-ipek-sal-bej-haki\/","title":{"rendered":"Maren Kremp \u0130pek \u015eal \u2013 Bej \u2013 Haki"},"content":{"rendered":"<p>Maren Kremp \u0130pek \u015eal, krepon kuma\u015f\u0131n ak\u0131c\u0131 dokusunu ipe\u011fin zarif d\u00f6k\u00fcm\u00fcyle birle\u015ftirir. Hafif ve yumu\u015fak dokusuyla kolayca \u015fekil verilebilir, g\u00fcn boyu konforlu bir kullan\u0131m sunar.<\/p>\n<p>Kuma\u015f Kompozisyonu: %100 Kremp \u0130pek<\/p>\n<p>Desen: Soyut Desen<\/p>\n<p>\u00dcr\u00fcn \u00d6l\u00e7\u00fcleri: 64 x 196 cm<\/p>\n","protected":false},"excerpt":{"rendered":"<p>Maren Kremp \u0130pek \u015eal, krepon kuma\u015f\u0131n ak\u0131c\u0131 dokusunu ipe\u011fin zarif d\u00f6k\u00fcm\u00fcyle birle\u015ftirir. Hafif ve yumu\u015fak dokusuyla kolayca \u015fekil verilebilir, g\u00fcn boyu konforlu bir kullan\u0131m sunar. Kuma\u015f Kompozisyonu: %100 Kremp \u0130pek Desen: Soyut Desen \u00dcr\u00fcn \u00d6l\u00e7\u00fcleri: 64 x 196 cm<\/p>\n","protected":false},"featured_media":160329,"comment_status":"open","ping_status":"closed","template":"","meta":[],"product_brand":[],"product_cat":[11122],"product_tag":[],"class_list":{"0":"post-160334","1":"product","2":"type-product","3":"status-publish","4":"has-post-thumbnail","6":"product_cat-esarp-sal","7":"pa_brand-tugba","8":"pa_color-bej-haki","9":"pa_size-std","11":"first","12":"instock","13":"sale","14":"shipping-taxable","15":"purchasable","16":"product-type-variable"},"_links":{"self":[{"href":"https:\/\/mod.wisdar.net\/tr\/wp-json\/wp\/v2\/product\/160334","targetHints":{"allow":["GET"]}}],"collection":[{"href":"https:\/\/mod.wisdar.net\/tr\/wp-json\/wp\/v2\/product"}],"about":[{"href":"https:\/\/mod.wisdar.net\/tr\/wp-json\/wp\/v2\/types\/product"}],"replies":[{"embeddable":true,"href":"https:\/\/mod.wisdar.net\/tr\/wp-json\/wp\/v2\/comments?post=160334"}],"wp:featuredmedia":[{"embeddable":true,"href":"https:\/\/mod.wisdar.net\/tr\/wp-json\/wp\/v2\/media\/160329"}],"wp:attachment":[{"href":"https:\/\/mod.wisdar.net\/tr\/wp-json\/wp\/v2\/media?parent=160334"}],"wp:term":[{"taxonomy":"product_brand","embeddable":true,"href":"https:\/\/mod.wisdar.net\/tr\/wp-json\/wp\/v2\/product_brand?post=160334"},{"taxonomy":"product_cat","embeddable":true,"href":"https:\/\/mod.wisdar.net\/tr\/wp-json\/wp\/v2\/product_cat?post=160334"},{"taxonomy":"product_tag","embeddable":true,"href":"https:\/\/mod.wisdar.net\/tr\/wp-json\/wp\/v2\/product_tag?post=160334"}],"curies":[{"name":"wp","href":"https:\/\/api.w.org\/{rel}","templated":true}]}}