{"id":160343,"date":"2026-02-28T23:52:51","date_gmt":"2026-02-28T23:52:51","guid":{"rendered":"https:\/\/modesthanim.com\/product\/belva-twill-ipek-esarp-beyaz\/"},"modified":"2026-02-28T23:53:34","modified_gmt":"2026-02-28T23:53:34","slug":"belva-twill-ipek-esarp-beyaz","status":"publish","type":"product","link":"https:\/\/mod.wisdar.net\/tr\/urun\/belva-twill-ipek-esarp-beyaz\/","title":{"rendered":"Belva Twill \u0130pek E\u015farp \u2013 Beyaz"},"content":{"rendered":"<p>Hem g\u00fcnl\u00fck kombinlerde hem de \u00f6zel anlarda \u015f\u0131kl\u0131\u011f\u0131 tamamlayan zamans\u0131z bir aksesuard\u0131r.<br \/>\nKuma\u015f \u0130\u00e7eri\u011fi: %100 Twill \u0130pek<br \/>\nDesen: Soyut Desen<br \/>\n\u00dcr\u00fcn Ebat\u0131: 90 x 90 cm<\/p>\n","protected":false},"excerpt":{"rendered":"<p>Hem g\u00fcnl\u00fck kombinlerde hem de \u00f6zel anlarda \u015f\u0131kl\u0131\u011f\u0131 tamamlayan zamans\u0131z bir aksesuard\u0131r. Kuma\u015f \u0130\u00e7eri\u011fi: %100 Twill \u0130pek Desen: Soyut Desen \u00dcr\u00fcn Ebat\u0131: 90 x 90 cm<\/p>\n","protected":false},"featured_media":160336,"comment_status":"open","ping_status":"closed","template":"","meta":[],"product_brand":[],"product_cat":[11122],"product_tag":[6995],"class_list":{"0":"post-160343","1":"product","2":"type-product","3":"status-publish","4":"has-post-thumbnail","6":"product_cat-esarp-sal","7":"product_tag-moda-aksesuari","8":"pa_color-beyaz","9":"pa_size-std","11":"first","12":"instock","13":"sale","14":"shipping-taxable","15":"purchasable","16":"product-type-variable"},"_links":{"self":[{"href":"https:\/\/mod.wisdar.net\/tr\/wp-json\/wp\/v2\/product\/160343","targetHints":{"allow":["GET"]}}],"collection":[{"href":"https:\/\/mod.wisdar.net\/tr\/wp-json\/wp\/v2\/product"}],"about":[{"href":"https:\/\/mod.wisdar.net\/tr\/wp-json\/wp\/v2\/types\/product"}],"replies":[{"embeddable":true,"href":"https:\/\/mod.wisdar.net\/tr\/wp-json\/wp\/v2\/comments?post=160343"}],"wp:featuredmedia":[{"embeddable":true,"href":"https:\/\/mod.wisdar.net\/tr\/wp-json\/wp\/v2\/media\/160336"}],"wp:attachment":[{"href":"https:\/\/mod.wisdar.net\/tr\/wp-json\/wp\/v2\/media?parent=160343"}],"wp:term":[{"taxonomy":"product_brand","embeddable":true,"href":"https:\/\/mod.wisdar.net\/tr\/wp-json\/wp\/v2\/product_brand?post=160343"},{"taxonomy":"product_cat","embeddable":true,"href":"https:\/\/mod.wisdar.net\/tr\/wp-json\/wp\/v2\/product_cat?post=160343"},{"taxonomy":"product_tag","embeddable":true,"href":"https:\/\/mod.wisdar.net\/tr\/wp-json\/wp\/v2\/product_tag?post=160343"}],"curies":[{"name":"wp","href":"https:\/\/api.w.org\/{rel}","templated":true}]}}