{"id":160363,"date":"2026-02-28T23:53:57","date_gmt":"2026-02-28T23:53:57","guid":{"rendered":"https:\/\/modesthanim.com\/product\/miray-jakarli-dogal-atki-koyu-kahverengi\/"},"modified":"2026-04-02T21:56:34","modified_gmt":"2026-04-02T21:56:34","slug":"miray-jakarli-dogal-atki-koyu-kahverengi","status":"publish","type":"product","link":"https:\/\/mod.wisdar.net\/tr\/urun\/miray-jakarli-dogal-atki-koyu-kahverengi\/","title":{"rendered":"Miray Jakarl\u0131 Do\u011fal Atk\u0131 \u2013 Koyu Kahverengi"},"content":{"rendered":"<p>Jakarl\u0131 dokuma zarif detaylar\u0131yla zenginle\u015ftirilmi\u015f Miray \u015fal\u0131, do\u011fal liflerin yumu\u015fak dokunu\u015fuyla t\u00fcm g\u00fcn konfor sunar. Hafif yap\u0131s\u0131 basit k\u0131yafetlere \u015f\u0131k bir dokunu\u015f kazand\u0131r\u0131rken, kuma\u015f\u0131n derinli\u011fi modern ve sofistike bir g\u00f6r\u00fcn\u00fcm yarat\u0131r.<\/p>\n<p>Kuma\u015f Bile\u015fimi: %55 Polar, %45 Pamuk<\/p>\n<p>Desen: Jakarl\u0131 Desen<\/p>\n<p>\u00dcr\u00fcn Boyutlar\u0131: 76 x 206 cm<\/p>\n<p>\u2014 Teknik Detaylar \u2014<br \/>\ndesen: Jakarl\u0131 Desen<br \/>\nboyutlar: 76 x 206 cm<\/p>\n","protected":false},"excerpt":{"rendered":"<p>Jakarl\u0131 dokuma zarif detaylar\u0131yla zenginle\u015ftirilmi\u015f Miray \u015fal\u0131, do\u011fal liflerin yumu\u015fak dokunu\u015fuyla t\u00fcm g\u00fcn konfor sunar. Hafif yap\u0131s\u0131 basit k\u0131yafetlere \u015f\u0131k bir dokunu\u015f kazand\u0131r\u0131rken, kuma\u015f\u0131n derinli\u011fi modern ve sofistike bir g\u00f6r\u00fcn\u00fcm yarat\u0131r. Kuma\u015f Bile\u015fimi: %55 Polar, %45 Pamuk Desen: Jakarl\u0131 Desen \u00dcr\u00fcn Boyutlar\u0131: 76 x 206 cm \u2014 Teknik Detaylar \u2014 desen: Jakarl\u0131 Desen boyutlar: 76 [&hellip;]<\/p>\n","protected":false},"featured_media":160360,"comment_status":"open","ping_status":"closed","template":"","meta":[],"product_brand":[],"product_cat":[11122],"product_tag":[],"class_list":{"0":"post-160363","1":"product","2":"type-product","3":"status-publish","4":"has-post-thumbnail","6":"product_cat-esarp-sal","7":"pa_brand-tugba","8":"pa_color-bitter-coffee","9":"pa_size-std","11":"first","12":"outofstock","13":"shipping-taxable","14":"product-type-variable"},"_links":{"self":[{"href":"https:\/\/mod.wisdar.net\/tr\/wp-json\/wp\/v2\/product\/160363","targetHints":{"allow":["GET"]}}],"collection":[{"href":"https:\/\/mod.wisdar.net\/tr\/wp-json\/wp\/v2\/product"}],"about":[{"href":"https:\/\/mod.wisdar.net\/tr\/wp-json\/wp\/v2\/types\/product"}],"replies":[{"embeddable":true,"href":"https:\/\/mod.wisdar.net\/tr\/wp-json\/wp\/v2\/comments?post=160363"}],"wp:featuredmedia":[{"embeddable":true,"href":"https:\/\/mod.wisdar.net\/tr\/wp-json\/wp\/v2\/media\/160360"}],"wp:attachment":[{"href":"https:\/\/mod.wisdar.net\/tr\/wp-json\/wp\/v2\/media?parent=160363"}],"wp:term":[{"taxonomy":"product_brand","embeddable":true,"href":"https:\/\/mod.wisdar.net\/tr\/wp-json\/wp\/v2\/product_brand?post=160363"},{"taxonomy":"product_cat","embeddable":true,"href":"https:\/\/mod.wisdar.net\/tr\/wp-json\/wp\/v2\/product_cat?post=160363"},{"taxonomy":"product_tag","embeddable":true,"href":"https:\/\/mod.wisdar.net\/tr\/wp-json\/wp\/v2\/product_tag?post=160363"}],"curies":[{"name":"wp","href":"https:\/\/api.w.org\/{rel}","templated":true}]}}