{"id":160559,"date":"2026-02-28T23:57:53","date_gmt":"2026-02-28T23:57:53","guid":{"rendered":"https:\/\/modesthanim.com\/product\/yumusak-kirisik-sal-nude\/"},"modified":"2026-04-15T21:58:08","modified_gmt":"2026-04-15T21:58:08","slug":"yumusak-kirisik-sal-nude","status":"publish","type":"product","link":"https:\/\/mod.wisdar.net\/tr\/urun\/yumusak-kirisik-sal-nude\/","title":{"rendered":"Yumu\u015fak K\u0131r\u0131\u015f\u0131k \u015eal Nude"},"content":{"rendered":"<p>Kuma\u015f\u0131 sayesinde \u00fct\u00fc gerektirmeyen yap\u0131s\u0131 ile g\u00fcnl\u00fck hayat\u0131n\u0131zda kolayca kullanabilece\u011finiz, kolay \u015fekil alan bir \u015fald\u0131r. Mevsimsel kullan\u0131ma uygundur. Nefes alabilen, terletmeyen kuma\u015ftan \u00fcretilmi\u015ftir. \u00d6l\u00e7\u00fc: 190&#215;74 cm<\/p>\n","protected":false},"excerpt":{"rendered":"<p>Kuma\u015f\u0131 sayesinde \u00fct\u00fc gerektirmeyen yap\u0131s\u0131 ile g\u00fcnl\u00fck hayat\u0131n\u0131zda kolayca kullanabilece\u011finiz, kolay \u015fekil alan bir \u015fald\u0131r. Mevsimsel kullan\u0131ma uygundur. Nefes alabilen, terletmeyen kuma\u015ftan \u00fcretilmi\u015ftir. \u00d6l\u00e7\u00fc: 190&#215;74 cm<\/p>\n","protected":false},"featured_media":160547,"comment_status":"open","ping_status":"closed","template":"","meta":[],"product_brand":[],"product_cat":[11122],"product_tag":[],"class_list":{"0":"post-160559","1":"product","2":"type-product","3":"status-publish","4":"has-post-thumbnail","6":"product_cat-esarp-sal","7":"pa_brand-he-qa","8":"pa_color-nude","9":"pa_size-standart","11":"first","12":"instock","13":"shipping-taxable","14":"purchasable","15":"product-type-variable"},"_links":{"self":[{"href":"https:\/\/mod.wisdar.net\/tr\/wp-json\/wp\/v2\/product\/160559","targetHints":{"allow":["GET"]}}],"collection":[{"href":"https:\/\/mod.wisdar.net\/tr\/wp-json\/wp\/v2\/product"}],"about":[{"href":"https:\/\/mod.wisdar.net\/tr\/wp-json\/wp\/v2\/types\/product"}],"replies":[{"embeddable":true,"href":"https:\/\/mod.wisdar.net\/tr\/wp-json\/wp\/v2\/comments?post=160559"}],"wp:featuredmedia":[{"embeddable":true,"href":"https:\/\/mod.wisdar.net\/tr\/wp-json\/wp\/v2\/media\/160547"}],"wp:attachment":[{"href":"https:\/\/mod.wisdar.net\/tr\/wp-json\/wp\/v2\/media?parent=160559"}],"wp:term":[{"taxonomy":"product_brand","embeddable":true,"href":"https:\/\/mod.wisdar.net\/tr\/wp-json\/wp\/v2\/product_brand?post=160559"},{"taxonomy":"product_cat","embeddable":true,"href":"https:\/\/mod.wisdar.net\/tr\/wp-json\/wp\/v2\/product_cat?post=160559"},{"taxonomy":"product_tag","embeddable":true,"href":"https:\/\/mod.wisdar.net\/tr\/wp-json\/wp\/v2\/product_tag?post=160559"}],"curies":[{"name":"wp","href":"https:\/\/api.w.org\/{rel}","templated":true}]}}