{"id":160637,"date":"2026-03-01T00:01:35","date_gmt":"2026-03-01T00:01:35","guid":{"rendered":"https:\/\/modesthanim.com\/product\/aden-sura-ipek-esarp-siyah\/"},"modified":"2026-04-11T03:12:04","modified_gmt":"2026-04-11T03:12:04","slug":"aden-sura-ipek-esarp-siyah","status":"publish","type":"product","link":"https:\/\/mod.wisdar.net\/tr\/urun\/aden-sura-ipek-esarp-siyah\/","title":{"rendered":"Aden Sura \u0130pek E\u015farp \u2013 Siyah"},"content":{"rendered":"<p>Aden Sura \u0130pek E\u015farp, ipe\u011fin do\u011fal parlakl\u0131\u011f\u0131 ve ak\u0131c\u0131 yap\u0131s\u0131yla zarif bir duru\u015f sunar.<br \/>\nKuma\u015f \u0130\u00e7eri\u011fi: %100 Sura \u0130pek<br \/>\nDesen: Soyut Desen<br \/>\n\u00dcr\u00fcn Ebat\u0131: 90 x 90 cm<\/p>\n<p>\u2014 Technical Details \u2014<br \/>\nDesen: Soyut Desen<br \/>\n\u00dcr\u00fcn Ebat\u0131: 90 x 90 cm<\/p>\n","protected":false},"excerpt":{"rendered":"<p>Aden Sura \u0130pek E\u015farp, ipe\u011fin do\u011fal parlakl\u0131\u011f\u0131 ve ak\u0131c\u0131 yap\u0131s\u0131yla zarif bir duru\u015f sunar. Kuma\u015f \u0130\u00e7eri\u011fi: %100 Sura \u0130pek Desen: Soyut Desen \u00dcr\u00fcn Ebat\u0131: 90 x 90 cm \u2014 Technical Details \u2014 Desen: Soyut Desen \u00dcr\u00fcn Ebat\u0131: 90 x 90 cm<\/p>\n","protected":false},"featured_media":160630,"comment_status":"open","ping_status":"closed","template":"","meta":[],"product_brand":[],"product_cat":[11122],"product_tag":[7259],"class_list":{"0":"post-160637","1":"product","2":"type-product","3":"status-publish","4":"has-post-thumbnail","6":"product_cat-esarp-sal","7":"product_tag-luks-aksesuar","8":"pa_brand-tugba","9":"pa_color-siyah","10":"pa_size-std","12":"first","13":"outofstock","14":"shipping-taxable","15":"product-type-variable"},"_links":{"self":[{"href":"https:\/\/mod.wisdar.net\/tr\/wp-json\/wp\/v2\/product\/160637","targetHints":{"allow":["GET"]}}],"collection":[{"href":"https:\/\/mod.wisdar.net\/tr\/wp-json\/wp\/v2\/product"}],"about":[{"href":"https:\/\/mod.wisdar.net\/tr\/wp-json\/wp\/v2\/types\/product"}],"replies":[{"embeddable":true,"href":"https:\/\/mod.wisdar.net\/tr\/wp-json\/wp\/v2\/comments?post=160637"}],"wp:featuredmedia":[{"embeddable":true,"href":"https:\/\/mod.wisdar.net\/tr\/wp-json\/wp\/v2\/media\/160630"}],"wp:attachment":[{"href":"https:\/\/mod.wisdar.net\/tr\/wp-json\/wp\/v2\/media?parent=160637"}],"wp:term":[{"taxonomy":"product_brand","embeddable":true,"href":"https:\/\/mod.wisdar.net\/tr\/wp-json\/wp\/v2\/product_brand?post=160637"},{"taxonomy":"product_cat","embeddable":true,"href":"https:\/\/mod.wisdar.net\/tr\/wp-json\/wp\/v2\/product_cat?post=160637"},{"taxonomy":"product_tag","embeddable":true,"href":"https:\/\/mod.wisdar.net\/tr\/wp-json\/wp\/v2\/product_tag?post=160637"}],"curies":[{"name":"wp","href":"https:\/\/api.w.org\/{rel}","templated":true}]}}