{"id":160649,"date":"2026-03-01T00:01:52","date_gmt":"2026-03-01T00:01:52","guid":{"rendered":"https:\/\/modesthanim.com\/product\/aden-sura-ipek-esarp-kahve\/"},"modified":"2026-04-15T21:59:42","modified_gmt":"2026-04-15T21:59:42","slug":"aden-sura-ipek-esarp-kahve","status":"publish","type":"product","link":"https:\/\/mod.wisdar.net\/tr\/urun\/aden-sura-ipek-esarp-kahve\/","title":{"rendered":"Aden Sura \u0130pek E\u015farp \u2013 Kahve"},"content":{"rendered":"<p>Aden Sura \u0130pek E\u015farp, ipe\u011fin do\u011fal parlakl\u0131\u011f\u0131 ve ak\u0131c\u0131 dokusuyla zarif bir g\u00f6r\u00fcn\u00fcm sunar.<\/p>\n<p>Kuma\u015f Bile\u015fimi: %100 Sura \u0130pek<\/p>\n<p>Desen: Soyut Desen<\/p>\n<p>\u00dcr\u00fcn Boyutlar\u0131: 90 x 90 cm<\/p>\n","protected":false},"excerpt":{"rendered":"<p>Aden Sura \u0130pek E\u015farp, ipe\u011fin do\u011fal parlakl\u0131\u011f\u0131 ve ak\u0131c\u0131 dokusuyla zarif bir g\u00f6r\u00fcn\u00fcm sunar. Kuma\u015f Bile\u015fimi: %100 Sura \u0130pek Desen: Soyut Desen \u00dcr\u00fcn Boyutlar\u0131: 90 x 90 cm<\/p>\n","protected":false},"featured_media":160639,"comment_status":"open","ping_status":"closed","template":"","meta":[],"product_brand":[],"product_cat":[11122],"product_tag":[],"class_list":{"0":"post-160649","1":"product","2":"type-product","3":"status-publish","4":"has-post-thumbnail","6":"product_cat-esarp-sal","7":"pa_brand-tugba","8":"pa_color-coffee","9":"pa_size-std","11":"first","12":"instock","13":"sale","14":"shipping-taxable","15":"purchasable","16":"product-type-variable"},"_links":{"self":[{"href":"https:\/\/mod.wisdar.net\/tr\/wp-json\/wp\/v2\/product\/160649","targetHints":{"allow":["GET"]}}],"collection":[{"href":"https:\/\/mod.wisdar.net\/tr\/wp-json\/wp\/v2\/product"}],"about":[{"href":"https:\/\/mod.wisdar.net\/tr\/wp-json\/wp\/v2\/types\/product"}],"replies":[{"embeddable":true,"href":"https:\/\/mod.wisdar.net\/tr\/wp-json\/wp\/v2\/comments?post=160649"}],"wp:featuredmedia":[{"embeddable":true,"href":"https:\/\/mod.wisdar.net\/tr\/wp-json\/wp\/v2\/media\/160639"}],"wp:attachment":[{"href":"https:\/\/mod.wisdar.net\/tr\/wp-json\/wp\/v2\/media?parent=160649"}],"wp:term":[{"taxonomy":"product_brand","embeddable":true,"href":"https:\/\/mod.wisdar.net\/tr\/wp-json\/wp\/v2\/product_brand?post=160649"},{"taxonomy":"product_cat","embeddable":true,"href":"https:\/\/mod.wisdar.net\/tr\/wp-json\/wp\/v2\/product_cat?post=160649"},{"taxonomy":"product_tag","embeddable":true,"href":"https:\/\/mod.wisdar.net\/tr\/wp-json\/wp\/v2\/product_tag?post=160649"}],"curies":[{"name":"wp","href":"https:\/\/api.w.org\/{rel}","templated":true}]}}