{"id":160693,"date":"2026-03-01T00:03:29","date_gmt":"2026-03-01T00:03:29","guid":{"rendered":"https:\/\/modesthanim.com\/product\/yumusak-kirisik-sal-sicak-kahverengi\/"},"modified":"2026-04-15T22:01:29","modified_gmt":"2026-04-15T22:01:29","slug":"yumusak-kirisik-sal-sicak-kahverengi","status":"publish","type":"product","link":"https:\/\/mod.wisdar.net\/tr\/urun\/yumusak-kirisik-sal-sicak-kahverengi\/","title":{"rendered":"Yumu\u015fak K\u0131r\u0131\u015f\u0131k \u015eal S\u0131cak Kahverengi"},"content":{"rendered":"<p>\u00dct\u00fc gerektirmeyen kuma\u015f\u0131 sayesinde g\u00fcnl\u00fck ya\u015fam\u0131n\u0131zda kolayca \u015fekillendirip kullanabilece\u011finiz bir \u015fal. Mevsimsel kullan\u0131ma uygundur. Nefes alabilen, terlemeyi \u00f6nleyen kuma\u015ftan \u00fcretilmi\u015ftir. \u00d6l\u00e7\u00fc: 190&#215;74 cm<\/p>\n","protected":false},"excerpt":{"rendered":"<p>\u00dct\u00fc gerektirmeyen kuma\u015f\u0131 sayesinde g\u00fcnl\u00fck ya\u015fam\u0131n\u0131zda kolayca \u015fekillendirip kullanabilece\u011finiz bir \u015fal. Mevsimsel kullan\u0131ma uygundur. Nefes alabilen, terlemeyi \u00f6nleyen kuma\u015ftan \u00fcretilmi\u015ftir. \u00d6l\u00e7\u00fc: 190&#215;74 cm<\/p>\n","protected":false},"featured_media":160682,"comment_status":"open","ping_status":"closed","template":"","meta":[],"product_brand":[],"product_cat":[11122],"product_tag":[],"class_list":{"0":"post-160693","1":"product","2":"type-product","3":"status-publish","4":"has-post-thumbnail","6":"product_cat-esarp-sal","7":"pa_brand-he-qa","8":"pa_color-sicak-kahve","9":"pa_size-standart","11":"first","12":"outofstock","13":"shipping-taxable","14":"product-type-variable"},"_links":{"self":[{"href":"https:\/\/mod.wisdar.net\/tr\/wp-json\/wp\/v2\/product\/160693","targetHints":{"allow":["GET"]}}],"collection":[{"href":"https:\/\/mod.wisdar.net\/tr\/wp-json\/wp\/v2\/product"}],"about":[{"href":"https:\/\/mod.wisdar.net\/tr\/wp-json\/wp\/v2\/types\/product"}],"replies":[{"embeddable":true,"href":"https:\/\/mod.wisdar.net\/tr\/wp-json\/wp\/v2\/comments?post=160693"}],"wp:featuredmedia":[{"embeddable":true,"href":"https:\/\/mod.wisdar.net\/tr\/wp-json\/wp\/v2\/media\/160682"}],"wp:attachment":[{"href":"https:\/\/mod.wisdar.net\/tr\/wp-json\/wp\/v2\/media?parent=160693"}],"wp:term":[{"taxonomy":"product_brand","embeddable":true,"href":"https:\/\/mod.wisdar.net\/tr\/wp-json\/wp\/v2\/product_brand?post=160693"},{"taxonomy":"product_cat","embeddable":true,"href":"https:\/\/mod.wisdar.net\/tr\/wp-json\/wp\/v2\/product_cat?post=160693"},{"taxonomy":"product_tag","embeddable":true,"href":"https:\/\/mod.wisdar.net\/tr\/wp-json\/wp\/v2\/product_tag?post=160693"}],"curies":[{"name":"wp","href":"https:\/\/api.w.org\/{rel}","templated":true}]}}